{"id":980,"date":"2016-05-03T14:51:25","date_gmt":"2016-05-03T12:51:25","guid":{"rendered":"http:\/\/we-inform.de\/portal\/?page_id=980"},"modified":"2022-11-20T17:16:44","modified_gmt":"2022-11-20T16:16:44","slug":"projektvorstellung","status":"publish","type":"page","link":"https:\/\/we-inform.de\/portal\/de\/projektvorstellung\/","title":{"rendered":"Projektvorstellung"},"content":{"rendered":"<div class=\"fusion-fullwidth fullwidth-box fusion-fullwidth-1  fusion-parallax-none nonhundred-percent-fullwidth\" style=\"border-color:#eae9e9;border-bottom-width: 0px;border-top-width: 0px;border-bottom-style: solid;border-top-style: solid;padding-bottom:20px;padding-top:20px;padding-left:;padding-right:;\"><style type=\"text\/css\" scoped=\"scoped\">.fusion-fullwidth-1 {\r\n                            padding-left: px !important;\r\n                            padding-right: px !important;\r\n                        }<\/style><div class=\"fusion-row\"><p><strong>We.Inform &#8211; Welcome Information for Refugees and Immigrants<\/strong><\/p>\n<p>Das Projekt We.Inform wurde 2015 von Student:innen und Alumni der Bucerius Law School und Gefl\u00fcchteten gegr\u00fcndet. Damals war das Projektziel, so viele Menschen wie m\u00f6glich, die auf der Flucht vor Krieg und Missst\u00e4nden in Hamburg ankommen, mit Informationen rund um das Leben in Hamburg und das vielseitige Angebot an Initiativen f\u00fcr Gefl\u00fcchtete in der Hansestadt zu versorgen. Dabei ging es vor allem um Fragen wie &#8222;Wie stelle ich meinen Asylantrag?\u201c \u201eWo kann ich Deutsch lernen?\u201c und \u201eWas passiert, wenn ich krank werde?&#8220; Die gut aufgearbeiteten Antworten auf Fragen wie diese wurden dann \u00fcber eine Kombination aus Online-Information durch unsere Website und pers\u00f6nlicher Informationsvermittlung durch eigens geschulte, freiwillige Informationguides in den Unterk\u00fcnften weitergegeben. Zudem wurden alle Themen auf sechs verschiedene Sprachen \u00fcbersetzt, sodass Gefl\u00fcchtete die Informationen umgehend nach ihrer Ankunft in Hamburg auch ohne Deutschkenntnisse verwerten konnten. Alle 15 Themenflyer wurden auf Deutsch, Englisch, Arabisch, Farsi, Tigrinya und Zentral-Kurdisch \u00fcbersetzt. Im Sommer 2018 wurde die Sprachauswahl um die Sprache Russisch erweitert und Zentral-Kurdisch durch Kurmandschi (Kurdisch) ersetzt. Auf diesen Wegen konnten wir mehrsprachig, fl\u00e4chendeckend und niedrigschwellig \u00fcber Themen wie Asyl, Sprachkurse, Arbeit und Bildung, Gesundheit und Freizeitangebote informieren. Bis 2018 stand das Projekt zudem unter der Schirmherrschaft der Hamburger Sozialsenatorin Frau Dr. Melanie Leonhard.<\/p>\n<p>Nach einer umfassenden Evaluation 2018 war klar, dass sich der Bedarf der Gefl\u00fcchteten in Hamburg ver\u00e4ndert hat. Eine Anpassung der We.Inform-Angebote erfolgte, um weiterhin genau dort zu unterst\u00fctzen, wo Hilfe gebraucht wurde.<\/p>\n<p>We.Inform wurde zu einem Projekt weiterentwickelt, das sich die Erm\u00e4chtigung (Empowerment) von Menschen, die wenig oder keinen Zugang zu bestimmten komplexen Themengebieten haben, zum Ziel setzt. Es wurden Workshop- und Vortragsformate zu den Themen Lebenslauf und Aufenthaltsrecht erarbeitet. Diese sollten Gefl\u00fcchteten ein umfangreiches, tiefgehendes Wissen vermitteln und damit selbstbestimmtes Handeln f\u00f6rdern.<\/p>\n<p>Workshop und Vortrag wurden in Abstimmung mit Kooperationspartner:innen und weiteren Interessenten in daf\u00fcr geeigneten R\u00e4umlichkeiten durchgef\u00fchrt.<\/p>\n<p>2021 wurde die Website noch einmal grundlegend \u00fcberarbeitet und aktualisiert. 2022 wurden auch Informationen f\u00fcr ukrainische Gefl\u00fcchtete recherchiert, um sie unserem Informationsangebot hinzuzuf\u00fcgen.<\/p>\n<div class=\"fusion-one-half fusion-layout-column fusion-spacing-yes\" style=\"margin-top:0px;margin-bottom:0px;\"><div class=\"fusion-column-wrapper\"><div class=\"imageframe-align-center\"><div class=\"imageframe-liftup\"><span style=\"-moz-box-shadow: 2px 3px 7px rgba(0,0,0,.3);-webkit-box-shadow: 2px 3px 7px rgba(0,0,0,.3);box-shadow: 2px 3px 7px rgba(0,0,0,.3);\" class=\"fusion-imageframe imageframe-dropshadow imageframe-1\"> <img decoding=\"async\" src=\"https:\/\/we-inform.de\/portal\/wp-content\/uploads\/2016\/05\/Statement-1.png\" alt=\"\" class=\"img-responsive\"\/><\/span><\/div><\/div><div class=\"fusion-clearfix\"><\/div><\/div><\/div><div class=\"fusion-one-half fusion-layout-column fusion-column-last fusion-spacing-yes\" style=\"margin-top:0px;margin-bottom:0px;\"><div class=\"fusion-column-wrapper\"><div class=\"imageframe-align-center\"><div class=\"imageframe-liftup\"><span style=\"-moz-box-shadow: 2px 3px 7px rgba(0,0,0,.3);-webkit-box-shadow: 2px 3px 7px rgba(0,0,0,.3);box-shadow: 2px 3px 7px rgba(0,0,0,.3);\" class=\"fusion-imageframe imageframe-dropshadow imageframe-2\"> <img decoding=\"async\" src=\"https:\/\/we-inform.de\/portal\/wp-content\/uploads\/2016\/05\/Statement-2.png\" alt=\"\" class=\"img-responsive\"\/><\/span><\/div><\/div><div class=\"fusion-clearfix\"><\/div><\/div><\/div><div class=\"fusion-clearfix\"><\/div><div class=\"fusion-sep-clear\"><\/div><div class=\"fusion-separator fusion-full-width-sep sep-none\" style=\"border-color:#e0dede;margin-left: auto;margin-right: auto;margin-top:10px;margin-bottom:10px;\"><\/div><div class=\"fusion-one-half fusion-layout-column fusion-spacing-yes\" style=\"margin-top:0px;margin-bottom:0px;\"><div class=\"fusion-column-wrapper\"><div class=\"imageframe-align-center\"><div class=\"imageframe-liftup\"><span style=\"-moz-box-shadow: 2px 3px 7px rgba(0,0,0,.3);-webkit-box-shadow: 2px 3px 7px rgba(0,0,0,.3);box-shadow: 2px 3px 7px rgba(0,0,0,.3);\" class=\"fusion-imageframe imageframe-dropshadow imageframe-3\"> <img decoding=\"async\" src=\"https:\/\/we-inform.de\/portal\/wp-content\/uploads\/2016\/05\/Statement-3.png\" alt=\"\" class=\"img-responsive\"\/><\/span><\/div><\/div><div class=\"fusion-clearfix\"><\/div><\/div><\/div><div class=\"fusion-one-half fusion-layout-column fusion-column-last fusion-spacing-yes\" style=\"margin-top:0px;margin-bottom:0px;\"><div class=\"fusion-column-wrapper\"><div class=\"imageframe-align-center\"><div class=\"imageframe-liftup\"><span style=\"-moz-box-shadow: 2px 3px 7px rgba(0,0,0,.3);-webkit-box-shadow: 2px 3px 7px rgba(0,0,0,.3);box-shadow: 2px 3px 7px rgba(0,0,0,.3);\" class=\"fusion-imageframe imageframe-dropshadow imageframe-4\"> <img decoding=\"async\" src=\"https:\/\/we-inform.de\/portal\/wp-content\/uploads\/2016\/05\/Statement-4.png\" alt=\"\" class=\"img-responsive\"\/><\/span><\/div><\/div><div class=\"fusion-clearfix\"><\/div><\/div><\/div><div class=\"fusion-clearfix\"><\/div><\/div><\/div>\n","protected":false},"excerpt":{"rendered":"","protected":false},"author":3,"featured_media":0,"parent":0,"menu_order":0,"comment_status":"closed","ping_status":"closed","template":"","meta":{"footnotes":""},"class_list":["post-980","page","type-page","status-publish","hentry"],"_links":{"self":[{"href":"https:\/\/we-inform.de\/portal\/wp-json\/wp\/v2\/pages\/980"}],"collection":[{"href":"https:\/\/we-inform.de\/portal\/wp-json\/wp\/v2\/pages"}],"about":[{"href":"https:\/\/we-inform.de\/portal\/wp-json\/wp\/v2\/types\/page"}],"author":[{"embeddable":true,"href":"https:\/\/we-inform.de\/portal\/wp-json\/wp\/v2\/users\/3"}],"replies":[{"embeddable":true,"href":"https:\/\/we-inform.de\/portal\/wp-json\/wp\/v2\/comments?post=980"}],"version-history":[{"count":21,"href":"https:\/\/we-inform.de\/portal\/wp-json\/wp\/v2\/pages\/980\/revisions"}],"predecessor-version":[{"id":8319,"href":"https:\/\/we-inform.de\/portal\/wp-json\/wp\/v2\/pages\/980\/revisions\/8319"}],"wp:attachment":[{"href":"https:\/\/we-inform.de\/portal\/wp-json\/wp\/v2\/media?parent=980"}],"curies":[{"name":"wp","href":"https:\/\/api.w.org\/{rel}","templated":true}]}}