{"id":8224,"date":"2023-02-01T16:15:10","date_gmt":"2023-02-01T15:15:10","guid":{"rendered":"https:\/\/we-inform.de\/portal\/?page_id=8224"},"modified":"2023-06-13T12:59:07","modified_gmt":"2023-06-13T10:59:07","slug":"rechtsanwaeltinnen-im-migrationsrecht","status":"publish","type":"page","link":"https:\/\/we-inform.de\/portal\/de\/rechtsanwaeltinnen-im-migrationsrecht\/","title":{"rendered":"Rechtsanw\u00e4lt:innen im Migrationsrecht"},"content":{"rendered":"\n<p>Hier eine Liste einiger Rechtsanw\u00e4lt:innen im Migrationsrecht in Hamburg, die Sie beraten und vertreten k\u00f6nnen:<\/p>\n\n\n\n<ul class=\"wp-block-list\">\n<li>Rechtsanwalt Markus Prottung, Waitzstra\u00dfe 8, Tel.: +49 40 89724712, Mail: <a href=\"mailto:mail@ra-prottung.de\">mail@ra-prottung.de<\/a>, Schwerpunkte: Aufenthaltsrecht, Staatsangeh\u00f6rigkeitsrecht, Sprachen: Deutsch, Englisch<\/li>\n<\/ul>\n\n\n\n<p><\/p>\n\n\n\n<ul class=\"wp-block-list\">\n<li>Dipl. Bacc. Jur. Nakibe Ademi, Lilienstra\u00dfe 36, Tel.: +49 40 89064843, Mail: <a href=\"mailto:kanzlei@rain-ademi.de\">kanzlei@rain-ademi.de<\/a>, Schwerpunkte: Migrationsrecht, Strafrecht, Arbeitsrecht, Sprachen: Deutsch, Albanisch, Serbisch, Englisch, Spanisch<\/li>\n<\/ul>\n\n\n\n<p><\/p>\n\n\n\n<ul class=\"wp-block-list\">\n<li>Rechtsanwalt Kadir Katran, Kroonhorst 9d, Tel.: +49 40 24433314, Mail: <a href=\"mailto:ra@kadirkatran.de\">ra@kadirkatran.de<\/a>, Schwerpunkt: Migrationsrecht, Sprachen: Deutsch, Englisch, T\u00fcrkisch<\/li>\n<\/ul>\n\n\n\n<p><\/p>\n\n\n\n<ul class=\"wp-block-list\">\n<li>Constanze Zander-B\u00f6hm, Kanzlei am Winterhuder Markt, Alsterdorfer Str. 2a, Tel.: +49 40 414334500, Mail: <a href=\"mailto:kanzlei@bgzb.de\">kanzlei@bgzb.de<\/a>, <a href=\"http:\/\/www.bgzb.de\" data-type=\"URL\" data-id=\"www.bgzb.de\" target=\"_blank\" rel=\"noreferrer noopener\">www.bgzb.de<\/a>, Schwerpunkte: Migrationsrecht, Sozialrecht, Sprachen: Deutsch, Englisch, Franz\u00f6sisch<\/li>\n<\/ul>\n\n\n\n<p><\/p>\n\n\n\n<ul class=\"wp-block-list\">\n<li>Stefan Wessler, Adenauerallee 8, Tel.: +49 40 2802778, Mail: <a href=\"mailto:ra.wessler.stefan@gmx.de\">ra.wessler.stefan@gmx.de<\/a>, Schwerpunkte: Ausl\u00e4nder- und Asylrecht, Migrationsrecht, Familienrecht, Sprachen: Deutsch, Englisch<\/li>\n<\/ul>\n\n\n\n<p><\/p>\n\n\n\n<ul class=\"wp-block-list\">\n<li>Bahram Ardehali, Zirkusweg 1, Tel.: +49 40 63865120, Mail: <a href=\"mailto:kanzlei@ardehali.de\">kanzlei@ardehali.de<\/a>, Schwerpunkte: Aufenthaltsrecht &#8211; Fachkr\u00e4ftemigration, Bildungsmigration, Business-Migration, Familiennachzug, Aufenthaltsverfestigung, Sprachen: Deutsch, Englisch, Farsi<\/li>\n<\/ul>\n\n\n\n<p><\/p>\n\n\n\n<ul class=\"wp-block-list\">\n<li>Rechtsanwalt \u00dcnal Zeran, Haubachstra\u00dfe 74, Tel.: +49 40 43135110, Mail: <a href=\"mailto:zeran@bg124.de\">zeran@bg124.de<\/a>, <a rel=\"noreferrer noopener\" href=\"http:\/\/www.bg124.de\" data-type=\"URL\" data-id=\"www.bg124.de\" target=\"_blank\">www.bg124.de<\/a>, Schwerpunkt: Aufenthaltsrecht, Fachkr\u00e4fte, Freiz\u00fcgigkeit\/EU, Staatsangeh\u00f6rigkeitsrecht (kein Asylrecht), Sprachen: Deutsch, Englisch, T\u00fcrkisch<\/li>\n<\/ul>\n\n\n\n<p><\/p>\n\n\n\n<ul class=\"wp-block-list\">\n<li>Aisha Irshad, Veritaskai 8, 4. OG, Tel.\/WhatsApp: +49 174 9819573, Mail: <a href=\"mailto:info@irshad-legal.de\">info@irshad-legal.de<\/a>, <a href=\"http:\/\/www.irshad-legal.de\" data-type=\"URL\" data-id=\"www.irshad-legal.de\" target=\"_blank\" rel=\"noreferrer noopener\">www.irshad-legal.de<\/a>, Schwerpunkte: Asylrecht, Aufenthaltsrecht, Unionsrecht, ARB-Recht, Ausweisung, Abschiebungshaft Sprachen: Arabisch, Kurdisch, Urdu, Hindi, Punjabi, Englisch, mit Dolmetscher: Farsi, Dari, Pashto<\/li>\n<\/ul>\n\n\n\n<p><\/p>\n\n\n\n<ul class=\"wp-block-list\">\n<li>Michael Leipold, Steindamm 62, Tel.: +49 40 35714734, Mail: <a href=\"mailto:info@kanzlei-leipold.de\">info@kanzlei-leipold.de<\/a>, <a href=\"http:\/\/www.kanzlei-leipold.de\" data-type=\"URL\" data-id=\"www.kanzlei-leipold.de\" target=\"_blank\" rel=\"noreferrer noopener\">www.kanzlei-leipold.de<\/a>, Schwerpunkte: Migrationsrecht, Strafrecht, Familienrecht Sprachen: Deutsch, Englisch, Farsi, Spanisch<\/li>\n<\/ul>\n\n\n\n<p><\/p>\n\n\n\n<ul class=\"wp-block-list\">\n<li>Rechtsanwalt Tobias Kiwitt, Rissener Stra\u00dfe 11 (Wedel), Tel.: +49 41037030361, Mail: <a href=\"mailto:contact@anwalt-medires.de\">contact@anwalt-medires.de<\/a>, <a href=\"http:\/\/www.anwalt-medires.de\" data-type=\"URL\" data-id=\"www.anwalt-medires.de\">www.anwalt-medires.de<\/a>, Schwerpunkte: Asylrecht, politische Verfolgung, Sprachen: Deutsch, Englisch<\/li>\n<\/ul>\n\n\n\n<p>Beratungen von Anw\u00e4lt:innen sind nicht kostenfrei. Fragen Sie bei der Terminvereinbarung nach, was Sie mitbringen sollen.<\/p>\n\n\n\n<p>Bitte weisen Sie uns darauf hin, falls die hier aufgef\u00fchrten Informationen nicht mehr aktuell sind: <a href=\"https:\/\/we-inform.de\/portal\/de\/kontakt\/\">https:\/\/we-inform.de\/portal\/de\/kontakt\/<\/a><\/p>\n","protected":false},"excerpt":{"rendered":"<p>Hier eine Liste einiger Rechtsanw\u00e4lt:innen im Migrationsrecht in Hamburg, die Sie beraten und vertreten k\u00f6nnen: Beratungen von Anw\u00e4lt:innen sind nicht kostenfrei. Fragen Sie bei der Terminvereinbarung nach, was Sie mitbringen sollen. Bitte weisen Sie uns darauf hin, falls die hier aufgef\u00fchrten Informationen nicht mehr aktuell sind: https:\/\/we-inform.de\/portal\/de\/kontakt\/<\/p>\n","protected":false},"author":35,"featured_media":0,"parent":0,"menu_order":0,"comment_status":"closed","ping_status":"closed","template":"","meta":{"footnotes":""},"class_list":["post-8224","page","type-page","status-publish","hentry"],"_links":{"self":[{"href":"https:\/\/we-inform.de\/portal\/wp-json\/wp\/v2\/pages\/8224"}],"collection":[{"href":"https:\/\/we-inform.de\/portal\/wp-json\/wp\/v2\/pages"}],"about":[{"href":"https:\/\/we-inform.de\/portal\/wp-json\/wp\/v2\/types\/page"}],"author":[{"embeddable":true,"href":"https:\/\/we-inform.de\/portal\/wp-json\/wp\/v2\/users\/35"}],"replies":[{"embeddable":true,"href":"https:\/\/we-inform.de\/portal\/wp-json\/wp\/v2\/comments?post=8224"}],"version-history":[{"count":6,"href":"https:\/\/we-inform.de\/portal\/wp-json\/wp\/v2\/pages\/8224\/revisions"}],"predecessor-version":[{"id":8600,"href":"https:\/\/we-inform.de\/portal\/wp-json\/wp\/v2\/pages\/8224\/revisions\/8600"}],"wp:attachment":[{"href":"https:\/\/we-inform.de\/portal\/wp-json\/wp\/v2\/media?parent=8224"}],"curies":[{"name":"wp","href":"https:\/\/api.w.org\/{rel}","templated":true}]}}