{"id":7223,"date":"2022-01-13T15:48:43","date_gmt":"2022-01-13T14:48:43","guid":{"rendered":"https:\/\/we-inform.de\/portal\/?page_id=7223"},"modified":"2022-01-13T20:00:04","modified_gmt":"2022-01-13T19:00:04","slug":"asyl-und-anhoerung-kmr","status":"publish","type":"page","link":"https:\/\/we-inform.de\/portal\/kmr\/asyl-und-anhoerung-kmr\/","title":{"rendered":"Penaber\u00ee \u00fb Mehkeme &#8211; Asyl und Anh\u00f6rung"},"content":{"rendered":"<div class=\"fusion-fullwidth fullwidth-box fusion-fullwidth-1  fusion-parallax-none nonhundred-percent-fullwidth\" style=\"border-color:#eae9e9;border-bottom-width: 0px;border-top-width: 0px;border-bottom-style: solid;border-top-style: solid;padding-bottom:20px;padding-top:20px;padding-left:;padding-right:;background-color:#d8d8d8;\"><style type=\"text\/css\" scoped=\"scoped\">.fusion-fullwidth-1 {\r\n                            padding-left: px !important;\r\n                            padding-right: px !important;\r\n                        }<\/style><div class=\"fusion-row\"><div class=\"fusion-one-full fusion-layout-column fusion-column-last fusion-spacing-yes\" style=\"margin-top:0px;margin-bottom:0px;\"><div class=\"fusion-column-wrapper\"><div class=\"fusion-title title fusion-sep-none fusion-title-size-one\"><h1 class=\"title-heading-left\"><\/h1><\/div><div class=\"fusion-clearfix\"><\/div><\/div><\/div><div class=\"fusion-clearfix\"><\/div><div class=\"fusion-one-full fusion-layout-column fusion-column-last fusion-spacing-yes\" style=\"margin-top:0px;margin-bottom:0px;\"><div class=\"fusion-column-wrapper\"><div class=\"fusion-content-boxes content-boxes columns fusion-columns-2 fusion-columns-total-2 fusion-content-boxes-1 content-boxes-icon-with-title row content-left\" data-animationOffset=\"100%\" style=\"margin-top:0px;margin-bottom:60px;\"><style type=\"text\/css\" scoped=\"scoped\">\r\n\t\t\t.fusion-content-boxes-1 .fusion-content-box-hover .link-area-link-icon-hover .heading h2,\r\n\t\t\t.fusion-content-boxes-1 .fusion-content-box-hover .link-area-link-icon-hover .heading .heading-link h2,\r\n\t\t\t.fusion-content-boxes-1 .fusion-content-box-hover .link-area-box-hover .heading h2,\r\n\t\t\t.fusion-content-boxes-1 .fusion-content-box-hover .link-area-box-hover .heading .heading-link h2,\r\n\t\t\t.fusion-content-boxes-1 .fusion-content-box-hover .link-area-link-icon-hover.link-area-box .fusion-read-more,\r\n\t\t\t.fusion-content-boxes-1 .fusion-content-box-hover .link-area-link-icon-hover.link-area-box .fusion-read-more::after,\r\n\t\t\t.fusion-content-boxes-1 .fusion-content-box-hover .link-area-link-icon-hover.link-area-box .fusion-read-more::before,\r\n\t\t\t.fusion-content-boxes-1 .fusion-content-box-hover .fusion-read-more:hover:after,\r\n\t\t\t.fusion-content-boxes-1 .fusion-content-box-hover .fusion-read-more:hover:before,\r\n\t\t\t.fusion-content-boxes-1 .fusion-content-box-hover .fusion-read-more:hover,\r\n\t\t\t.fusion-content-boxes-1 .fusion-content-box-hover .link-area-box-hover.link-area-box .fusion-read-more,\r\n\t\t\t.fusion-content-boxes-1 .fusion-content-box-hover .link-area-box-hover.link-area-box .fusion-read-more::after,\r\n\t\t\t.fusion-content-boxes-1 .fusion-content-box-hover .link-area-box-hover.link-area-box .fusion-read-more::before,\t\t\t\r\n\t\t\t.fusion-content-boxes-1 .fusion-content-box-hover .link-area-link-icon-hover .icon .circle-no,\r\n\t\t\t.fusion-content-boxes-1 .fusion-content-box-hover .link-area-box-hover .icon .circle-no {\r\n\t\t\t\tcolor: #000000 !important;\r\n\t\t\t}\r\n\t\t\t.fusion-content-boxes-1 .fusion-content-box-hover .heading-link:hover .icon i.circle-yes,\r\n\t\t\t.fusion-content-boxes-1 .fusion-content-box-hover .link-area-box:hover .heading-link .icon i.circle-yes,\r\n\t\t\t.fusion-content-boxes-1 .fusion-content-box-hover .link-area-link-icon-hover .heading .icon i.circle-yes,\r\n\t\t\t.fusion-content-boxes-1 .fusion-content-box-hover .link-area-box-hover .heading .icon i.circle-yes {\r\n\t\t\t\tbackground-color: #000000 !important;\r\n\t\t\t\tborder-color: #000000 !important;\r\n\t\t\t}<\/style><div class=\"fusion-column content-box-column content-box-column-1 col-lg-6 col-md-6 col-sm-6 fusion-content-box-hover content-box-column-first-in-row\"><div class=\"col content-wrapper-background link-area-link-icon link-type-text icon-hover-animation-fade\" style=\"background-color:#ffffff;\"><div class=\"heading heading-with-icon icon-left\"><a class=\"heading-link\" href=\"\/portal\/kmr\/asyl-kmr\/\" target=\"_self\"><div class=\"image\"><img loading=\"lazy\" decoding=\"async\" src=\"http:\/\/we-inform.de\/portal\/wp-content\/uploads\/2016\/01\/Asyl_blau.png\" width=\"60\" height=\"60\" alt=\"\" \/><\/div><h2 class=\"content-box-heading\" style=\"font-size: 32px;line-height:37px;\">Penaber\u00ee<\/h2><\/a><\/div><div class=\"fusion-clearfix\"><\/div><div class=\"content-container\">\n<p><a href=\"\/portal\/kmr\/asyl-kmr\/\"><img loading=\"lazy\" decoding=\"async\" class=\"alignnone wp-image-1011 size-full\" src=\"https:\/\/we-inform.de\/portal\/wp-content\/uploads\/2016\/01\/fotolia_98591117-1.png\" alt=\"\" width=\"600\" height=\"334\"><\/a><\/p>\n<p>Li Hamburg\u00ea, qeydkirin \u00fb p\u00eavajoya penaberiy\u00ea \u00e7awa dixebite, k\u00eejan navend\u00ean \u015f\u00eawirmendiy\u00ea hene? Agahiy\u00ean li ser p\u00eavajoya penaberiy\u00ea li Hamburg\u00ea bib\u00eene.<\/p>\n<div class=\"fusion-clearfix\"><\/div><a class=\"fusion-read-more\" href=\"\/portal\/kmr\/asyl-kmr\/\" target=\"_self\">Mehr erfahren<\/a><div class=\"fusion-clearfix\"><\/div><\/div><\/div><\/div><div class=\"fusion-column content-box-column content-box-column-2 col-lg-6 col-md-6 col-sm-6 fusion-content-box-hover content-box-column-last content-box-column-last-in-row\"><div class=\"col content-wrapper-background link-area-link-icon link-type-text icon-hover-animation-fade\" style=\"background-color:#ffffff;\"><div class=\"heading heading-with-icon icon-left\"><a class=\"heading-link\" href=\"\/portal\/kmr\/anhoerung-kmr\/\" target=\"_self\"><div class=\"image\"><img loading=\"lazy\" decoding=\"async\" src=\"http:\/\/we-inform.de\/portal\/wp-content\/uploads\/2016\/01\/Asyl_blau.png\" width=\"60\" height=\"60\" alt=\"\" \/><\/div><h2 class=\"content-box-heading\" style=\"font-size: 32px;line-height:37px;\">Mehkeme le ser sedm\u00ean rev\u00ea<\/h2><\/a><\/div><div class=\"fusion-clearfix\"><\/div><div class=\"content-container\">\n<p><a href=\"\/portal\/kmr\/anhoerung-kmr\/\"><img loading=\"lazy\" decoding=\"async\" class=\"alignnone wp-image-1012 size-full\" src=\"https:\/\/we-inform.de\/portal\/wp-content\/uploads\/2016\/01\/fotolia_98591117-1.png\" alt=\"\" width=\"600\" height=\"334\"><\/a><\/p>\n<p>P\u00eavajoya r\u00fbni\u015ftina bih\u00eestin\u00ea \u00e7i ye \u00fb ez \u00e7awa dikarim xwe bi r\u00eak \u00fb p\u00eak amade bikim? Li ser r\u00fbni\u015ftina bih\u00eestina sedem\u00ean rev\u00een\u00ea li Hamburg\u00ea agah\u00ee bib\u00eene.<\/p>\n<div class=\"fusion-clearfix\"><\/div><a class=\"fusion-read-more\" href=\"\/portal\/kmr\/anhoerung-kmr\/\" target=\"_self\">Mehr erfahren<\/a><div class=\"fusion-clearfix\"><\/div><\/div><\/div><\/div><div class=\"fusion-clearfix\"><\/div><div class=\"fusion-clearfix\"><\/div><\/div><div class=\"fusion-clearfix\"><\/div><\/div><\/div><div class=\"fusion-clearfix\"><\/div><\/div><\/div>\n","protected":false},"excerpt":{"rendered":"","protected":false},"author":35,"featured_media":0,"parent":0,"menu_order":0,"comment_status":"closed","ping_status":"closed","template":"100-width.php","meta":{"footnotes":""},"class_list":["post-7223","page","type-page","status-publish","hentry"],"_links":{"self":[{"href":"https:\/\/we-inform.de\/portal\/wp-json\/wp\/v2\/pages\/7223"}],"collection":[{"href":"https:\/\/we-inform.de\/portal\/wp-json\/wp\/v2\/pages"}],"about":[{"href":"https:\/\/we-inform.de\/portal\/wp-json\/wp\/v2\/types\/page"}],"author":[{"embeddable":true,"href":"https:\/\/we-inform.de\/portal\/wp-json\/wp\/v2\/users\/35"}],"replies":[{"embeddable":true,"href":"https:\/\/we-inform.de\/portal\/wp-json\/wp\/v2\/comments?post=7223"}],"version-history":[{"count":5,"href":"https:\/\/we-inform.de\/portal\/wp-json\/wp\/v2\/pages\/7223\/revisions"}],"predecessor-version":[{"id":7298,"href":"https:\/\/we-inform.de\/portal\/wp-json\/wp\/v2\/pages\/7223\/revisions\/7298"}],"wp:attachment":[{"href":"https:\/\/we-inform.de\/portal\/wp-json\/wp\/v2\/media?parent=7223"}],"curies":[{"name":"wp","href":"https:\/\/api.w.org\/{rel}","templated":true}]}}