{"id":5849,"date":"2018-12-05T16:32:01","date_gmt":"2018-12-05T15:32:01","guid":{"rendered":"http:\/\/we-inform.de\/portal\/?page_id=5849"},"modified":"2024-03-22T12:51:29","modified_gmt":"2024-03-22T11:51:29","slug":"hearing","status":"publish","type":"page","link":"https:\/\/we-inform.de\/portal\/en\/hearing\/","title":{"rendered":"Hearing on Reasons for Fleeing\/ Anh\u00f6rung \u00fcber Fluchtgr\u00fcnde"},"content":{"rendered":"<div class=\"fusion-fullwidth fullwidth-box fusion-fullwidth-1  fusion-parallax-none hundred-percent-fullwidth\" style=\"border-color:#eae9e9;border-bottom-width: 0px;border-top-width: 0px;border-bottom-style: solid;border-top-style: solid;padding-bottom:135px;padding-top:135px;padding-left:;padding-right:;background-color:#02a4d5;background-position:center center;background-repeat:no-repeat;-webkit-background-size:cover;-moz-background-size:cover;-o-background-size:cover;background-size:cover;-ms-filter: &quot;progid:DXImageTransform.Microsoft.AlphaImageLoader(src=&#039;http:\/\/we-inform.de\/portal\/wp-content\/uploads\/2018\/06\/Asyl-1.jpg&#039;, sizingMethod=&#039;scale&#039;)&quot;;background-image: url(http:\/\/we-inform.de\/portal\/wp-content\/uploads\/2018\/06\/Asyl-1.jpg);\"><style type=\"text\/css\" scoped=\"scoped\">.fusion-fullwidth-1 {\r\n                            padding-left: px !important;\r\n                            padding-right: px !important;\r\n                        }<\/style><div class=\"fusion-row\"><div class=\"fusion-one-full fusion-layout-column fusion-column-last fusion-spacing-yes\" style=\"margin-top:0px;margin-bottom:0px;\"><div class=\"fusion-column-wrapper\"><h1 style=\"text-align: center;\"><\/h1>\n<div class=\"fusion-clearfix\"><\/div><\/div><\/div><div class=\"fusion-clearfix\"><\/div><\/div><\/div><div class=\"fusion-section-separator section-separator\" style=\"border-bottom:20px solid #02a4d5;\"><div class=\"divider-candy-arrow bottom\" style=\"top:20px;border-top-color: #02a4d5;\"><\/div><div class=\"divider-candy bottom\" style=\"bottom:-40px;border-bottom:1px solid #02a4d5;border-left:1px solid #02a4d5;\"><\/div><\/div><div class=\"fusion-fullwidth fullwidth-box fusion-fullwidth-2  fusion-parallax-none nonhundred-percent-fullwidth\" style=\"border-color:#eae9e9;border-bottom-width: 0px;border-top-width: 0px;border-bottom-style: solid;border-top-style: solid;padding-bottom:20px;padding-top:20px;padding-left:80px;padding-right:80px;\"><style type=\"text\/css\" scoped=\"scoped\">.fusion-fullwidth-2 {\r\n                            padding-left: 80px !important;\r\n                            padding-right: 80px !important;\r\n                        }<\/style><div class=\"fusion-row\"><div class=\"fusion-one-full fusion-layout-column fusion-column-last fusion-spacing-yes\" style=\"margin-top:0px;margin-bottom:0px;\"><div class=\"fusion-column-wrapper\" style=\"background-color:#c6c6c6;padding:18px;\"><div class=\"fusion-column-table\"><div class=\"fusion-column-tablecell\"><h6><span style=\"color: #000000;\"><span class=\"TextRun SCXW16514959\" lang=\"DE-DE\" xml:lang=\"DE-DE\"><span class=\"NormalTextRun SCXW16514959\">The hearing: the crucial part of the asylum procedure<\/span><\/span><span class=\"TextRun SCXW16514959\" lang=\"DE-DE\" xml:lang=\"DE-DE\"><span class=\"NormalTextRun SCXW16514959\">&nbsp;<\/span><\/span><span class=\"EOP SCXW16514959\" data-ccp-props=\"{\">&nbsp;<\/span><\/span><\/h6>\n<div class=\"fusion-clearfix\"><\/div><\/div><\/div><\/div><\/div><div class=\"fusion-clearfix\"><\/div><div class=\"fusion-sep-clear\"><\/div><div class=\"fusion-separator fusion-full-width-sep sep-none\" style=\"border-color:#e0dede;margin-left: auto;margin-right: auto;margin-top:;margin-bottom:15px;\"><\/div><div class=\"fusion-one-half fusion-layout-column fusion-spacing-yes\" style=\"margin-top:0px;margin-bottom:0px;\"><div class=\"fusion-column-wrapper\"><div class=\"page\" title=\"Page 1\">\n<p>This flyer is intended to help you prepare for your <strong><span class=\"EOP SCXW115990480\" data-ccp-props=\"{\"><span style=\"color: #02a4d5;\">hearing on reasons for fleeing.<\/span><\/span><\/strong><\/p>\n<p>If you are required to talk about your travel route, you will have a&nbsp;<span class=\"EOP SCXW115990480\" data-ccp-props=\"{\"><span style=\"color: #02a4d5;\">Dublin-III-hearing<\/span><\/span>. During the Dublin hearing, the BAMF (Federal Office for Migration and Refugees) will decide whether your asylum procedure will be carried out in Germany or another EU country.<\/p>\n<p>The hearings about your path of travel and reasons for fleeing generally take place on two different dates, but they can also coincide.<\/p>\n<p>The hearing is a<span class=\"EOP SCXW115990480\" data-ccp-props=\"{\"><span style=\"color: #02a4d5;\">&nbsp;very important appointment<\/span><\/span>. It is essential that you attend the hearing and prepare well. If you are ill and therefore unable to attend, you must inform the BAMF as soon as possible and submit a medical certificate.<\/p>\n<\/div>\n<div class=\"fusion-clearfix\"><\/div><\/div><\/div><div class=\"fusion-one-half fusion-layout-column fusion-column-last fusion-spacing-yes\" style=\"margin-top:0px;margin-bottom:0px;\"><div class=\"fusion-column-wrapper\"><div title=\"Page 1\">\n<div class=\"page\" title=\"Page 1\">\n<div class=\"layoutArea\">\n<div class=\"column\">\n<p><strong>The Federal Office decides whether to grant you protection status in Germany on the basis of your statement.<\/strong> If you fail to attend the hearing and do not provide a reason, the asylum procedure may be terminated.<\/p>\n<p>If the BAMF decides in your favour, the following <span style=\"color: #02a4d5;\">protection status&nbsp;<\/span>may be granted:<\/p>\n<p><span style=\"color: #02a4d5;\">Asyl (asylum): <\/span> If you are being persecuted because of an individual characteristic and have come to Germany directly.<\/p>\n<p><span style=\"color: #02a4d5;\">GFK Fl\u00fcchtlingseigenschaft (refugee status):&nbsp;<\/span>If you have been pursued due to an individual feature.<\/p>\n<p><span style=\"color: #02a4d5;\">Subsidi\u00e4ren Schutz (subsidiary protection):<\/span> If you are at risk of serious harm, e.g. due to civil war.<\/p>\n<p><span style=\"color: #02a4d5;\">Abschiebungsverbot (deportation ban):&nbsp;<\/span>If there is a specific threat to your life, physical condition or freedom.<\/p>\n<\/div>\n<\/div>\n<\/div>\n<\/div>\n<div class=\"fusion-clearfix\"><\/div><\/div><\/div><div class=\"fusion-clearfix\"><\/div><\/div><\/div><div class=\"fusion-fullwidth fullwidth-box fusion-fullwidth-3  fusion-parallax-none nonhundred-percent-fullwidth\" style=\"border-color:#eae9e9;border-bottom-width: 0px;border-top-width: 0px;border-bottom-style: solid;border-top-style: solid;padding-bottom:20px;padding-top:20px;padding-left:80px;padding-right:80px;\"><style type=\"text\/css\" scoped=\"scoped\">.fusion-fullwidth-3 {\r\n                            padding-left: 80px !important;\r\n                            padding-right: 80px !important;\r\n                        }<\/style><div class=\"fusion-row\"><div class=\"fusion-one-full fusion-layout-column fusion-column-last fusion-spacing-yes\" style=\"margin-top:0px;margin-bottom:0px;\"><div class=\"fusion-column-wrapper\" style=\"background-color:#c6c6c6;padding:18px;\"><div class=\"fusion-column-table\"><div class=\"fusion-column-tablecell\"><div class=\"page\" title=\"Page 1\">\n<div class=\"section\">\n<div class=\"layoutArea\">\n<div class=\"column\">\n<div class=\"page\" title=\"Page 1\">\n<div class=\"layoutArea\">\n<h6 class=\"column\"><span style=\"color: #000000;\">Situation of the hearing and preparation<\/span><\/h6>\n<\/div>\n<\/div>\n<\/div>\n<\/div>\n<\/div>\n<\/div>\n<div class=\"fusion-clearfix\"><\/div><\/div><\/div><\/div><\/div><div class=\"fusion-clearfix\"><\/div><div class=\"fusion-sep-clear\"><\/div><div class=\"fusion-separator fusion-full-width-sep sep-none\" style=\"border-color:#e0dede;margin-left: auto;margin-right: auto;margin-top:;margin-bottom:15px;\"><\/div><div class=\"fusion-one-half fusion-layout-column fusion-spacing-yes\" style=\"margin-top:0px;margin-bottom:0px;\"><div class=\"fusion-column-wrapper\"><div class=\"page\" title=\"Page 1\">\n<div class=\"page\" title=\"Page 1\">\n<div class=\"layoutArea\">\n<div class=\"column\">\n<p><strong>Who will be there?<\/strong><\/p>\n<p>The hearing will take place in a BAMF office.<\/p>\n<p>A BAMF <span style=\"color: #02a4d5;\">employee&nbsp;<\/span>will conduct your hearing. If you are a minor or are the victim of traumatic experiencies, you should inform the BAMF in advance. You have the right to request an employee who is specially trained to deal with your type of situation. If you have been persecuted because of your gender, you can request a person of the same gender to conduct the hearing (the same applies for the interpreter).<\/p>\n<p>You can bring <span style=\"color: #02a4d5;\">someone with you&nbsp;<\/span>to support you during the hearing.&nbsp;The person should not be an asylum seeker and must bring a form of identification with them. You should inform the BAMF in advance about who is accompanying you. You can also bring a <span style=\"color: #02a4d5;\">lawyer <\/span>with you to the hearing. If you are under 18, you must be accompanied by your <span style=\"color: #02a4d5;\">guardian.<\/span><\/p>\n<p>An <span style=\"color: #02a4d5;\">interpreter&nbsp;<\/span>will be present. The interpreter will translate exactly what you say. If you do not fully understand the interpreter or feel that they are not translating correctly, you must voice your concerns. The problem must be included in the records. If the communication is very poor, you should insist on a different interpreter. It may be that the hearing will be postponed.<\/p>\n<\/div>\n<\/div>\n<\/div>\n<\/div>\n<div class=\"fusion-clearfix\"><\/div><\/div><\/div><div class=\"fusion-one-half fusion-layout-column fusion-column-last fusion-spacing-yes\" style=\"margin-top:0px;margin-bottom:0px;\"><div class=\"fusion-column-wrapper\"><div class=\"page\" title=\"Page 2\">\n<div class=\"layoutArea\">\n<p><strong>How will the hearing be documented?<\/strong><\/p>\n<\/div>\n<div class=\"layoutArea\">\n<div class=\"column\">\n<p>Bring all of your <span style=\"color: #02a4d5;\">own documents&nbsp;<\/span>which provide evidence of the most important events (e.g. letters, official correspondence, deeds, certificates, photos).&nbsp; It&#8217;s best to translate the texts in advance and print out photos. You can also submit videos and photos on a memory stick or show them on your phone.<\/p>\n<\/div>\n<\/div>\n<div class=\"layoutArea\">\n<div class=\"column\">\n<p><span style=\"color: #02a4d5;\">A&nbsp;<\/span><span style=\"color: #02a4d5;\">record&nbsp;<\/span> of your statement will be made during the hearing.<\/p>\n<p style=\"text-align: center;\"><span style=\"color: #02a4d5;\">This protocol is very important, as it forms the basis of your protection status decision.<\/span><\/p>\n<p style=\"text-align: left;\">The record will be in German. At the end of the hearing, you will be asked if you would like a copy of the record in your own language. You should definitely accept this offer. Use this opportunity to check that everything was written down in the way you intended. Add any details you forgot to mention and correct mistakes. A later correction is hardly possible. Finally, you will be asked to sign the record. Request for a copy of the record to be sent to you in the post before the decision.<\/p>\n<\/div>\n<\/div>\n<\/div>\n<div class=\"fusion-clearfix\"><\/div><\/div><\/div><div class=\"fusion-clearfix\"><\/div><\/div><\/div><div class=\"fusion-fullwidth fullwidth-box fusion-fullwidth-4  fusion-parallax-none nonhundred-percent-fullwidth\" style=\"border-color:#eae9e9;border-bottom-width: 0px;border-top-width: 0px;border-bottom-style: solid;border-top-style: solid;padding-bottom:20px;padding-top:20px;padding-left:80px;padding-right:80px;\"><style type=\"text\/css\" scoped=\"scoped\">.fusion-fullwidth-4 {\r\n                            padding-left: 80px !important;\r\n                            padding-right: 80px !important;\r\n                        }<\/style><div class=\"fusion-row\"><div class=\"fusion-one-full fusion-layout-column fusion-column-last fusion-spacing-yes\" style=\"margin-top:0px;margin-bottom:0px;\"><div class=\"fusion-column-wrapper\" style=\"background-color:#c6c6c6;padding:18px;\"><div class=\"fusion-column-table\"><div class=\"fusion-column-tablecell\"><div class=\"page\" title=\"Page 1\">\n<div class=\"section\">\n<div class=\"layoutArea\">\n<div class=\"column\">\n<div class=\"page\" title=\"Page 2\">\n<div class=\"layoutArea\">\n<div class=\"column\">\n<h6><span style=\"color: #000000;\">The conversation<\/span><\/h6>\n<\/div>\n<\/div>\n<\/div>\n<\/div>\n<\/div>\n<\/div>\n<\/div>\n<div class=\"fusion-clearfix\"><\/div><\/div><\/div><\/div><\/div><div class=\"fusion-clearfix\"><\/div><div class=\"fusion-sep-clear\"><\/div><div class=\"fusion-separator fusion-full-width-sep sep-none\" style=\"border-color:#e0dede;margin-left: auto;margin-right: auto;margin-top:;margin-bottom:15px;\"><\/div><div class=\"fusion-one-half fusion-layout-column fusion-spacing-yes\" style=\"margin-top:0px;margin-bottom:0px;\"><div class=\"fusion-column-wrapper\"><div class=\"page\" title=\"Page 1\">\n<div class=\"section\">\n<div class=\"layoutArea\">\n<div class=\"column\">\n<div class=\"page\" title=\"Page 1\">\n<div class=\"section\">\n<div class=\"layoutArea\">\n<div class=\"column\">\n<div class=\"page\" title=\"Page 1\">\n<div class=\"section\">\n<div class=\"layoutArea\">\n<div class=\"column\">\n<div class=\"page\" title=\"Page 1\">\n<div class=\"section\">\n<div class=\"layoutArea\">\n<div class=\"column\">\n<div class=\"page\" title=\"Page 1\">\n<div class=\"section\">\n<div class=\"layoutArea\">\n<div class=\"column\">\n<p>The hearing begins with some brief questions about yourself, such as your religion, education, occupation and last address in your country of origin, as well as, for example, the dates of your departure from your country of origin and your entry into Germany. All you need to do is answer these questions in a concise way.<\/p>\n<p style=\"text-align: center;\"><span style=\"color: #02a4d5;\">Why did you leave your country of origin and come to Germany?<\/span><\/p>\n<p>You will then be asked why you left your country of origin and came to Germany. The answer to this question is crucial for you. <span style=\"color: #02a4d5;\">You must ensure that you tell them everything about&nbsp;<\/span>,&nbsp;why you left your home and why you were unable to find shelter anywhere else in the country. This is about you as a person, your <span style=\"color: #02a4d5;\">personal story&nbsp;<\/span>and your&nbsp;<span style=\"color: #02a4d5;\">individual reasons<\/span>.<\/p>\n<p>Describe what the situation was like for you. Describe whether and why you were at risk and whether you would still be at risk if you returned. This may also involve an illness which cannot be treated properly.<\/p>\n<\/div>\n<\/div>\n<\/div>\n<\/div>\n<\/div>\n<\/div>\n<\/div>\n<\/div>\n<\/div>\n<\/div>\n<\/div>\n<\/div>\n<\/div>\n<\/div>\n<\/div>\n<\/div>\n<\/div>\n<\/div>\n<\/div>\n<\/div>\n<div class=\"fusion-clearfix\"><\/div><\/div><\/div><div class=\"fusion-one-half fusion-layout-column fusion-column-last fusion-spacing-yes\" style=\"margin-top:0px;margin-bottom:0px;\"><div class=\"fusion-column-wrapper\"><div class=\"page\" title=\"Page 1\">\n<p>Try to tell your story&nbsp;<span style=\"color: #02a4d5;\">chronologically<\/span>,&nbsp;with all important events in the order they happened. Be as <span style=\"color: #02a4d5;\">specific<\/span>: as you can: what exactly happened to you and when, where, by whom and why did it happen? Provide plenty of <span style=\"color: #02a4d5;\">detail<\/span>. The BAMF employee will be able to understand your story better if you provide more <span style=\"color: #02a4d5;\">details.<\/span> Also mention what you consider to be everyday circumstances and remember that the BAMF employee has not experienced the situation in your country of origin. You can also tell them how you felt in specific situations.<\/p>\n<p>Ensure that your narrative does not contain <span style=\"color: #02a4d5;\">any contradictions<\/span>.<\/p>\n<p>If you can&#8217;t remember all of the details, let them know. In such cases you should, for example, approximate the dates as closely as possible. You can use your own country\u2019s calendar when providing dates. You may have trouble talking about certain negative experiences, but try to discuss them as much as you can. The BAMF employee may ask you questions while you are giving your statement. You should also answer these in detail. If you do not understand a question, ask before responding.<\/p>\n<p>Prepare yourself mentally for this challenge. Take as much time as you need during the hearing. If you need a break, say so.<\/p>\n<\/div>\n<div class=\"fusion-clearfix\"><\/div><\/div><\/div><div class=\"fusion-clearfix\"><\/div><\/div><\/div><div class=\"fusion-fullwidth fullwidth-box fusion-fullwidth-5  fusion-parallax-none nonhundred-percent-fullwidth\" style=\"border-color:#eae9e9;border-bottom-width: 0px;border-top-width: 0px;border-bottom-style: solid;border-top-style: solid;padding-bottom:20px;padding-top:20px;padding-left:80px;padding-right:80px;\"><style type=\"text\/css\" scoped=\"scoped\">.fusion-fullwidth-5 {\r\n                            padding-left: 80px !important;\r\n                            padding-right: 80px !important;\r\n                        }<\/style><div class=\"fusion-row\"><div class=\"fusion-one-full fusion-layout-column fusion-column-last fusion-spacing-yes\" style=\"margin-top:0px;margin-bottom:0px;\"><div class=\"fusion-column-wrapper\" style=\"background-color:#c6c6c6;padding:18px;\"><div class=\"fusion-column-table\"><div class=\"fusion-column-tablecell\"><div class=\"page\" title=\"Page 1\">\n<div class=\"section\">\n<div class=\"layoutArea\">\n<div class=\"column\">\n<h6 style=\"text-align: left;\"><span style=\"color: #000000;\">After the hearing<\/span><\/h6>\n<\/div>\n<\/div>\n<\/div>\n<\/div>\n<div class=\"fusion-clearfix\"><\/div><\/div><\/div><\/div><\/div><div class=\"fusion-clearfix\"><\/div><div class=\"fusion-sep-clear\"><\/div><div class=\"fusion-separator fusion-full-width-sep sep-none\" style=\"border-color:#e0dede;margin-left: auto;margin-right: auto;margin-top:;margin-bottom:15px;\"><\/div><div class=\"fusion-one-half fusion-layout-column fusion-spacing-yes\" style=\"margin-top:0px;margin-bottom:0px;\"><div class=\"fusion-column-wrapper\"><div class=\"page\" title=\"Page 1\">\n<div class=\"section\">\n<div class=\"layoutArea\">\n<div class=\"column\">\n<div class=\"page\" title=\"Page 1\">\n<div class=\"section\">\n<div class=\"layoutArea\">\n<div class=\"column\">\n<div class=\"page\" title=\"Page 1\">\n<div class=\"section\">\n<div class=\"layoutArea\">\n<div class=\"column\">\n<div class=\"page\" title=\"Page 1\">\n<div class=\"section\">\n<div class=\"layoutArea\">\n<div class=\"column\">\n<div class=\"page\" title=\"Page 1\">\n<div class=\"section\">\n<div class=\"layoutArea\">\n<div class=\"column\">\n<p>The BAMF will send you the decision on your application by mail. Make sure that the BAMF has your correct address and check your mail every day.<\/p>\n<\/div>\n<\/div>\n<\/div>\n<\/div>\n<\/div>\n<\/div>\n<\/div>\n<\/div>\n<\/div>\n<\/div>\n<\/div>\n<\/div>\n<\/div>\n<\/div>\n<\/div>\n<\/div>\n<\/div>\n<\/div>\n<\/div>\n<\/div>\n<div class=\"fusion-clearfix\"><\/div><\/div><\/div><div class=\"fusion-one-half fusion-layout-column fusion-column-last fusion-spacing-yes\" style=\"margin-top:0px;margin-bottom:0px;\"><div class=\"fusion-column-wrapper\"><div class=\"page\" title=\"Page 1\">\n<p>If the BAMF rejects your application or you are not granted the protection status you believe you are entitled to, you can appeal the decision before the Administrative Court. Please note the deadline mentioned in your decision (<span style=\"color: #000000;\">1 or 2 weeks<\/span>). Seek legal advice without delay.<\/p>\n<\/div>\n<div class=\"fusion-clearfix\"><\/div><\/div><\/div><div class=\"fusion-clearfix\"><\/div><\/div><\/div><div class=\"fusion-fullwidth fullwidth-box fusion-fullwidth-6  fusion-parallax-none nonhundred-percent-fullwidth\" style=\"border-color:#eae9e9;border-bottom-width: 0px;border-top-width: 0px;border-bottom-style: solid;border-top-style: solid;padding-bottom:20px;padding-top:20px;padding-left:80px;padding-right:80px;\"><style type=\"text\/css\" scoped=\"scoped\">.fusion-fullwidth-6 {\r\n                            padding-left: 80px !important;\r\n                            padding-right: 80px !important;\r\n                        }<\/style><div class=\"fusion-row\"><div class=\"fusion-one-full fusion-layout-column fusion-column-last fusion-spacing-yes\" style=\"margin-top:0px;margin-bottom:0px;\"><div class=\"fusion-column-wrapper\" style=\"background-color:#c6c6c6;padding:18px;\"><div class=\"fusion-column-table\"><div class=\"fusion-column-tablecell\"><div class=\"page\" title=\"Page 1\">\n<div class=\"section\">\n<div class=\"layoutArea\">\n<div class=\"column\">\n<div class=\"page\" title=\"Page 2\">\n<div class=\"layoutArea\">\n<div class=\"column\">\n<h6><span style=\"color: #000000;\">Support services<\/span><\/h6>\n<\/div>\n<\/div>\n<\/div>\n<\/div>\n<\/div>\n<\/div>\n<\/div>\n<div class=\"fusion-clearfix\"><\/div><\/div><\/div><\/div><\/div><div class=\"fusion-clearfix\"><\/div><div class=\"fusion-sep-clear\"><\/div><div class=\"fusion-separator fusion-full-width-sep sep-none\" style=\"border-color:#e0dede;margin-left: auto;margin-right: auto;margin-top:;margin-bottom:15px;\"><\/div><div class=\"fusion-one-half fusion-layout-column fusion-spacing-yes\" style=\"margin-top:0px;margin-bottom:0px;\"><div class=\"fusion-column-wrapper\"><div class=\"page\" title=\"Page 1\">\n<div class=\"section\">\n<div class=\"layoutArea\">\n<div class=\"column\">\n<div class=\"page\" title=\"Page 1\">\n<div class=\"section\">\n<div class=\"layoutArea\">\n<div class=\"column\">\n<div class=\"page\" title=\"Page 1\">\n<div class=\"section\">\n<div class=\"layoutArea\">\n<div class=\"column\">\n<div class=\"page\" title=\"Page 1\">\n<div class=\"section\">\n<div class=\"layoutArea\">\n<div class=\"column\">\n<div class=\"page\" title=\"Page 1\">\n<div class=\"section\">\n<div class=\"layoutArea\">\n<div class=\"column\">\n<div class=\"page\" title=\"Page 2\">\n<div class=\"layoutArea\">\n<div class=\"column\">\n<p><span style=\"color: #02a4d5;\">Beratungsstelle in Rahlstedt (advice centre in Rahlstedt)<\/span><br \/>\nMonday 1 pm &#8211; 5 pm, Saselerstra\u00dfe 21, 22145 Hamburg (townhall in Meiendorf), 10-minute walk from the ZEA.<\/p>\n<p><span style=\"color: #02a4d5;\">Refugee Law Clinic<br \/>\n<\/span>Free legal advice on the Dublin process, family reunifications, preparation for the asylum hearing as well as for women, girl and LGBTI refugees. Further information can be found at: <a href=\"http:\/\/www.rlc-hh.de\">www.rlc-hh.de<\/a><\/p>\n<p>Consultation by video chat: Friday 3 pm &#8211; 6 pm, register until Thursday 8 pm by mail: <a href=\"mailto:rlc-beratung@uni-hamburg.de\">rlc-beratung@uni-hamburg.de<\/a> (if a translator is needed, please state so); link for the video chat will be received via mail.<\/p>\n<p><span style=\"color: #02a4d5;\">\u00d6RA (public legal information)<\/span><br \/>\nDammtorstra\u00dfe 14, please make an appointment: +49 40 428433072 (Monday to Friday 8 am &#8211; 2 pm),<a href=\"http:\/\/www.hamburg.de\/oera\/\" target=\"_blank\" rel=\"noopener\">&nbsp;www.hamburg.de\/oera\/<\/a><\/p>\n<\/div>\n<\/div>\n<\/div>\n<\/div>\n<\/div>\n<\/div>\n<\/div>\n<\/div>\n<\/div>\n<\/div>\n<\/div>\n<\/div>\n<\/div>\n<\/div>\n<\/div>\n<\/div>\n<\/div>\n<\/div>\n<\/div>\n<\/div>\n<\/div>\n<\/div>\n<\/div>\n<div class=\"fusion-clearfix\"><\/div><\/div><\/div><div class=\"fusion-one-half fusion-layout-column fusion-column-last fusion-spacing-yes\" style=\"margin-top:0px;margin-bottom:0px;\"><div class=\"fusion-column-wrapper\"><div class=\"page\" title=\"Page 1\">\n<div class=\"page\" title=\"Page 2\">\n<div class=\"layoutArea\">\n<div class=\"column\">\n<p><span style=\"color: #02a4d5;\">Caf\u00e9 Exil<\/span><br \/>\nHammer Stra\u00dfe 10, +49 40 2368216, Monday and Tuesday: 8 am &#8211; 2 pm, Thursday: 3:30 pm &#8211; 6 pm Friday (women only): 9 am &#8211; 1 pm, closed on Wednesday, <a href=\"http:\/\/cafe-exil.antira.info\/\">http:\/\/cafe-exil.antira.info\/<\/a><\/p>\n<p><span style=\"color: #02a4d5;\">Fluchtpunkt Luthergemeinde Bahrenfeld<\/span><br \/>\nEifflerstra\u00dfe 3, <a href=\"mailto:fluchtpunkt@diakonie-hhsh.de\">fluchtpunkt@diakonie-hhsh.de<\/a>, consultation by phone: +49 40 43250080 (Monday 9:30 am &#8211; 1 pm, Wednesday 10 am &#8211; 2 pm), consultation in person (tested, vaccinated or recovered and wearing a medical mask): Wednesday 10 am &#8211; 2 pm, <a href=\"http:\/\/www.fluchtpunkt-hh.de\">www.fluchtpunkt-hh.de<\/a><\/p>\n<p><span style=\"color: #02a4d5;\">Fl\u00fcchtlingszentrum<\/span><br \/>\nAdenauerallee 10, please make an appointment:<a href=\"mailto:info@fz-hh.de\"> info@fz-hh.de<\/a>, +49 40 2840790 (Monday and Friday: 9 am &#8211; 1 pm and 2 pm &#8211; 4 pm, Tuesday and Thursday: 9 am &#8211; 1 pm and 2 pm &#8211; 5 pm, Wednesday: 2 pm &#8211; 5 pm), <a href=\"http:\/\/www.fz-hh.de\">www.fz-hh.de<\/a><\/p>\n<\/div>\n<\/div>\n<\/div>\n<\/div>\n<div class=\"fusion-clearfix\"><\/div><\/div><\/div><div class=\"fusion-clearfix\"><\/div><\/div><\/div><div class=\"fusion-fullwidth fullwidth-box fusion-fullwidth-7  fusion-parallax-none nonhundred-percent-fullwidth\" style=\"border-color:#eae9e9;border-bottom-width: 0px;border-top-width: 0px;border-bottom-style: solid;border-top-style: solid;padding-bottom:20px;padding-top:20px;padding-left:;padding-right:;\"><style type=\"text\/css\" scoped=\"scoped\">.fusion-fullwidth-7 {\r\n                            padding-left: px !important;\r\n                            padding-right: px !important;\r\n                        }<\/style><div class=\"fusion-row\"><p style=\"text-align: right;\"><span style=\"color: #7f7f7f;\">Last updated: 22.03.2024 <\/span><\/p>\n<\/div><\/div>\n","protected":false},"excerpt":{"rendered":"","protected":false},"author":18,"featured_media":0,"parent":0,"menu_order":0,"comment_status":"closed","ping_status":"closed","template":"","meta":{"footnotes":""},"class_list":["post-5849","page","type-page","status-publish","hentry"],"_links":{"self":[{"href":"https:\/\/we-inform.de\/portal\/wp-json\/wp\/v2\/pages\/5849"}],"collection":[{"href":"https:\/\/we-inform.de\/portal\/wp-json\/wp\/v2\/pages"}],"about":[{"href":"https:\/\/we-inform.de\/portal\/wp-json\/wp\/v2\/types\/page"}],"author":[{"embeddable":true,"href":"https:\/\/we-inform.de\/portal\/wp-json\/wp\/v2\/users\/18"}],"replies":[{"embeddable":true,"href":"https:\/\/we-inform.de\/portal\/wp-json\/wp\/v2\/comments?post=5849"}],"version-history":[{"count":19,"href":"https:\/\/we-inform.de\/portal\/wp-json\/wp\/v2\/pages\/5849\/revisions"}],"predecessor-version":[{"id":9784,"href":"https:\/\/we-inform.de\/portal\/wp-json\/wp\/v2\/pages\/5849\/revisions\/9784"}],"wp:attachment":[{"href":"https:\/\/we-inform.de\/portal\/wp-json\/wp\/v2\/media?parent=5849"}],"curies":[{"name":"wp","href":"https:\/\/api.w.org\/{rel}","templated":true}]}}