{"id":5318,"date":"2018-07-03T15:32:39","date_gmt":"2018-07-03T13:32:39","guid":{"rendered":"http:\/\/we-inform.de\/portal\/?page_id=5318"},"modified":"2022-01-17T20:09:46","modified_gmt":"2022-01-17T19:09:46","slug":"telefon-und-internet-kmr","status":"publish","type":"page","link":"https:\/\/we-inform.de\/portal\/kmr\/telefon-und-internet-kmr\/","title":{"rendered":"Telefon \u00fb \u00eenternet &#8211; Telefon und Internet"},"content":{"rendered":"<div class=\"fusion-fullwidth fullwidth-box fusion-fullwidth-1  fusion-parallax-none hundred-percent-fullwidth\" style=\"border-color:#eae9e9;border-bottom-width: 0px;border-top-width: 0px;border-bottom-style: solid;border-top-style: solid;padding-bottom:200px;padding-top:200px;padding-left:;padding-right:;background-color:#02a4d5;background-position:center center;background-repeat:no-repeat;-webkit-background-size:cover;-moz-background-size:cover;-o-background-size:cover;background-size:cover;-ms-filter: &quot;progid:DXImageTransform.Microsoft.AlphaImageLoader(src=&#039;https:\/\/we-inform.de\/portal\/wp-content\/uploads\/2016\/01\/Telefon-1.jpg&#039;, sizingMethod=&#039;scale&#039;)&quot;;background-image: url(https:\/\/we-inform.de\/portal\/wp-content\/uploads\/2016\/01\/Telefon-1.jpg);\"><style type=\"text\/css\" scoped=\"scoped\">.fusion-fullwidth-1 {\r\n                            padding-left: px !important;\r\n                            padding-right: px !important;\r\n                        }<\/style><div class=\"fusion-row\"><\/div><\/div><div class=\"fusion-section-separator section-separator\" style=\"border-bottom:20px solid #02a4d5;\"><div class=\"divider-candy-arrow bottom\" style=\"top:20px;border-top-color: #02a4d5;\"><\/div><div class=\"divider-candy bottom\" style=\"bottom:-40px;border-bottom:1px solid #02a4d5;border-left:1px solid #02a4d5;\"><\/div><\/div><div class=\"fusion-fullwidth fullwidth-box fusion-fullwidth-2  fusion-parallax-none nonhundred-percent-fullwidth\" style=\"border-color:#eae9e9;border-bottom-width: 0px;border-top-width: 0px;border-bottom-style: solid;border-top-style: solid;padding-bottom:20px;padding-top:20px;padding-left:80px;padding-right:80px;\"><style type=\"text\/css\" scoped=\"scoped\">.fusion-fullwidth-2 {\r\n                            padding-left: 80px !important;\r\n                            padding-right: 80px !important;\r\n                        }<\/style><div class=\"fusion-row\"><div class=\"fusion-one-full fusion-layout-column fusion-column-last fusion-spacing-yes\" style=\"margin-top:30px;margin-bottom:0px;\"><div class=\"fusion-column-wrapper\" style=\"background-color:#c6c6c6;padding:18px;\"><div class=\"fusion-column-table\"><div class=\"fusion-column-tablecell\"><h6><span style=\"color: #000000;\">Bingeh\u00een: gir\u00eabesta mob\u00eel<\/span><\/h6>\n<div class=\"fusion-clearfix\"><\/div><\/div><\/div><\/div><\/div><div class=\"fusion-clearfix\"><\/div><div class=\"fusion-sep-clear\"><\/div><div class=\"fusion-separator fusion-full-width-sep sep-none\" style=\"border-color:#e0dede;margin-left: auto;margin-right: auto;margin-top:;margin-bottom:15px;\"><\/div><div class=\"fusion-one-half fusion-layout-column fusion-spacing-yes\" style=\"margin-top:0px;margin-bottom:0px;\"><div class=\"fusion-column-wrapper\"><div class=\"page\" title=\"Page 1\">\n<div class=\"section\">\n<div class=\"layoutArea\">\n<div class=\"column\">\n<div class=\"page\" title=\"Page 1\">\n<div class=\"section\">\n<div class=\"layoutArea\">\n<div class=\"column\">\n<div class=\"page\" title=\"Page 1\">\n<div class=\"section\">\n<div class=\"layoutArea\">\n<div class=\"column\">\n<p>P\u00eadiv\u00ee ye ku h\u00fbn SIM-karteyek Alman\u00ee bikar b\u00eenin ji bo bilind neb\u00fbna bihay\u00ean t\u00ealefon \u00fb gir\u00eadana \u00eenternet\u00ea. H\u00fbn dikarin di navbera gir\u00eabestek mob\u00eel \u00fb tar\u00eefek p\u00ea\u015f\u00eenekir\u00ee de hilbij\u00earin.<\/p>\n<p>Heke h\u00fbn gir\u00eabestek mob\u00eel \u00e7\u00eakin, h\u00fbn \u00ea fat\u00fbreyek mehane werbigirin, \u00fb xerc d\u00ea bi gelemper\u00ee ji hesab\u00ea weya bank\u00ea were derxistin. Div\u00ea h\u00fbn ji gir\u00eabest\u00ean demdir\u00eaj \u00ean ku bi pran\u00ee heta du salan we bi p\u00ea\u015fk\u00ea\u015fvanek ve gir\u00eadidin \u00fb guhartina tar\u00eefan dijwar dike, d\u00fbr bisekinin.<\/p>\n<p>Ten\u00ea gir\u00eabest\u00ean ku h\u00fbn bi rast\u00ee f\u00eam dikin \u00eemze bikin. Kesek\u00ee ku ba\u015f bi Alman\u00ee diaxive, bila bi we re bi\u00e7e an j\u00ee ber\u00ee ku h\u00fbn gir\u00eabest\u00ea \u00eemze bikin n\u00ee\u015fan\u00ee wan bidin. Ev bi taybet\u00ee ji bo gir\u00eabest\u00ean ji aliy\u00ea xebatkar\u00ean operator\u00ean mob\u00eel e ku li c\u00eeh\u00ea r\u00fbni\u015ftina we serdana we dikin. Hem\u00fb belgeyan gir\u00eaday\u00ee gir\u00eabesta xwe ve bih\u00ealin.<\/p>\n<\/div>\n<\/div>\n<\/div>\n<\/div>\n<\/div>\n<\/div>\n<\/div>\n<\/div>\n<\/div>\n<\/div>\n<\/div>\n<\/div>\n<div class=\"fusion-clearfix\"><\/div><\/div><\/div><div class=\"fusion-one-half fusion-layout-column fusion-column-last fusion-spacing-yes\" style=\"margin-top:0px;margin-bottom:0px;\"><div class=\"fusion-column-wrapper\"><div class=\"page\" title=\"Page 1\">\n<div class=\"section\">\n<div class=\"layoutArea\">\n<div class=\"column\">\n<p>Tar\u00eef\u00ean p\u00ea\u015f\u00eenekir\u00ee b\u00eay\u00ee dema gir\u00eabestek diyarkir\u00ee, minasib in. Bi gir\u00eabesteka p\u00ea\u015f\u00eenekir\u00ee h\u00fbn \u00ea kred\u00eey\u00ea bist\u00eenin (bi piran\u00ee \u20ac10), ku pa\u015f\u00ea h\u00fbn dikarin ji bo t\u00ealefon kirin\u00ea an j\u00ee l\u00eager\u00een li ser \u00eenternet\u00ea bikar b\u00eenin. Dema ku kred\u00ee hat bikar an\u00een, ew dikare were z\u00eadekirin. Gir\u00eabest\u00ean p\u00ea\u015f\u00eenekir\u00ee dikarin li dermanxane, supermarket \u00fb benz\u00eenxaneyan werin d\u00eetin. H\u00fbn SIM karta ji bo mob\u00eela xwe li dikan\u00ea dist\u00eenin \u00fb pa\u015f\u00ea dikarin krediy\u00ea z\u00eadetir bist\u00eenin.<\/p>\n<p>Bi tar\u00eefeya p\u00ea\u015f\u00eenekir\u00ee, h\u00fbn dikarin pak\u00eat\u00ean mehane y\u00ean ku di nav de t\u00ealefon \u00fb \u00eenternet\u00ea bi nirxeka rast t\u00ea de hene, rezerve bikin. Ev pak\u00eat t\u00ean\u00ea \u00e7alakkirin heke h\u00fbn di t\u00ealefon\u00ea da t\u00eara xwe kred\u00ee hebe. Ev dih\u00eale ku h\u00fbn l\u00ea\u00e7\u00fbn\u00ean xwe ba\u015ftir kontrol bikin.<\/p>\n<p>Ji bo ku h\u00fbn gir\u00eabestek mob\u00eel \u00eemze bikin an j\u00ee tar\u00eefek p\u00ea\u015f\u00eenekir\u00ee bikar b\u00eenin, div\u00ea h\u00fbn belgeya nasnamey\u00ea (m\u00eenak belgeya gih\u00ee\u015ftin\u00ea (Ankunftsnachweis), dest\u00fbra may\u00eena li benda biryara penaberiy\u00ea (Aufenthaltsgestattung), rawestandina ders\u00eenorkirin\u00ea ya demk\u00ee (Duldung) an j\u00ee pasaport\u00ea) \u00fb navn\u00ee\u015fana xwe j\u00ee bidin. Li vir di destp\u00eak\u00ea de h\u00fbn dikarin navn\u00ee\u015fana navenda p\u00ea\u015fwaziya serek\u00ea (Erstaufnahmeeinrichtung) bikar b\u00eenin. Heke h\u00fbn derbas\u00ee cihek\u00ee n\u00fb y\u00ea may\u00een\u00ea bibin, div\u00ea h\u00fbn navn\u00ee\u015fana xwe ya n\u00fb bidin p\u00ea\u015fk\u00ea\u015fvan\u00ea xweya mob\u00eel.<\/p>\n<\/div>\n<\/div>\n<\/div>\n<\/div>\n<div class=\"fusion-clearfix\"><\/div><\/div><\/div><div class=\"fusion-clearfix\"><\/div><\/div><\/div><div class=\"fusion-fullwidth fullwidth-box fusion-fullwidth-3  fusion-parallax-none nonhundred-percent-fullwidth\" style=\"border-color:#eae9e9;border-bottom-width: 0px;border-top-width: 0px;border-bottom-style: solid;border-top-style: solid;padding-bottom:20px;padding-top:20px;padding-left:80px;padding-right:80px;\"><style type=\"text\/css\" scoped=\"scoped\">.fusion-fullwidth-3 {\r\n                            padding-left: 80px !important;\r\n                            padding-right: 80px !important;\r\n                        }<\/style><div class=\"fusion-row\"><div class=\"fusion-one-full fusion-layout-column fusion-column-last fusion-spacing-yes\" style=\"margin-top:0px;margin-bottom:0px;\"><div class=\"fusion-column-wrapper\" style=\"background-color:#c6c6c6;padding:18px;\"><div class=\"fusion-column-table\"><div class=\"fusion-column-tablecell\"><h6><span style=\"color: #000000;\">Hilbijartina tar\u00eefek\u00ea: t\u00ealefon\u00ean li dervey\u00ee welat, h\u00eajmara daneyan \u00fb t\u00ealefonkirin di nav Almanyay\u00ea<\/span><\/h6>\n<div class=\"fusion-clearfix\"><\/div><\/div><\/div><\/div><\/div><div class=\"fusion-clearfix\"><\/div><div class=\"fusion-sep-clear\"><\/div><div class=\"fusion-separator fusion-full-width-sep sep-none\" style=\"border-color:#e0dede;margin-left: auto;margin-right: auto;margin-top:;margin-bottom:15px;\"><\/div><div class=\"fusion-one-half fusion-layout-column fusion-spacing-yes\" style=\"margin-top:0px;margin-bottom:0px;\"><div class=\"fusion-column-wrapper\"><div class=\"page\" title=\"Page 1\">\n<div class=\"section\">\n<div class=\"layoutArea\">\n<div class=\"column\">\n<div class=\"page\" title=\"Page 1\">\n<div class=\"section\">\n<div class=\"layoutArea\">\n<div class=\"column\">\n<div class=\"page\" title=\"Page 1\">\n<div class=\"section\">\n<div class=\"layoutArea\">\n<div class=\"column\">\n<p>Dema hilbijartina tar\u00eefek, gir\u00eeng e ku meriv p\u00ea\u015fk\u00ea\u015fvan\u00ean cih\u00eareng bide ber hev. Bihayan dikarin ji hev pir cuda bin li gor\u00ee k\u00eejan welat\u00ean ku h\u00fbn dixwazin t\u00ealefon bikin. Div\u00ea h\u00fbn bizanin ku heq\u00ea her t\u00ealefonkirinek 15 s\u00eant e ji bil\u00ee heqa axaftin ji deq\u00eeqe de. Ji ber v\u00ea yek\u00ea t\u00ealefonkirin\u00ean dir\u00eajtir bi r\u00eajeyek erzantir in. Wek\u00ee qa\u00eede, bihay\u00ean ji bo deq\u00eeqeyek\u00ea ji 25 sent\u00ee z\u00eadetir, biha t\u00ean hesibandin.<\/p>\n<p>P\u00ea\u015fk\u00ea\u015fvan\u00ean navdar \u00ean ji bo tar\u00eef\u00ean dervey\u00ee ya welat, Lebara (Bosna \u00fb Herzegovina, Eritrea, \u00ceraq, N\u00eejerya, Pakistan), Lycamobile (Eritrea, Urdun, Lubnan, N\u00eejerya, Pakistan, S\u00fbriye, Tirkiye), Mobilka (R\u00fbsya, \u00dbkrayn, Kazakistan), NettoKom (Iraq), Ortel Mobile (Afxanistan, Iraq) Simquadrat (S\u00fbriye) \u00fb Vodafone (\u00ceran, Tirkiye) hene. H\u00fbn dikarin agahdariya berfireh bi serh\u00eal rasterast bi p\u00ea\u015fk\u00ea\u015fvanan re bib\u00eenin. Her wiha hem\u00fb \u015f\u00eerketan vebij\u00eark\u00ean daney\u00ean p\u00eavek p\u00ea\u015fk\u00ea\u015f dikin ku h\u00fbn dikarin di telefona xwe da li ser \u00eenternet\u00ea bigerin. Bihayan li vir j\u00ee berhev bikin!<\/p>\n<\/div>\n<\/div>\n<\/div>\n<\/div>\n<\/div>\n<\/div>\n<\/div>\n<\/div>\n<\/div>\n<\/div>\n<\/div>\n<\/div>\n<div class=\"fusion-clearfix\"><\/div><\/div><\/div><div class=\"fusion-one-half fusion-layout-column fusion-column-last fusion-spacing-yes\" style=\"margin-top:0px;margin-bottom:0px;\"><div class=\"fusion-column-wrapper\"><p>Heke h\u00fbn dixwazin di hundur\u00ea Almanyay\u00ea da gelek t\u00ealefonan bikin, peymaneka mob\u00eel ya z\u00eade bi piran\u00ee gir\u00eeng e. P\u00ea\u015fk\u00ea\u015fvan\u00ean t\u00ealefonkirin\u00ean erzan \u00ean dervey\u00ee bi pran\u00ee ji bo t\u00ealefonkirin\u00ean li hundur\u00ea Almanyay\u00ea biha ne. Ev ji bo tar\u00eef\u00ean daney\u00ea j\u00ee derbas dibe. Wek\u00ee m\u00eenak, heke h\u00fbn xizmet\u00ean pevaxaftin\u00ea y\u00ean wek\u00ee Viber, WhatsApp an j\u00ee Skypey\u00ea bi kar t\u00eenin, w\u00ea hing\u00ea tar\u00eefeyeke daneyan ya Alman bes e. H\u00fbn bi r\u00eaya \u00eenternet\u00ea \u00fb ne bi r\u00eaya tora t\u00ealefon\u00ea bi dervey\u00ea welat ve gir\u00eaday\u00ee ne.<\/p>\n<p>P\u00ea\u015fk\u00ea\u015fvan\u00ean sereke y\u00ean Alman \u00ean gir\u00eabest\u00ean p\u00ea\u015f\u00eenekir\u00ee a Congstar, Aldi Talk, Telekom, O2 \u00fb Vodafone hene. Her weha h\u00fbn dikarin li ser \u00eenternet\u00ea bi p\u00ea\u015fk\u00ea\u015fvanan re an j\u00ee bi \u015fexs\u00ee li dikan\u00ea agahdariya li ser v\u00ea yek\u00ea bist\u00eenin.<\/p>\n<div class=\"fusion-clearfix\"><\/div><\/div><\/div><div class=\"fusion-clearfix\"><\/div><\/div><\/div><div class=\"fusion-fullwidth fullwidth-box fusion-fullwidth-4  fusion-parallax-none nonhundred-percent-fullwidth\" style=\"border-color:#eae9e9;border-bottom-width: 0px;border-top-width: 0px;border-bottom-style: solid;border-top-style: solid;padding-bottom:20px;padding-top:20px;padding-left:80px;padding-right:80px;\"><style type=\"text\/css\" scoped=\"scoped\">.fusion-fullwidth-4 {\r\n                            padding-left: 80px !important;\r\n                            padding-right: 80px !important;\r\n                        }<\/style><div class=\"fusion-row\"><div class=\"fusion-one-full fusion-layout-column fusion-column-last fusion-spacing-yes\" style=\"margin-top:0px;margin-bottom:0px;\"><div class=\"fusion-column-wrapper\" style=\"background-color:#c6c6c6;padding:18px;\"><div class=\"fusion-column-table\"><div class=\"fusion-column-tablecell\"><h6><span style=\"color: #000000;\">Wi-Fi ya b\u00eapere<\/span><\/h6>\n<div class=\"fusion-clearfix\"><\/div><\/div><\/div><\/div><\/div><div class=\"fusion-clearfix\"><\/div><div class=\"fusion-sep-clear\"><\/div><div class=\"fusion-separator fusion-full-width-sep sep-none\" style=\"border-color:#e0dede;margin-left: auto;margin-right: auto;margin-top:;margin-bottom:15px;\"><\/div><div class=\"fusion-one-half fusion-layout-column fusion-spacing-yes\" style=\"margin-top:0px;margin-bottom:0px;\"><div class=\"fusion-column-wrapper\"><div class=\"page\" title=\"Page 1\">\n<div class=\"section\">\n<div class=\"layoutArea\">\n<div class=\"column\">\n<div class=\"page\" title=\"Page 1\">\n<div class=\"section\">\n<div class=\"layoutArea\">\n<div class=\"column\">\n<div class=\"page\" title=\"Page 1\">\n<div class=\"section\">\n<div class=\"layoutArea\">\n<div class=\"column\">\n<p>\u00cen\u00ees\u00eeyat\u00eefa Freifunk.Hamburg-\u00ea li hem\u00fb bajar\u00ee Wi-Fi ya bela\u015f\/b\u00eapere p\u00ea\u015fk\u00ea\u015f dike. Ji bo v\u00ea, tora &#8222;Hamburg.freifunk.net&#8220; (nav\u00ea SSID\/WLAN) hilbij\u00earin. H\u00fbn dikarin di bin\u00a0<a href=\"http:\/\/knotenkarte.de\/\">knotenkarte.de<\/a>\u00a0an j\u00ee bi al\u00eekariya sepana &#8222;Freifunk&#8220; ji bo iOS-\u00ea \u00fb &#8222;freifunk-karte&#8220; ji bo Android-\u00ea bi \u00eenternet\u00ea ve gir\u00eaday\u00ee \u00e7\u00eakin.<\/p>\n<p>Wek\u00ee din, p\u00ea\u015fk\u00ea\u015fvan\u00ean \u00eenternet\u00ea y\u00ean her\u00eam\u00ee tora Wi-Fi ya bela\u015f a MobyKlick ava kirin e. Ji bo ku h\u00fbn Wi-Fi bikar b\u00eenin, li c\u00eeh\u00ea gih\u00ee\u015ftin\u00ea tora &#8222;MobyKlick&#8220; (nav\u00ea SSID\/WLAN) hilbij\u00earin \u00fb di geroka xwe de li ser &#8222;Verbinden&#8220; (&#8222;gir\u00eadan&#8220;) bikirt\u00eenin. Pi\u015ftre, h\u00fbn dikarin \u00eenternet\u00ea ji bo \u00e7ar saetan b\u00eapere bi kar b\u00eenin. H\u00fbn dikarin xal\u00ean gih\u00ee\u015ftin\u00ea bib\u00eenin li:\u00a0<a href=\"http:\/\/www.mobyklick.de\/karte\/\">www.mobyklick.de\/karte<\/a>. H\u00fbn dikarin MobyKlick\u00ea di otobusan da \u00fb di m\u00eatroy\u00ea da j\u00ee peyda bikin.<\/p>\n<\/div>\n<\/div>\n<\/div>\n<\/div>\n<\/div>\n<\/div>\n<\/div>\n<\/div>\n<\/div>\n<\/div>\n<\/div>\n<\/div>\n<div class=\"fusion-clearfix\"><\/div><\/div><\/div><div class=\"fusion-one-half fusion-layout-column fusion-column-last fusion-spacing-yes\" style=\"margin-top:0px;margin-bottom:0px;\"><div class=\"fusion-column-wrapper\"><div class=\"page\" title=\"Page 1\">\n<div class=\"section\">\n<div class=\"layoutArea\">\n<div class=\"column\">Li Hamburg B\u00fccherhallen \u00fb gelek qehwexane \u00fb firo\u015fgeh cih\u00ean wifi hene. Her weha h\u00fbn dikarin li Hamburg Hauptbahnhof, li stasyon\u00ean tr\u00ean\u00ea y\u00ean Altona \u00fb Harburg (&#8222;WIFI@DB&#8220; (b\u00eas\u00eenor) \u00fb nav\u00ea SSID\/Wi-Fi b\u00eapere bigih\u00eejin \u00eenternet\u00ea:\u00a0<span style=\"color: #02a4d5;\">Telekom<\/span> (ji bo 30 deq\u00eeqeyan)).<\/div>\n<\/div>\n<\/div>\n<\/div>\n<div class=\"fusion-clearfix\"><\/div><\/div><\/div><div class=\"fusion-clearfix\"><\/div><\/div><\/div><div class=\"fusion-fullwidth fullwidth-box fusion-fullwidth-5  fusion-parallax-none nonhundred-percent-fullwidth\" style=\"border-color:#eae9e9;border-bottom-width: 0px;border-top-width: 0px;border-bottom-style: solid;border-top-style: solid;padding-bottom:20px;padding-top:20px;padding-left:;padding-right:;\"><style type=\"text\/css\" scoped=\"scoped\">.fusion-fullwidth-5 {\r\n                            padding-left: px !important;\r\n                            padding-right: px !important;\r\n                        }<\/style><div class=\"fusion-row\"><p style=\"text-align: right;\">N\u00fbjenkirina Daw\u00een: 12.01.2022<\/p>\n<\/div><\/div>\n","protected":false},"excerpt":{"rendered":"","protected":false},"author":18,"featured_media":0,"parent":0,"menu_order":0,"comment_status":"closed","ping_status":"closed","template":"100-width.php","meta":{"footnotes":""},"class_list":["post-5318","page","type-page","status-publish","hentry"],"_links":{"self":[{"href":"https:\/\/we-inform.de\/portal\/wp-json\/wp\/v2\/pages\/5318"}],"collection":[{"href":"https:\/\/we-inform.de\/portal\/wp-json\/wp\/v2\/pages"}],"about":[{"href":"https:\/\/we-inform.de\/portal\/wp-json\/wp\/v2\/types\/page"}],"author":[{"embeddable":true,"href":"https:\/\/we-inform.de\/portal\/wp-json\/wp\/v2\/users\/18"}],"replies":[{"embeddable":true,"href":"https:\/\/we-inform.de\/portal\/wp-json\/wp\/v2\/comments?post=5318"}],"version-history":[{"count":2,"href":"https:\/\/we-inform.de\/portal\/wp-json\/wp\/v2\/pages\/5318\/revisions"}],"predecessor-version":[{"id":7655,"href":"https:\/\/we-inform.de\/portal\/wp-json\/wp\/v2\/pages\/5318\/revisions\/7655"}],"wp:attachment":[{"href":"https:\/\/we-inform.de\/portal\/wp-json\/wp\/v2\/media?parent=5318"}],"curies":[{"name":"wp","href":"https:\/\/api.w.org\/{rel}","templated":true}]}}