{"id":5226,"date":"2018-07-02T09:44:52","date_gmt":"2018-07-02T07:44:52","guid":{"rendered":"http:\/\/we-inform.de\/portal\/?page_id=5226"},"modified":"2022-01-22T00:12:16","modified_gmt":"2022-01-21T23:12:16","slug":"datenschutz","status":"publish","type":"page","link":"https:\/\/we-inform.de\/portal\/de\/datenschutz\/","title":{"rendered":"Datenschutzerkl\u00e4rung"},"content":{"rendered":"<div class=\"fusion-one-full fusion-layout-column fusion-column-last fusion-spacing-yes\" style=\"margin-top:0px;margin-bottom:0px;\"><div class=\"fusion-column-wrapper\"><h1>Datenschutzerkl\u00e4rung<\/h1>\n<p>Wir nehmen den Schutz Ihrer pers\u00f6nlichen Daten sehr ernst. Wir behandeln Ihre personenbezogenen Daten vertraulich und entsprechend der gesetzlichen Datenschutzvorschriften.<\/p>\n<h3>1. Personenbezogene Daten<\/h3>\n<p>Die Nutzung unserer Webseite ist in der Regel ohne Angabe personenbezogener Daten m\u00f6glich. Soweit wir personenbezogene Daten von Ihnen erheben (z.B. Name, Anschrift oder E-Mail-Adresse), ist dies f\u00fcr Sie freiwillig. Wir werden Ihre so erhobenen Daten ohne Ihre ausdr\u00fcckliche Zustimmung auch nicht an Dritte weitergeben.<\/p>\n<h3>2. Auskunft, L\u00f6schung, Sperrung<\/h3>\n<p>Sie haben jederzeit das Recht auf Auskunft \u00fcber Ihre gespeicherten personenbezogenen Daten sowie ein Recht auf Berichtigung, Sperrung oder L\u00f6schung dieser Daten. Hierzu k\u00f6nnen Sie sich jederzeit an die oben angegebene Kontaktadresse wenden. Die Auskunft, Berichtigung, Sperrung oder L\u00f6schung Ihrer Daten erfolgt unentgeltlich.<\/p>\n<h3>3. Verwendung von Cookies<\/h3>\n<p>Unsere Internetseiten verwenden teilweise so genannte Cookies. Cookies richten auf Ihrem Rechner keinen Schaden an und enthalten keine Viren. Cookies dienen dazu, unser Angebot nutzerfreundlicher, effektiver und sicherer zu machen. Cookies sind kleine Textdateien, die auf Ihrem Rechner abgelegt werden und die Ihr Browser speichert.<br \/>\nDie meisten der von uns verwendeten Cookies sind so genannte \u201eSession-Cookies\u201c. Sie werden nach Ende Ihres Besuchs automatisch gel\u00f6scht. Andere Cookies bleiben auf Ihrem Endger\u00e4t gespeichert, bis Sie diese l\u00f6schen. Diese Cookies erm\u00f6glichen es uns, Ihren Browser beim n\u00e4chsten Besuch wiederzuerkennen.<br \/>\nSie k\u00f6nnen Ihren Browser so einstellen, dass Sie \u00fcber das Setzen von Cookies informiert werden und Cookies nur im Einzelfall erlauben, die Annahme von Cookies f\u00fcr bestimmte F\u00e4lle oder generell ausschlie\u00dfen sowie das automatische L\u00f6schen der Cookies beim Schlie\u00dfen des Browser aktivieren. Bei der Deaktivierung von Cookies kann die Funktionalit\u00e4t dieser Website eingeschr\u00e4nkt sein.<\/p>\n<h3>4. Erhebung anonymisierter Daten \u2013 Nutzung von Google Analytics<\/h3>\n<p>Wir setzen Google Analytics, einen Webanalysedienst der Google Inc. (\u201eGoogle\u201c) ein. Google verwendet Cookies. Die durch das Cookie erzeugten Informationen \u00fcber die Benutzung des Onlineangebotes durch die Nutzerinnen und Nutzer werden in der Regel an einen Server von Google in den USA \u00fcbertragen und dort gespeichert.<br \/>\nGoogle wird diese Informationen in unserem Auftrag benutzen, um die Nutzung unseres Onlineangebotes durch die Nutzerinnen und Nutzer auszuwerten, um Reports \u00fcber die Aktivit\u00e4ten innerhalb dieses Onlineangebotes zusammenzustellen und um weitere mit der Nutzung dieses Onlineangebotes und der Internetnutzung verbundene Dienstleistungen uns gegen\u00fcber zu erbringen. Dabei k\u00f6nnen aus den verarbeiteten Daten pseudonyme Nutzungsprofile der Nutzer erstellt werden.<br \/>\nWir setzen Google Analytics nur mit aktivierter IP-Anonymisierung ein. Das bedeutet, die IP-Adresse der Nutzerinnen und Nutzer wird von Google innerhalb von Mitgliedstaaten der Europ\u00e4ischen Union oder in anderen Vertragsstaaten des Abkommens \u00fcber den Europ\u00e4ischen Wirtschaftsraum gek\u00fcrzt. Nur in Ausnahmef\u00e4llen wird die volle IP-Adresse an einen Server von Google in den USA \u00fcbertragen und dort gek\u00fcrzt. Die von dem Browser der Nutzerinnen, des Nutzers \u00fcbermittelte IP-Adresse wird nicht mit anderen Daten von Google zusammengef\u00fchrt. Die Nutzerinnen und Nutzer k\u00f6nnen die Speicherung der Cookies durch eine entsprechende Einstellung ihrer Browser-Software verhindern; die Nutzerinnen und Nutzer k\u00f6nnen dar\u00fcber hinaus die Erfassung der durch das Cookie erzeugten und auf ihre Nutzung des Onlineangebotes bezogenen Daten an Google sowie die Verarbeitung dieser Daten durch Google verhindern, indem sie das unter dem folgenden Link verf\u00fcgbare Browser-Plugin herunterladen und installieren: http:\/\/tools.google.com\/dlpage\/gaoptout?hl=de.<\/p>\n<h3>5. Google-Maps Erg\u00e4nzung<\/h3>\n<p>Auf dieser Webseite nutzen wir das Angebot von Google Maps. Dadurch k\u00f6nnen wir Ihnen interaktive Karten direkt in der Website anzeigen und erm\u00f6glichen Ihnen die komfortable Nutzung der Karten-Funktion.<\/p>\n<p>Durch den Besuch auf der Website erh\u00e4lt Google die Information, dass Sie die entsprechende Unterseite unserer Website aufgerufen haben. Zudem werden die oben genannten Daten (5.1) \u00fcbermittelt. Dies erfolgt unabh\u00e4ngig davon, ob Google ein Nutzerkonto bereitstellt, \u00fcber das Sie eingeloggt sind, oder ob kein Nutzerkonto besteht. Wenn Sie bei Google eingeloggt sind, werden Ihre Daten direkt Ihrem Konto zugeordnet. Wenn Sie die Zuordnung mit Ihrem Profil bei Google nicht w\u00fcnschen, m\u00fcssen Sie sich vor Aktivierung des Buttons ausloggen. Google speichert Ihre Daten als Nutzungsprofile und nutzt sie f\u00fcr Zwecke der Werbung, Marktforschung und\/oder bedarfsgerechten Gestaltung seiner Website. Eine solche Auswertung erfolgt insbesondere (selbst f\u00fcr nicht eingeloggte Nutzer) zur Erbringung von bedarfsgerechter Werbung und um andere Nutzer des sozialen Netzwerks \u00fcber Ihre Aktivit\u00e4ten auf unserer Website zu informieren. Ihnen steht ein Widerspruchsrecht zu gegen die Bildung dieser Nutzerprofile, wobei Sie sich zur Aus\u00fcbung dessen an Google richten m\u00fcssen.<\/p>\n<p>Weitere Informationen zu Zweck und Umfang der Datenerhebung und ihrer Verarbeitung durch den Plug-in-Anbieter erhalten Sie in den Datenschutzerkl\u00e4rungen des Anbieters. Dort erhalten Sie auch weitere Informationen zu Ihren diesbez\u00fcglichen Rechten und Einstellungsm\u00f6glichkeiten zum Schutze Ihrer Privatsph\u00e4re: <u><a href=\"http:\/\/www.google.de\/intl\/de\/policies\/privacy\">http:\/\/www.google.de\/intl\/de\/policies\/privacy<\/a><\/u>. Google verarbeitet Ihre personenbezogenen Daten auch in den USA und hat sich dem EU-US Privacy Shield unterworfen, <u><a href=\"https:\/\/www.privacyshield.gov\/EU-US-Framework\">https:\/\/www.privacyshield.gov\/EU-US-Framework<\/a><\/u>.<\/p>\n<h3>6. Facebook-Erg\u00e4nzung<\/h3>\n<p>Unsere Webseite verwendet Plug-ins des sozialen Netzwerks Facebook, Facebook Inc., 1 Hacker Way, Menlo Park, California 94025, USA.<\/p>\n<p>Die Facebook-Plug-ins erkennen Sie an dem Facebook-Logo auf unserer Webseite. Eine \u00dcbersicht \u00fcber die Facebook-Plug-ins finden Sie hier: <u><a href=\"http:\/\/developers.facebook.com\/docs\/plugins\/\">http:\/\/developers.facebook.com\/docs\/plugins\/<\/a><\/u>.<\/p>\n<p>Wenn Sie unsere Webseite besuchen, wird \u00fcber das Plug-in eine direkte Verbindung zwischen Ihrem Browser und dem Facebook-Server hergestellt. Facebook erh\u00e4lt dadurch die Information, dass Sie mit Ihrer IP-Adresse unsere Webseite besucht haben. Wenn Sie den Facebook-\u201eLike-Button\u201c anklicken, w\u00e4hrend Sie in Ihrem Facebook-Account eingeloggt sind, k\u00f6nnen Sie die Inhalte unserer Webseite auf Ihrem Facebook-Profil verlinken. Dadurch kann Facebook den Besuch unserer Webseite Ihrem Benutzerkonto zuordnen.<\/p>\n<p>Wir weisen Sie darauf hin, dass wir als Anbieter der Webseite keine Kenntnis vom Inhalt der \u00fcbermittelten Daten sowie deren Nutzung durch Facebook erlangen. Wenn Sie nicht w\u00fcnschen, dass Facebook den Besuch unserer Webseite Ihrem Facebook-Nutzerkonto zuordnen kann, loggen Sie sich bitte aus Ihrem Facebook-Benutzerkonto aus.<\/p>\n<p>Weitere Informationen hierzu finden Sie in der Datenschutzerkl\u00e4rung von Facebook unter <u><a href=\"http:\/\/de-de.facebook.com\/policy.php\">http:\/\/de-de.facebook.com\/policy.php<\/a><\/u>.<\/p>\n<h3>7. Weitergehende Fragen und Hinweise<\/h3>\n<p>Wenn Sie weitergehende Fragen zum Datenschutz bei We.Inform. haben, schreiben Sie uns an info(at)we-inform.de, und wir werden versuchen, Ihre Bedenken auszur\u00e4umen. Wir behalten uns vor, Ihnen in gewissen Zeitr\u00e4umen Mitteilungen \u00fcber die bei uns geltenden Richtlinien zu schicken. Sie sollten dennoch in jedem Fall regelm\u00e4\u00dfig unsere Website besuchen und \u00c4nderungen zur Kenntnis nehmen. Soweit nichts anderes geregelt ist, unterliegt die Nutzung s\u00e4mtlicher Informationen, die wir \u00fcber Sie und Ihre Kundenkonten haben, dieser Datenschutzerkl\u00e4rung.<\/p>\n<h3>8. Datenschutzbeauftragter<\/h3>\n<p>Datenschutzbeauftragter der BLS ist: Dr. Torsten Glockemann E-Mail: datenschutz(at)law-school.de<\/p>\n<div class=\"fusion-clearfix\"><\/div><\/div><\/div><div class=\"fusion-clearfix\"><\/div>\n","protected":false},"excerpt":{"rendered":"","protected":false},"author":1,"featured_media":0,"parent":0,"menu_order":0,"comment_status":"closed","ping_status":"closed","template":"","meta":{"footnotes":""},"class_list":["post-5226","page","type-page","status-publish","hentry"],"_links":{"self":[{"href":"https:\/\/we-inform.de\/portal\/wp-json\/wp\/v2\/pages\/5226"}],"collection":[{"href":"https:\/\/we-inform.de\/portal\/wp-json\/wp\/v2\/pages"}],"about":[{"href":"https:\/\/we-inform.de\/portal\/wp-json\/wp\/v2\/types\/page"}],"author":[{"embeddable":true,"href":"https:\/\/we-inform.de\/portal\/wp-json\/wp\/v2\/users\/1"}],"replies":[{"embeddable":true,"href":"https:\/\/we-inform.de\/portal\/wp-json\/wp\/v2\/comments?post=5226"}],"version-history":[{"count":7,"href":"https:\/\/we-inform.de\/portal\/wp-json\/wp\/v2\/pages\/5226\/revisions"}],"predecessor-version":[{"id":8053,"href":"https:\/\/we-inform.de\/portal\/wp-json\/wp\/v2\/pages\/5226\/revisions\/8053"}],"wp:attachment":[{"href":"https:\/\/we-inform.de\/portal\/wp-json\/wp\/v2\/media?parent=5226"}],"curies":[{"name":"wp","href":"https:\/\/api.w.org\/{rel}","templated":true}]}}