{"id":5088,"date":"2018-06-21T14:01:26","date_gmt":"2018-06-21T12:01:26","guid":{"rendered":"http:\/\/we-inform.de\/portal\/?page_id=5088"},"modified":"2022-01-19T00:42:31","modified_gmt":"2022-01-18T23:42:31","slug":"mitmachen-kmr","status":"publish","type":"page","link":"https:\/\/we-inform.de\/portal\/kmr\/mitmachen-kmr\/","title":{"rendered":"Nex\u015feya teamol\u00ea &#8211; Mitmachen"},"content":{"rendered":"<div class=\"fusion-fullwidth fullwidth-box fusion-fullwidth-1  fusion-parallax-none nonhundred-percent-fullwidth\" style=\"border-color:#eae9e9;border-bottom-width: 0px;border-top-width: 0px;border-bottom-style: solid;border-top-style: solid;padding-bottom:20px;padding-top:20px;padding-left:;padding-right:;background-color:#d8d8d8;\"><style type=\"text\/css\" scoped=\"scoped\">.fusion-fullwidth-1 {\r\n                            padding-left: px !important;\r\n                            padding-right: px !important;\r\n                        }<\/style><div class=\"fusion-row\"><div class=\"fusion-one-full fusion-layout-column fusion-column-last fusion-spacing-yes\" style=\"margin-top:0px;margin-bottom:0px;\"><div class=\"fusion-column-wrapper\"><div class=\"fusion-content-boxes content-boxes columns fusion-columns-2 fusion-columns-total-2 fusion-content-boxes-1 content-boxes-clean-horizontal row content-left content-boxes-icon-on-side\" data-animationOffset=\"100%\" style=\"margin-top:0px;margin-bottom:60px;\"><style type=\"text\/css\" scoped=\"scoped\">\r\n\t\t\t.fusion-content-boxes-1 .fusion-content-box-hover .link-area-link-icon-hover .heading h2,\r\n\t\t\t.fusion-content-boxes-1 .fusion-content-box-hover .link-area-link-icon-hover .heading .heading-link h2,\r\n\t\t\t.fusion-content-boxes-1 .fusion-content-box-hover .link-area-box-hover .heading h2,\r\n\t\t\t.fusion-content-boxes-1 .fusion-content-box-hover .link-area-box-hover .heading .heading-link h2,\r\n\t\t\t.fusion-content-boxes-1 .fusion-content-box-hover .link-area-link-icon-hover.link-area-box .fusion-read-more,\r\n\t\t\t.fusion-content-boxes-1 .fusion-content-box-hover .link-area-link-icon-hover.link-area-box .fusion-read-more::after,\r\n\t\t\t.fusion-content-boxes-1 .fusion-content-box-hover .link-area-link-icon-hover.link-area-box .fusion-read-more::before,\r\n\t\t\t.fusion-content-boxes-1 .fusion-content-box-hover .fusion-read-more:hover:after,\r\n\t\t\t.fusion-content-boxes-1 .fusion-content-box-hover .fusion-read-more:hover:before,\r\n\t\t\t.fusion-content-boxes-1 .fusion-content-box-hover .fusion-read-more:hover,\r\n\t\t\t.fusion-content-boxes-1 .fusion-content-box-hover .link-area-box-hover.link-area-box .fusion-read-more,\r\n\t\t\t.fusion-content-boxes-1 .fusion-content-box-hover .link-area-box-hover.link-area-box .fusion-read-more::after,\r\n\t\t\t.fusion-content-boxes-1 .fusion-content-box-hover .link-area-box-hover.link-area-box .fusion-read-more::before,\t\t\t\r\n\t\t\t.fusion-content-boxes-1 .fusion-content-box-hover .link-area-link-icon-hover .icon .circle-no,\r\n\t\t\t.fusion-content-boxes-1 .fusion-content-box-hover .link-area-box-hover .icon .circle-no {\r\n\t\t\t\tcolor: #000000 !important;\r\n\t\t\t}\r\n\t\t\t.fusion-content-boxes-1 .fusion-content-box-hover .heading-link:hover .icon i.circle-yes,\r\n\t\t\t.fusion-content-boxes-1 .fusion-content-box-hover .link-area-box:hover .heading-link .icon i.circle-yes,\r\n\t\t\t.fusion-content-boxes-1 .fusion-content-box-hover .link-area-link-icon-hover .heading .icon i.circle-yes,\r\n\t\t\t.fusion-content-boxes-1 .fusion-content-box-hover .link-area-box-hover .heading .icon i.circle-yes {\r\n\t\t\t\tbackground-color: #000000 !important;\r\n\t\t\t\tborder-color: #000000 !important;\r\n\t\t\t}<\/style><div style=\"border-color:#ffffff;\" class=\"fusion-column content-box-column content-box-column-1 col-lg-6 col-md-6 col-sm-6 fusion-content-box-hover content-box-column-first-in-row\"><div class=\"col content-wrapper-background link-area-link-icon link-type-text icon-hover-animation-fade\" style=\"background-color:#ffffff;\"><div class=\"heading heading-with-icon icon-left\"><a class=\"heading-link\" href=\"\/portal\/kmr\/projektvorstellung-kmr\/\" target=\"_self\"><div class=\"icon\"><i style=\"border-color:#ffffff;border-width:1px;background-color:#02a4d5;height:40px;width:40px;line-height:40px;border-radius:100%;color:#ffffff;font-size:20px;\" class=\"fa fontawesome-icon fa-info circle-yes\"><\/i><\/div><h2 class=\"content-box-heading\" style=\"font-size: 36px;line-height:41px;padding-left:62px;\">P\u00ea\u015fniyar\u00ea projey\u00ea<\/h2><\/a><\/div><div class=\"fusion-clearfix\"><\/div><div class=\"content-container\" style=\"padding-left:62px;\">\n<div class=\"fusion-clearfix\"><\/div><a class=\"fusion-read-more\" href=\"\/portal\/kmr\/projektvorstellung-kmr\/\" target=\"_self\">Zaniyariy\u00ean z\u00eadetir<\/a><div class=\"fusion-clearfix\"><\/div><\/div><\/div><\/div><div style=\"border-color:#ffffff;\" class=\"fusion-column content-box-column content-box-column-2 col-lg-6 col-md-6 col-sm-6 fusion-content-box-hover content-box-column-last content-box-column-last-in-row\"><div class=\"col content-wrapper-background link-area-link-icon link-type-text icon-hover-animation-fade\" style=\"background-color:#ffffff;\"><div class=\"heading heading-with-icon icon-left\"><a class=\"heading-link\" href=\" \/portal\/kmr\/team-kmr\/\" target=\"_self\"><div class=\"icon\"><i style=\"border-color:#ffffff;border-width:1px;background-color:#02a4d5;height:40px;width:40px;line-height:40px;border-radius:100%;color:#ffffff;font-size:20px;\" class=\"fa fontawesome-icon fa-info circle-yes\"><\/i><\/div><h2 class=\"content-box-heading\" style=\"font-size: 36px;line-height:41px;padding-left:62px;\">Danas\u00eena t\u00eema<\/h2><\/a><\/div><div class=\"fusion-clearfix\"><\/div><div class=\"content-container\" style=\"padding-left:62px;\">\n<div class=\"fusion-clearfix\"><\/div><a class=\"fusion-read-more\" href=\" \/portal\/kmr\/team-kmr\/\" target=\"_self\">Zaniyariy\u00ean z\u00eadetir<\/a><div class=\"fusion-clearfix\"><\/div><\/div><\/div><\/div><div class=\"fusion-clearfix\"><\/div><div class=\"fusion-clearfix\"><\/div><\/div><div class=\"fusion-content-boxes content-boxes columns fusion-columns-2 fusion-columns-total-2 fusion-content-boxes-2 content-boxes-clean-horizontal row content-left content-boxes-icon-on-side\" data-animationOffset=\"100%\" style=\"margin-top:0px;margin-bottom:60px;\"><style type=\"text\/css\" scoped=\"scoped\">\r\n\t\t\t.fusion-content-boxes-2 .fusion-content-box-hover .link-area-link-icon-hover .heading h2,\r\n\t\t\t.fusion-content-boxes-2 .fusion-content-box-hover .link-area-link-icon-hover .heading .heading-link h2,\r\n\t\t\t.fusion-content-boxes-2 .fusion-content-box-hover .link-area-box-hover .heading h2,\r\n\t\t\t.fusion-content-boxes-2 .fusion-content-box-hover .link-area-box-hover .heading .heading-link h2,\r\n\t\t\t.fusion-content-boxes-2 .fusion-content-box-hover .link-area-link-icon-hover.link-area-box .fusion-read-more,\r\n\t\t\t.fusion-content-boxes-2 .fusion-content-box-hover .link-area-link-icon-hover.link-area-box .fusion-read-more::after,\r\n\t\t\t.fusion-content-boxes-2 .fusion-content-box-hover .link-area-link-icon-hover.link-area-box .fusion-read-more::before,\r\n\t\t\t.fusion-content-boxes-2 .fusion-content-box-hover .fusion-read-more:hover:after,\r\n\t\t\t.fusion-content-boxes-2 .fusion-content-box-hover .fusion-read-more:hover:before,\r\n\t\t\t.fusion-content-boxes-2 .fusion-content-box-hover .fusion-read-more:hover,\r\n\t\t\t.fusion-content-boxes-2 .fusion-content-box-hover .link-area-box-hover.link-area-box .fusion-read-more,\r\n\t\t\t.fusion-content-boxes-2 .fusion-content-box-hover .link-area-box-hover.link-area-box .fusion-read-more::after,\r\n\t\t\t.fusion-content-boxes-2 .fusion-content-box-hover .link-area-box-hover.link-area-box .fusion-read-more::before,\t\t\t\r\n\t\t\t.fusion-content-boxes-2 .fusion-content-box-hover .link-area-link-icon-hover .icon .circle-no,\r\n\t\t\t.fusion-content-boxes-2 .fusion-content-box-hover .link-area-box-hover .icon .circle-no {\r\n\t\t\t\tcolor: #000000 !important;\r\n\t\t\t}\r\n\t\t\t.fusion-content-boxes-2 .fusion-content-box-hover .heading-link:hover .icon i.circle-yes,\r\n\t\t\t.fusion-content-boxes-2 .fusion-content-box-hover .link-area-box:hover .heading-link .icon i.circle-yes,\r\n\t\t\t.fusion-content-boxes-2 .fusion-content-box-hover .link-area-link-icon-hover .heading .icon i.circle-yes,\r\n\t\t\t.fusion-content-boxes-2 .fusion-content-box-hover .link-area-box-hover .heading .icon i.circle-yes {\r\n\t\t\t\tbackground-color: #000000 !important;\r\n\t\t\t\tborder-color: #000000 !important;\r\n\t\t\t}<\/style><div style=\"border-color:#ffffff;\" class=\"fusion-column content-box-column content-box-column-1 col-lg-6 col-md-6 col-sm-6 fusion-content-box-hover content-box-column-first-in-row\"><div class=\"col content-wrapper-background link-area-link-icon link-type-text icon-hover-animation-fade\" style=\"background-color:#ffffff;\"><div class=\"heading heading-with-icon icon-left\"><a class=\"heading-link\" href=\" \/portal\/kmr\/projektpartner-kmr\/\" target=\"_self\"><div class=\"icon\"><i style=\"border-color:#ffffff;border-width:1px;background-color:#02a4d5;height:40px;width:40px;line-height:40px;border-radius:100%;color:#ffffff;font-size:20px;\" class=\"fa fontawesome-icon fa-info circle-yes\"><\/i><\/div><h2 class=\"content-box-heading\" style=\"font-size: 36px;line-height:41px;padding-left:62px;\">Hevkar\u00ean projey\u00ea<\/h2><\/a><\/div><div class=\"fusion-clearfix\"><\/div><div class=\"content-container\" style=\"padding-left:62px;\">\n<div class=\"fusion-clearfix\"><\/div><a class=\"fusion-read-more\" href=\" \/portal\/kmr\/projektpartner-kmr\/\" target=\"_self\">Zaniyariy\u00ean z\u00eadetir<\/a><div class=\"fusion-clearfix\"><\/div><\/div><\/div><\/div><div style=\"border-color:#ffffff;\" class=\"fusion-column content-box-column content-box-column-2 col-lg-6 col-md-6 col-sm-6 fusion-content-box-hover content-box-column-last content-box-column-last-in-row\"><div class=\"col content-wrapper-background link-area-link-icon link-type-text icon-hover-animation-fade\" style=\"background-color:#ffffff;\"><div class=\"heading heading-with-icon icon-left\"><a class=\"heading-link\" href=\"\/portal\/kmr\/sei-dabei-kmr\/\" target=\"_self\"><div class=\"icon\"><i style=\"border-color:#ffffff;border-width:1px;background-color:#02a4d5;height:40px;width:40px;line-height:40px;border-radius:100%;color:#ffffff;font-size:20px;\" class=\"fa fontawesome-icon fa-info circle-yes\"><\/i><\/div><h2 class=\"content-box-heading\" style=\"font-size: 36px;line-height:41px;padding-left:62px;\">Berbij\u00earin tevl\u00eab\u00fbn\u00ea<\/h2><\/a><\/div><div class=\"fusion-clearfix\"><\/div><div class=\"content-container\" style=\"padding-left:62px;\">\n<div class=\"fusion-clearfix\"><\/div><a class=\"fusion-read-more\" href=\"\/portal\/kmr\/sei-dabei-kmr\/\" target=\"_self\">Zaniyariy\u00ean z\u00eadetir<\/a><div class=\"fusion-clearfix\"><\/div><\/div><\/div><\/div><div class=\"fusion-clearfix\"><\/div><div class=\"fusion-clearfix\"><\/div><\/div><div class=\"fusion-content-boxes content-boxes columns fusion-columns-2 fusion-columns-total-1 fusion-content-boxes-3 content-boxes-clean-horizontal row content-left content-boxes-icon-on-side\" data-animationOffset=\"100%\" style=\"margin-top:0px;margin-bottom:60px;\"><style type=\"text\/css\" scoped=\"scoped\">\r\n\t\t\t.fusion-content-boxes-3 .fusion-content-box-hover .link-area-link-icon-hover .heading h2,\r\n\t\t\t.fusion-content-boxes-3 .fusion-content-box-hover .link-area-link-icon-hover .heading .heading-link h2,\r\n\t\t\t.fusion-content-boxes-3 .fusion-content-box-hover .link-area-box-hover .heading h2,\r\n\t\t\t.fusion-content-boxes-3 .fusion-content-box-hover .link-area-box-hover .heading .heading-link h2,\r\n\t\t\t.fusion-content-boxes-3 .fusion-content-box-hover .link-area-link-icon-hover.link-area-box .fusion-read-more,\r\n\t\t\t.fusion-content-boxes-3 .fusion-content-box-hover .link-area-link-icon-hover.link-area-box .fusion-read-more::after,\r\n\t\t\t.fusion-content-boxes-3 .fusion-content-box-hover .link-area-link-icon-hover.link-area-box .fusion-read-more::before,\r\n\t\t\t.fusion-content-boxes-3 .fusion-content-box-hover .fusion-read-more:hover:after,\r\n\t\t\t.fusion-content-boxes-3 .fusion-content-box-hover .fusion-read-more:hover:before,\r\n\t\t\t.fusion-content-boxes-3 .fusion-content-box-hover .fusion-read-more:hover,\r\n\t\t\t.fusion-content-boxes-3 .fusion-content-box-hover .link-area-box-hover.link-area-box .fusion-read-more,\r\n\t\t\t.fusion-content-boxes-3 .fusion-content-box-hover .link-area-box-hover.link-area-box .fusion-read-more::after,\r\n\t\t\t.fusion-content-boxes-3 .fusion-content-box-hover .link-area-box-hover.link-area-box .fusion-read-more::before,\t\t\t\r\n\t\t\t.fusion-content-boxes-3 .fusion-content-box-hover .link-area-link-icon-hover .icon .circle-no,\r\n\t\t\t.fusion-content-boxes-3 .fusion-content-box-hover .link-area-box-hover .icon .circle-no {\r\n\t\t\t\tcolor: #000000 !important;\r\n\t\t\t}\r\n\t\t\t.fusion-content-boxes-3 .fusion-content-box-hover .heading-link:hover .icon i.circle-yes,\r\n\t\t\t.fusion-content-boxes-3 .fusion-content-box-hover .link-area-box:hover .heading-link .icon i.circle-yes,\r\n\t\t\t.fusion-content-boxes-3 .fusion-content-box-hover .link-area-link-icon-hover .heading .icon i.circle-yes,\r\n\t\t\t.fusion-content-boxes-3 .fusion-content-box-hover .link-area-box-hover .heading .icon i.circle-yes {\r\n\t\t\t\tbackground-color: #000000 !important;\r\n\t\t\t\tborder-color: #000000 !important;\r\n\t\t\t}<\/style><div style=\"border-color:#ffffff;\" class=\"fusion-column content-box-column content-box-column-1 col-lg-6 col-md-6 col-sm-6 fusion-content-box-hover content-box-column-first-in-row content-box-column-last\"><div class=\"col content-wrapper-background link-area-link-icon link-type-text icon-hover-animation-fade\" style=\"background-color:#ffffff;\"><div class=\"heading heading-with-icon icon-left\"><a class=\"heading-link\" href=\"\/portal\/kmr\/preise-und-auszeichnungen-kmr\/\" target=\"_self\"><div class=\"icon\"><i style=\"border-color:#ffffff;border-width:1px;background-color:#02a4d5;height:40px;width:40px;line-height:40px;border-radius:100%;color:#ffffff;font-size:20px;\" class=\"fa fontawesome-icon fa-info circle-yes\"><\/i><\/div><h2 class=\"content-box-heading\" style=\"font-size: 36px;line-height:41px;padding-left:62px;\">Xelat \u00fb diyar\u00ee<\/h2><\/a><\/div><div class=\"fusion-clearfix\"><\/div><div class=\"content-container\" style=\"padding-left:62px;\">\n<div class=\"fusion-clearfix\"><\/div><a class=\"fusion-read-more\" href=\"\/portal\/kmr\/preise-und-auszeichnungen-kmr\/\" target=\"_self\">Zaniyariy\u00ean z\u00eadetir<\/a><div class=\"fusion-clearfix\"><\/div><\/div><\/div><\/div><div class=\"fusion-clearfix\"><\/div><\/div><div class=\"fusion-clearfix\"><\/div><\/div><\/div><div class=\"fusion-clearfix\"><\/div><\/div><\/div>\n","protected":false},"excerpt":{"rendered":"","protected":false},"author":18,"featured_media":0,"parent":0,"menu_order":0,"comment_status":"closed","ping_status":"closed","template":"100-width.php","meta":{"footnotes":""},"class_list":["post-5088","page","type-page","status-publish","hentry"],"_links":{"self":[{"href":"https:\/\/we-inform.de\/portal\/wp-json\/wp\/v2\/pages\/5088"}],"collection":[{"href":"https:\/\/we-inform.de\/portal\/wp-json\/wp\/v2\/pages"}],"about":[{"href":"https:\/\/we-inform.de\/portal\/wp-json\/wp\/v2\/types\/page"}],"author":[{"embeddable":true,"href":"https:\/\/we-inform.de\/portal\/wp-json\/wp\/v2\/users\/18"}],"replies":[{"embeddable":true,"href":"https:\/\/we-inform.de\/portal\/wp-json\/wp\/v2\/comments?post=5088"}],"version-history":[{"count":7,"href":"https:\/\/we-inform.de\/portal\/wp-json\/wp\/v2\/pages\/5088\/revisions"}],"predecessor-version":[{"id":7847,"href":"https:\/\/we-inform.de\/portal\/wp-json\/wp\/v2\/pages\/5088\/revisions\/7847"}],"wp:attachment":[{"href":"https:\/\/we-inform.de\/portal\/wp-json\/wp\/v2\/media?parent=5088"}],"curies":[{"name":"wp","href":"https:\/\/api.w.org\/{rel}","templated":true}]}}