{"id":5073,"date":"2018-06-21T13:41:06","date_gmt":"2018-06-21T11:41:06","guid":{"rendered":"http:\/\/we-inform.de\/portal\/?page_id=5073"},"modified":"2022-01-18T19:55:07","modified_gmt":"2022-01-18T18:55:07","slug":"leben-in-hamburg-kmr","status":"publish","type":"page","link":"https:\/\/we-inform.de\/portal\/kmr\/leben-in-hamburg-kmr\/","title":{"rendered":"Jiyan \u00fb Hamburg &#8211; Leben in Hamburg"},"content":{"rendered":"<div class=\"fusion-fullwidth fullwidth-box fusion-fullwidth-1  fusion-parallax-none nonhundred-percent-fullwidth\" style=\"border-color:#eae9e9;border-bottom-width: 0px;border-top-width: 0px;border-bottom-style: solid;border-top-style: solid;padding-bottom:20px;padding-top:20px;padding-left:;padding-right:;background-color:#d8d8d8;\"><style type=\"text\/css\" scoped=\"scoped\">.fusion-fullwidth-1 {\r\n                            padding-left: px !important;\r\n                            padding-right: px !important;\r\n                        }<\/style><div class=\"fusion-row\"><div class=\"fusion-one-full fusion-layout-column fusion-column-last fusion-spacing-yes\" style=\"margin-top:0px;margin-bottom:0px;\"><div class=\"fusion-column-wrapper\"><div class=\"fusion-title title fusion-sep-none fusion-title-size-one\"><h1 class=\"title-heading-left\"><\/h1><\/div><div class=\"fusion-clearfix\"><\/div><\/div><\/div><div class=\"fusion-clearfix\"><\/div><div class=\"fusion-one-full fusion-layout-column fusion-column-last fusion-spacing-yes\" style=\"margin-top:0px;margin-bottom:0px;\"><div class=\"fusion-column-wrapper\"><div class=\"fusion-content-boxes content-boxes columns fusion-columns-2 fusion-columns-total-2 fusion-content-boxes-1 content-boxes-icon-with-title row content-left\" data-animationOffset=\"100%\" style=\"margin-top:0px;margin-bottom:60px;\"><style type=\"text\/css\" scoped=\"scoped\">\r\n\t\t\t.fusion-content-boxes-1 .fusion-content-box-hover .link-area-link-icon-hover .heading h2,\r\n\t\t\t.fusion-content-boxes-1 .fusion-content-box-hover .link-area-link-icon-hover .heading .heading-link h2,\r\n\t\t\t.fusion-content-boxes-1 .fusion-content-box-hover .link-area-box-hover .heading h2,\r\n\t\t\t.fusion-content-boxes-1 .fusion-content-box-hover .link-area-box-hover .heading .heading-link h2,\r\n\t\t\t.fusion-content-boxes-1 .fusion-content-box-hover .link-area-link-icon-hover.link-area-box .fusion-read-more,\r\n\t\t\t.fusion-content-boxes-1 .fusion-content-box-hover .link-area-link-icon-hover.link-area-box .fusion-read-more::after,\r\n\t\t\t.fusion-content-boxes-1 .fusion-content-box-hover .link-area-link-icon-hover.link-area-box .fusion-read-more::before,\r\n\t\t\t.fusion-content-boxes-1 .fusion-content-box-hover .fusion-read-more:hover:after,\r\n\t\t\t.fusion-content-boxes-1 .fusion-content-box-hover .fusion-read-more:hover:before,\r\n\t\t\t.fusion-content-boxes-1 .fusion-content-box-hover .fusion-read-more:hover,\r\n\t\t\t.fusion-content-boxes-1 .fusion-content-box-hover .link-area-box-hover.link-area-box .fusion-read-more,\r\n\t\t\t.fusion-content-boxes-1 .fusion-content-box-hover .link-area-box-hover.link-area-box .fusion-read-more::after,\r\n\t\t\t.fusion-content-boxes-1 .fusion-content-box-hover .link-area-box-hover.link-area-box .fusion-read-more::before,\t\t\t\r\n\t\t\t.fusion-content-boxes-1 .fusion-content-box-hover .link-area-link-icon-hover .icon .circle-no,\r\n\t\t\t.fusion-content-boxes-1 .fusion-content-box-hover .link-area-box-hover .icon .circle-no {\r\n\t\t\t\tcolor: #000000 !important;\r\n\t\t\t}\r\n\t\t\t.fusion-content-boxes-1 .fusion-content-box-hover .heading-link:hover .icon i.circle-yes,\r\n\t\t\t.fusion-content-boxes-1 .fusion-content-box-hover .link-area-box:hover .heading-link .icon i.circle-yes,\r\n\t\t\t.fusion-content-boxes-1 .fusion-content-box-hover .link-area-link-icon-hover .heading .icon i.circle-yes,\r\n\t\t\t.fusion-content-boxes-1 .fusion-content-box-hover .link-area-box-hover .heading .icon i.circle-yes {\r\n\t\t\t\tbackground-color: #000000 !important;\r\n\t\t\t\tborder-color: #000000 !important;\r\n\t\t\t}<\/style><div class=\"fusion-column content-box-column content-box-column-1 col-lg-6 col-md-6 col-sm-6 fusion-content-box-hover content-box-column-first-in-row\"><div class=\"col content-wrapper-background link-area-link-icon link-type-text icon-hover-animation-fade\" style=\"background-color:#ffffff;\"><div class=\"heading heading-with-icon icon-left\"><a class=\"heading-link\" href=\"\/portal\/kmr\/willkommen-in-hamburg-kmr\/\" target=\"_self\"><div class=\"image\"><img loading=\"lazy\" decoding=\"async\" src=\"https:\/\/we-inform.de\/portal\/wp-content\/uploads\/2016\/01\/HH-1.png\" width=\"60\" height=\"60\" alt=\"\" \/><\/div><h2 class=\"content-box-heading\" style=\"font-size: 36px;line-height:41px;\">Hamburg<\/h2><\/a><\/div><div class=\"fusion-clearfix\"><\/div><div class=\"content-container\">\n<p><a href=\"\/portal\/kmr\/willkommen-in-hamburg-kmr\/\"><img loading=\"lazy\" decoding=\"async\" class=\"alignnone wp-image-879 size-full\" src=\"http:\/\/we-inform.de\/portal\/wp-content\/uploads\/2016\/01\/HH.png\" alt=\"\" width=\"500\" height=\"334\" srcset=\"https:\/\/we-inform.de\/portal\/wp-content\/uploads\/2016\/01\/HH.png 500w, https:\/\/we-inform.de\/portal\/wp-content\/uploads\/2016\/01\/HH-300x200.png 300w\" sizes=\"(max-width: 500px) 100vw, 500px\" \/><\/a><\/p>\n<p><span data-sheets-value=\"{&quot;1&quot;:2,&quot;2&quot;:&quot;Li Hamburg\u00ea k\u00eejan seyrangeh hene \u00fb ez \u00e7awa dikarim bi veguhastina gi\u015ft\u00ee bigerrim? Derbar\u00ea Hamburg\u00ea da agah\u00eey\u00ean gi\u015ft\u00ee bib\u00eene.&quot;}\" data-sheets-userformat=\"{&quot;2&quot;:14593,&quot;3&quot;:{&quot;1&quot;:0,&quot;3&quot;:1},&quot;11&quot;:4,&quot;14&quot;:{&quot;1&quot;:3,&quot;3&quot;:1},&quot;15&quot;:&quot;Calibri&quot;,&quot;16&quot;:11}\">Li Hamburg\u00ea k\u00eejan seyrangeh hene \u00fb ez \u00e7awa dikarim bi veguhastina gi\u015ft\u00ee bigerrim? Derbar\u00ea Hamburg\u00ea da agah\u00eey\u00ean gi\u015ft\u00ee bib\u00eene.<\/span><\/p>\n<div class=\"fusion-clearfix\"><\/div><a class=\"fusion-read-more\" href=\"\/portal\/kmr\/willkommen-in-hamburg-kmr\/\" target=\"_self\">Zaniyariy\u00ean z\u00eadetir<\/a><div class=\"fusion-clearfix\"><\/div><\/div><\/div><\/div><div class=\"fusion-column content-box-column content-box-column-2 col-lg-6 col-md-6 col-sm-6 fusion-content-box-hover content-box-column-last content-box-column-last-in-row\"><div class=\"col content-wrapper-background link-area-link-icon link-type-text icon-hover-animation-fade\" style=\"background-color:#ffffff;\"><div class=\"heading heading-with-icon icon-left\"><a class=\"heading-link\" href=\"\/portal\/kmr\/hamburger-kennenlernen-kmr\/\" target=\"_self\"><div class=\"image\"><img loading=\"lazy\" decoding=\"async\" src=\"https:\/\/we-inform.de\/portal\/wp-content\/uploads\/2016\/01\/Hamburger_blau.png\" width=\"60\" height=\"60\" alt=\"\" \/><\/div><h2 class=\"content-box-heading\" style=\"font-size: 36px;line-height:41px;\">Li ser xelk\u00ea Hamburg\u00ea bizanin<\/h2><\/a><\/div><div class=\"fusion-clearfix\"><\/div><div class=\"content-container\">\n<p><a href=\"\/portal\/kmr\/hamburger-kennenlernen-kmr\/\"><img loading=\"lazy\" decoding=\"async\" class=\"alignnone wp-image-1001 size-full\" src=\"http:\/\/we-inform.de\/portal\/wp-content\/uploads\/2016\/01\/Kennenlernen.png\" alt=\"\" width=\"500\" height=\"334\" srcset=\"https:\/\/we-inform.de\/portal\/wp-content\/uploads\/2016\/01\/Kennenlernen.png 500w, https:\/\/we-inform.de\/portal\/wp-content\/uploads\/2016\/01\/Kennenlernen-300x200.png 300w\" sizes=\"(max-width: 500px) 100vw, 500px\" \/><\/a><\/p>\n<p><span data-sheets-value=\"{&quot;1&quot;:2,&quot;2&quot;:&quot;Ez \u00e7awa dikarim bi mirov\u00ean din \u00ean li Hamburg\u00ea ra hevnas bibim, ez \u00e7awa \u015f\u00eawirmendek\u00ee bib\u00eenim? Agahiy\u00ean li ser hevd\u00eetina bi mirovan re li Hamburg\u00ea bib\u00eene.&quot;}\" data-sheets-userformat=\"{&quot;2&quot;:14593,&quot;3&quot;:{&quot;1&quot;:0,&quot;3&quot;:1},&quot;11&quot;:4,&quot;14&quot;:{&quot;1&quot;:3,&quot;3&quot;:1},&quot;15&quot;:&quot;Calibri&quot;,&quot;16&quot;:11}\">Ez \u00e7awa dikarim bi mirov\u00ean din \u00ean li Hamburg\u00ea ra hevnas bibim, ez \u00e7awa \u015f\u00eawirmendek\u00ee bib\u00eenim? Agahiy\u00ean li ser hevd\u00eetina bi mirovan re li Hamburg\u00ea bib\u00eene.<\/span><\/p>\n<div class=\"fusion-clearfix\"><\/div><a class=\"fusion-read-more\" href=\"\/portal\/kmr\/hamburger-kennenlernen-kmr\/\" target=\"_self\">Zaniyariy\u00ean z\u00eadetir<\/a><div class=\"fusion-clearfix\"><\/div><\/div><\/div><\/div><div class=\"fusion-clearfix\"><\/div><div class=\"fusion-clearfix\"><\/div><\/div><div class=\"fusion-content-boxes content-boxes columns fusion-columns-2 fusion-columns-total-2 fusion-content-boxes-2 content-boxes-icon-with-title row content-left\" data-animationOffset=\"100%\" style=\"margin-top:0px;margin-bottom:60px;\"><style type=\"text\/css\" scoped=\"scoped\">\r\n\t\t\t.fusion-content-boxes-2 .fusion-content-box-hover .link-area-link-icon-hover .heading h2,\r\n\t\t\t.fusion-content-boxes-2 .fusion-content-box-hover .link-area-link-icon-hover .heading .heading-link h2,\r\n\t\t\t.fusion-content-boxes-2 .fusion-content-box-hover .link-area-box-hover .heading h2,\r\n\t\t\t.fusion-content-boxes-2 .fusion-content-box-hover .link-area-box-hover .heading .heading-link h2,\r\n\t\t\t.fusion-content-boxes-2 .fusion-content-box-hover .link-area-link-icon-hover.link-area-box .fusion-read-more,\r\n\t\t\t.fusion-content-boxes-2 .fusion-content-box-hover .link-area-link-icon-hover.link-area-box .fusion-read-more::after,\r\n\t\t\t.fusion-content-boxes-2 .fusion-content-box-hover .link-area-link-icon-hover.link-area-box .fusion-read-more::before,\r\n\t\t\t.fusion-content-boxes-2 .fusion-content-box-hover .fusion-read-more:hover:after,\r\n\t\t\t.fusion-content-boxes-2 .fusion-content-box-hover .fusion-read-more:hover:before,\r\n\t\t\t.fusion-content-boxes-2 .fusion-content-box-hover .fusion-read-more:hover,\r\n\t\t\t.fusion-content-boxes-2 .fusion-content-box-hover .link-area-box-hover.link-area-box .fusion-read-more,\r\n\t\t\t.fusion-content-boxes-2 .fusion-content-box-hover .link-area-box-hover.link-area-box .fusion-read-more::after,\r\n\t\t\t.fusion-content-boxes-2 .fusion-content-box-hover .link-area-box-hover.link-area-box .fusion-read-more::before,\t\t\t\r\n\t\t\t.fusion-content-boxes-2 .fusion-content-box-hover .link-area-link-icon-hover .icon .circle-no,\r\n\t\t\t.fusion-content-boxes-2 .fusion-content-box-hover .link-area-box-hover .icon .circle-no {\r\n\t\t\t\tcolor: #000000 !important;\r\n\t\t\t}\r\n\t\t\t.fusion-content-boxes-2 .fusion-content-box-hover .heading-link:hover .icon i.circle-yes,\r\n\t\t\t.fusion-content-boxes-2 .fusion-content-box-hover .link-area-box:hover .heading-link .icon i.circle-yes,\r\n\t\t\t.fusion-content-boxes-2 .fusion-content-box-hover .link-area-link-icon-hover .heading .icon i.circle-yes,\r\n\t\t\t.fusion-content-boxes-2 .fusion-content-box-hover .link-area-box-hover .heading .icon i.circle-yes {\r\n\t\t\t\tbackground-color: #000000 !important;\r\n\t\t\t\tborder-color: #000000 !important;\r\n\t\t\t}<\/style><div class=\"fusion-column content-box-column content-box-column-1 col-lg-6 col-md-6 col-sm-6 fusion-content-box-hover content-box-column-first-in-row\"><div class=\"col content-wrapper-background link-area-link-icon link-type-text icon-hover-animation-fade\" style=\"background-color:#ffffff;\"><div class=\"heading heading-with-icon icon-left\"><a class=\"heading-link\" href=\"\/portal\/kmr\/freizeit-kmr\/\" target=\"_self\"><div class=\"image\"><img loading=\"lazy\" decoding=\"async\" src=\"https:\/\/we-inform.de\/portal\/wp-content\/uploads\/2016\/01\/Freizeit_blau-1.png\" width=\"60\" height=\"60\" alt=\"\" \/><\/div><h2 class=\"content-box-heading\" style=\"font-size: 36px;line-height:41px;\">BETAL\u00ce <\/h2><\/a><\/div><div class=\"fusion-clearfix\"><\/div><div class=\"content-container\">\n<p><a href=\"\/portal\/kmr\/freizeit-kmr\/\"><img loading=\"lazy\" decoding=\"async\" class=\"alignnone wp-image-1003 size-full\" src=\"http:\/\/we-inform.de\/portal\/wp-content\/uploads\/2016\/01\/Freizeit.png\" alt=\"\" width=\"500\" height=\"334\" srcset=\"https:\/\/we-inform.de\/portal\/wp-content\/uploads\/2016\/01\/Freizeit.png 500w, https:\/\/we-inform.de\/portal\/wp-content\/uploads\/2016\/01\/Freizeit-300x200.png 300w\" sizes=\"(max-width: 500px) 100vw, 500px\" \/><\/a><\/p>\n<p><span data-sheets-value=\"{&quot;1&quot;:2,&quot;2&quot;:&quot;Li Hamburg\u00ea k\u00eejan werz\u00ee\u015f, park \u00fb muzexane hene? Li ser mijara dema vala li Hamburg\u00ea agahiyan bib\u00eene.&quot;}\" data-sheets-userformat=\"{&quot;2&quot;:14593,&quot;3&quot;:{&quot;1&quot;:0,&quot;3&quot;:1},&quot;11&quot;:4,&quot;14&quot;:{&quot;1&quot;:3,&quot;3&quot;:1},&quot;15&quot;:&quot;Calibri&quot;,&quot;16&quot;:11}\">Li Hamburg\u00ea k\u00eejan werz\u00ee\u015f, park \u00fb muzexane hene? Li ser mijara dema vala li Hamburg\u00ea agahiyan bib\u00eene.<\/span><\/p>\n<div class=\"fusion-clearfix\"><\/div><a class=\"fusion-read-more\" href=\"\/portal\/kmr\/freizeit-kmr\/\" target=\"_self\">Zaniyariy\u00ean z\u00eadetir<\/a><div class=\"fusion-clearfix\"><\/div><\/div><\/div><\/div><div class=\"fusion-column content-box-column content-box-column-2 col-lg-6 col-md-6 col-sm-6 fusion-content-box-hover content-box-column-last content-box-column-last-in-row\"><div class=\"col content-wrapper-background link-area-link-icon link-type-text icon-hover-animation-fade\" style=\"background-color:#ffffff;\"><div class=\"heading heading-with-icon icon-left\"><a class=\"heading-link\" href=\"\/portal\/kmr\/religion-kmr\/\" target=\"_self\"><div class=\"image\"><img loading=\"lazy\" decoding=\"async\" src=\"https:\/\/we-inform.de\/portal\/wp-content\/uploads\/2016\/01\/Religion_blau-1.png\" width=\"60\" height=\"60\" alt=\"\" \/><\/div><h2 class=\"content-box-heading\" style=\"font-size: 36px;line-height:41px;\">CIVAK\u00caN OL\u00ce<\/h2><\/a><\/div><div class=\"fusion-clearfix\"><\/div><div class=\"content-container\">\n<p><a href=\"\/portal\/kmr\/religion-kmr\/\"><img loading=\"lazy\" decoding=\"async\" class=\"alignnone wp-image-1004 size-full\" src=\"http:\/\/we-inform.de\/portal\/wp-content\/uploads\/2016\/01\/Religion.png\" alt=\"\" width=\"500\" height=\"334\" srcset=\"https:\/\/we-inform.de\/portal\/wp-content\/uploads\/2016\/01\/Religion.png 500w, https:\/\/we-inform.de\/portal\/wp-content\/uploads\/2016\/01\/Religion-300x200.png 300w\" sizes=\"(max-width: 500px) 100vw, 500px\" \/><\/a><\/p>\n<p><span data-sheets-value=\"{&quot;1&quot;:2,&quot;2&quot;:&quot;Li Hamburg\u00ea k\u00eejan d\u00ear, kin\u00ee\u015fte, mizgeft \u00fb cih\u00ean din \u00ean \u00eebadet\u00ea hene? Li Hamburg\u00ea li ser prat\u00eekkirina ol\u00ea agahiyan bib\u00eene.&quot;}\" data-sheets-userformat=\"{&quot;2&quot;:14593,&quot;3&quot;:{&quot;1&quot;:0,&quot;3&quot;:1},&quot;11&quot;:4,&quot;14&quot;:{&quot;1&quot;:3,&quot;3&quot;:1},&quot;15&quot;:&quot;Calibri&quot;,&quot;16&quot;:11}\">Li Hamburg\u00ea k\u00eejan d\u00ear, kin\u00ee\u015fte, mizgeft \u00fb cih\u00ean din \u00ean \u00eebadet\u00ea hene? Li Hamburg\u00ea li ser prat\u00eekkirina ol\u00ea agahiyan bib\u00eene.<\/span><\/p>\n<div class=\"fusion-clearfix\"><\/div><a class=\"fusion-read-more\" href=\"\/portal\/kmr\/religion-kmr\/\" target=\"_self\">Zaniyariy\u00ean z\u00eadetir<\/a><div class=\"fusion-clearfix\"><\/div><\/div><\/div><\/div><div class=\"fusion-clearfix\"><\/div><div class=\"fusion-clearfix\"><\/div><\/div><div class=\"fusion-content-boxes content-boxes columns fusion-columns-2 fusion-columns-total-1 fusion-content-boxes-3 content-boxes-icon-with-title row content-left\" data-animationOffset=\"100%\" style=\"margin-top:0px;margin-bottom:60px;\"><style type=\"text\/css\" scoped=\"scoped\">\r\n\t\t\t.fusion-content-boxes-3 .fusion-content-box-hover .link-area-link-icon-hover .heading h2,\r\n\t\t\t.fusion-content-boxes-3 .fusion-content-box-hover .link-area-link-icon-hover .heading .heading-link h2,\r\n\t\t\t.fusion-content-boxes-3 .fusion-content-box-hover .link-area-box-hover .heading h2,\r\n\t\t\t.fusion-content-boxes-3 .fusion-content-box-hover .link-area-box-hover .heading .heading-link h2,\r\n\t\t\t.fusion-content-boxes-3 .fusion-content-box-hover .link-area-link-icon-hover.link-area-box .fusion-read-more,\r\n\t\t\t.fusion-content-boxes-3 .fusion-content-box-hover .link-area-link-icon-hover.link-area-box .fusion-read-more::after,\r\n\t\t\t.fusion-content-boxes-3 .fusion-content-box-hover .link-area-link-icon-hover.link-area-box .fusion-read-more::before,\r\n\t\t\t.fusion-content-boxes-3 .fusion-content-box-hover .fusion-read-more:hover:after,\r\n\t\t\t.fusion-content-boxes-3 .fusion-content-box-hover .fusion-read-more:hover:before,\r\n\t\t\t.fusion-content-boxes-3 .fusion-content-box-hover .fusion-read-more:hover,\r\n\t\t\t.fusion-content-boxes-3 .fusion-content-box-hover .link-area-box-hover.link-area-box .fusion-read-more,\r\n\t\t\t.fusion-content-boxes-3 .fusion-content-box-hover .link-area-box-hover.link-area-box .fusion-read-more::after,\r\n\t\t\t.fusion-content-boxes-3 .fusion-content-box-hover .link-area-box-hover.link-area-box .fusion-read-more::before,\t\t\t\r\n\t\t\t.fusion-content-boxes-3 .fusion-content-box-hover .link-area-link-icon-hover .icon .circle-no,\r\n\t\t\t.fusion-content-boxes-3 .fusion-content-box-hover .link-area-box-hover .icon .circle-no {\r\n\t\t\t\tcolor: #000000 !important;\r\n\t\t\t}\r\n\t\t\t.fusion-content-boxes-3 .fusion-content-box-hover .heading-link:hover .icon i.circle-yes,\r\n\t\t\t.fusion-content-boxes-3 .fusion-content-box-hover .link-area-box:hover .heading-link .icon i.circle-yes,\r\n\t\t\t.fusion-content-boxes-3 .fusion-content-box-hover .link-area-link-icon-hover .heading .icon i.circle-yes,\r\n\t\t\t.fusion-content-boxes-3 .fusion-content-box-hover .link-area-box-hover .heading .icon i.circle-yes {\r\n\t\t\t\tbackground-color: #000000 !important;\r\n\t\t\t\tborder-color: #000000 !important;\r\n\t\t\t}<\/style><div class=\"fusion-column content-box-column content-box-column-1 col-lg-6 col-md-6 col-sm-6 fusion-content-box-hover content-box-column-first-in-row content-box-column-last\"><div class=\"col content-wrapper-background link-area-link-icon link-type-text icon-hover-animation-fade\" style=\"background-color:#ffffff;\"><div class=\"heading heading-with-icon icon-left\"><a class=\"heading-link\" href=\"\/portal\/kmr\/nachrichten-kmr\/\" target=\"_self\"><div class=\"image\"><img loading=\"lazy\" decoding=\"async\" src=\"https:\/\/we-inform.de\/portal\/wp-content\/uploads\/2016\/01\/Nachrichten_blau.png\" width=\"60\" height=\"60\" alt=\"\" \/><\/div><h2 class=\"content-box-heading\" style=\"font-size: 36px;line-height:41px;\">N\u00fb\u00e7e<\/h2><\/a><\/div><div class=\"fusion-clearfix\"><\/div><div class=\"content-container\">\n<p><a href=\"\/portal\/kmr\/nachrichten-kmr\/\"><img loading=\"lazy\" decoding=\"async\" class=\"alignnone wp-image-1007 size-full\" src=\"http:\/\/we-inform.de\/portal\/wp-content\/uploads\/2016\/01\/Nachrichten.png\" alt=\"\" width=\"500\" height=\"334\" srcset=\"https:\/\/we-inform.de\/portal\/wp-content\/uploads\/2016\/01\/Nachrichten.png 500w, https:\/\/we-inform.de\/portal\/wp-content\/uploads\/2016\/01\/Nachrichten-300x200.png 300w\" sizes=\"(max-width: 500px) 100vw, 500px\" \/><\/a><\/p>\n<p><span data-sheets-value=\"{&quot;1&quot;:2,&quot;2&quot;:&quot;Ez li ku der\u00ea di telev\u00eezyon, radyo \u00fb rojnameyan de \u00e7avkaniy\u00ean n\u00fb\u00e7ey\u00ean ba\u015f peyda bikim? Li ser mijara n\u00fb\u00e7eyan agahiy\u00ea bib\u00eene. &quot;}\" data-sheets-userformat=\"{&quot;2&quot;:14593,&quot;3&quot;:{&quot;1&quot;:0,&quot;3&quot;:1},&quot;11&quot;:4,&quot;14&quot;:{&quot;1&quot;:3,&quot;3&quot;:1},&quot;15&quot;:&quot;Calibri&quot;,&quot;16&quot;:11}\">Ez li ku der\u00ea di telev\u00eezyon, radyo \u00fb rojnameyan de \u00e7avkaniy\u00ean n\u00fb\u00e7ey\u00ean ba\u015f peyda bikim? Li ser mijara n\u00fb\u00e7eyan agahiy\u00ea bib\u00eene. <\/span><\/p>\n<div class=\"fusion-clearfix\"><\/div><a class=\"fusion-read-more\" href=\"\/portal\/kmr\/nachrichten-kmr\/\" target=\"_self\">Zaniyariy\u00ean z\u00eadetir<\/a><div class=\"fusion-clearfix\"><\/div><\/div><\/div><\/div><div class=\"fusion-clearfix\"><\/div><\/div><div class=\"fusion-clearfix\"><\/div><\/div><\/div><div class=\"fusion-clearfix\"><\/div><\/div><\/div>\n","protected":false},"excerpt":{"rendered":"","protected":false},"author":18,"featured_media":0,"parent":0,"menu_order":0,"comment_status":"closed","ping_status":"closed","template":"100-width.php","meta":{"footnotes":""},"class_list":["post-5073","page","type-page","status-publish","hentry"],"_links":{"self":[{"href":"https:\/\/we-inform.de\/portal\/wp-json\/wp\/v2\/pages\/5073"}],"collection":[{"href":"https:\/\/we-inform.de\/portal\/wp-json\/wp\/v2\/pages"}],"about":[{"href":"https:\/\/we-inform.de\/portal\/wp-json\/wp\/v2\/types\/page"}],"author":[{"embeddable":true,"href":"https:\/\/we-inform.de\/portal\/wp-json\/wp\/v2\/users\/18"}],"replies":[{"embeddable":true,"href":"https:\/\/we-inform.de\/portal\/wp-json\/wp\/v2\/comments?post=5073"}],"version-history":[{"count":8,"href":"https:\/\/we-inform.de\/portal\/wp-json\/wp\/v2\/pages\/5073\/revisions"}],"predecessor-version":[{"id":7749,"href":"https:\/\/we-inform.de\/portal\/wp-json\/wp\/v2\/pages\/5073\/revisions\/7749"}],"wp:attachment":[{"href":"https:\/\/we-inform.de\/portal\/wp-json\/wp\/v2\/media?parent=5073"}],"curies":[{"name":"wp","href":"https:\/\/api.w.org\/{rel}","templated":true}]}}