{"id":4809,"date":"2018-06-21T13:59:12","date_gmt":"2018-06-21T11:59:12","guid":{"rendered":"http:\/\/we-inform.de\/portal\/?page_id=4809"},"modified":"2022-01-18T22:23:42","modified_gmt":"2022-01-18T21:23:42","slug":"sei-dabei-kmr","status":"publish","type":"page","link":"https:\/\/we-inform.de\/portal\/kmr\/sei-dabei-kmr\/","title":{"rendered":"Berbij\u00earin tevl\u00eab\u00fbn\u00ea &#8211; Sei dabei!"},"content":{"rendered":"<div class=\"fusion-fullwidth fullwidth-box fusion-fullwidth-1  fusion-parallax-none nonhundred-percent-fullwidth\" style=\"border-color:#eae9e9;border-bottom-width: 0px;border-top-width: 0px;border-bottom-style: solid;border-top-style: solid;padding-bottom:20px;padding-top:20px;padding-left:;padding-right:;\"><style type=\"text\/css\" scoped=\"scoped\">.fusion-fullwidth-1 {\r\n                            padding-left: px !important;\r\n                            padding-right: px !important;\r\n                        }<\/style><div class=\"fusion-row\"><p><span style=\"color: #02a4d5;\"><strong>Wir freuen uns \u00fcber jegliche Unterst\u00fctzung!<\/strong><\/span><\/p>\n<p><strong>Sie haben&nbsp;eine Anmerkung oder Ihnen ist eine Verbesserungsm\u00f6glichkeit aufgefallen?<\/strong><br \/>\nWir sind Ihnen f\u00fcr Ihre Nachricht an <a href=\"mailto:info@we-inform.de\">info@we-inform.de<\/a> dankbar.<\/p>\n<p><strong>Sie m\u00f6chten bei We.Inform aktiv werden? Werden Sie Teil unserer Task Forces indem Sie entweder inhaltlich an Konzepten mitarbeiten oder die Eins\u00e4tze begleiten!<\/strong><br \/>\nMelden Sie sich \u00fcber <span style=\"color: #4f4f4f;\"> &nbsp;<a href=\"mailto:info@we-inform.de\">info@we-inform.de<\/a><\/span><\/p>\n<p><strong>Sie sprechen verschiedene Sprachen?<\/strong><br \/>\nUnterst\u00fctzen Sie uns als Dolmetscher! &nbsp;<a href=\"mailto:info@we-inform.de\">info@we-inform.de<\/a><\/p>\n<p><strong>Sie sind ein Networker und haben Spa\u00df an Fundraising?<\/strong><br \/>\nUnterst\u00fctzen Sie unser Team Finanzen! &nbsp;<a href=\"mailto:info@we-inform.de\">info@we-inform.de<\/a><\/p>\n<p><strong>Wir finden f\u00fcr alle Interessierten die passende Position in unserem Projekt.<\/strong><br \/>\nWenn Sie Lust haben mitzumachen, schreiben Sie eine Mail an<span style=\"color: #4f4f4f;\"> &nbsp;<a href=\"mailto:info@we-inform.de\">info@we-inform.de<\/a><\/span><\/p>\n<p><span style=\"color: #02a4d5;\"><strong>Sie m\u00f6chten uns finanziell unterst\u00fctzen?<\/strong><\/span><\/p>\n<p>Hier finden Sie unsere Kontodaten. Eine Spendenquittung kann auf Anfrage ausgestellt werden.<\/p>\n<table>\n<tbody>\n<tr>\n<td><b>Beg\u00fcnstigter:<\/b><\/td>\n<td>Bucerius Law School gGmbH<\/td>\n<\/tr>\n<tr>\n<td><b>IBAN:<\/b><\/td>\n<td>DE44 2005 0550 1280 1286 10<\/td>\n<\/tr>\n<tr>\n<td><b>BIC:<\/b><\/td>\n<td>HASPDEHHXXX<\/td>\n<\/tr>\n<tr>\n<td><b>Bank:<\/b><\/td>\n<td>Hamburger Sparkasse<\/td>\n<\/tr>\n<tr>\n<td><b>Verwendungszweck: &nbsp;&nbsp;<\/b><\/td>\n<td>We.Inform &#8211; Spende<\/td>\n<\/tr>\n<\/tbody>\n<\/table>\n<p><span style=\"color: #02a4d5;\"><strong><br \/>\nSie m\u00f6chten unser Informationsangebot erweitern?<\/strong><\/span><\/p>\n<p><strong>Sie haben n\u00fctzliche Informationen f\u00fcr uns oder m\u00f6chten, dass Ihr Projekt in unsere Projektdatenbank aufgenommen wird?<\/strong><br \/>\nMelden Sie sich \u00fcber <a href=\"mailto:info@we-inform.de\">info@we-inform.de<\/a>.<\/p>\n<p><strong>Sie wollen eine Veranstaltung in unserem Veranstaltungskalender platzieren?<br \/>\n<\/strong> Wir freuen uns auf Ihre R\u00fcckmeldung \u00fcber <a href=\"mailto:info@we-inform.de\">info@we-inform.de<\/a><\/p>\n<\/div><\/div>\n","protected":false},"excerpt":{"rendered":"","protected":false},"author":18,"featured_media":0,"parent":0,"menu_order":0,"comment_status":"closed","ping_status":"closed","template":"","meta":{"footnotes":""},"class_list":["post-4809","page","type-page","status-publish","hentry"],"_links":{"self":[{"href":"https:\/\/we-inform.de\/portal\/wp-json\/wp\/v2\/pages\/4809"}],"collection":[{"href":"https:\/\/we-inform.de\/portal\/wp-json\/wp\/v2\/pages"}],"about":[{"href":"https:\/\/we-inform.de\/portal\/wp-json\/wp\/v2\/types\/page"}],"author":[{"embeddable":true,"href":"https:\/\/we-inform.de\/portal\/wp-json\/wp\/v2\/users\/18"}],"replies":[{"embeddable":true,"href":"https:\/\/we-inform.de\/portal\/wp-json\/wp\/v2\/comments?post=4809"}],"version-history":[{"count":8,"href":"https:\/\/we-inform.de\/portal\/wp-json\/wp\/v2\/pages\/4809\/revisions"}],"predecessor-version":[{"id":7801,"href":"https:\/\/we-inform.de\/portal\/wp-json\/wp\/v2\/pages\/4809\/revisions\/7801"}],"wp:attachment":[{"href":"https:\/\/we-inform.de\/portal\/wp-json\/wp\/v2\/media?parent=4809"}],"curies":[{"name":"wp","href":"https:\/\/api.w.org\/{rel}","templated":true}]}}