{"id":4802,"date":"2018-06-20T13:33:49","date_gmt":"2018-06-20T11:33:49","guid":{"rendered":"http:\/\/we-inform.de\/portal\/?page_id=4802"},"modified":"2022-01-25T18:41:02","modified_gmt":"2022-01-25T17:41:02","slug":"beratung-in-den-beratungsstellen-kmr","status":"publish","type":"page","link":"https:\/\/we-inform.de\/portal\/kmr\/beratung-in-den-beratungsstellen-kmr\/","title":{"rendered":"R\u00ean\u00ee\u015fandan li navend\u00ean \u015f\u00eawir &#8211; Beratung in den Beratungsstellen"},"content":{"rendered":"<div class=\"fusion-fullwidth fullwidth-box fusion-fullwidth-1  fusion-parallax-none nonhundred-percent-fullwidth\" style=\"border-color:#eae9e9;border-bottom-width: 0px;border-top-width: 0px;border-bottom-style: solid;border-top-style: solid;padding-bottom:20px;padding-top:20px;padding-left:;padding-right:;\"><style type=\"text\/css\" scoped=\"scoped\">.fusion-fullwidth-1 {\r\n                            padding-left: px !important;\r\n                            padding-right: px !important;\r\n                        }<\/style><div class=\"fusion-row\"><p><strong>Navend\u00ean \u015f\u00eawirmendiya ko\u00e7beriy\u00ea<\/strong><\/p>\n<p>Navend\u00ean \u015f\u00eawirmend\u00ee al\u00eekariya ji bo jiyana rojane al\u00eekariya penaberan dike. \u015e\u00eawirmend\u00ee di navend\u00ean gi\u015ft\u00ee de bela\u015f e, l\u00ea dema wan bi s\u00eenor e. Ev navend bersiva pirs\u00ean li ser k\u00ea\u015fey\u00ean rojane didin \u00fb her wisa dema ku k\u00ea\u015feyek ji ber ziman\u00ea Alman\u00ee hebe al\u00eekariy\u00ea dikin.<\/p>\n<p>Ji kerema xwe baldar bin ku \u00e7end navend\u00ean \u015f\u00eawirmendiy\u00ea ji bo kom\u00ean bi armanc\u00ean taybet y\u00ean cuda hene:<\/p>\n<\/div><\/div><div class=\"fusion-fullwidth fullwidth-box fusion-fullwidth-2  fusion-parallax-none nonhundred-percent-fullwidth\" style=\"border-color:#eae9e9;border-bottom-width: 0px;border-top-width: 0px;border-bottom-style: solid;border-top-style: solid;padding-bottom:20px;padding-top:20px;padding-left:;padding-right:;\"><style type=\"text\/css\" scoped=\"scoped\">.fusion-fullwidth-2 {\r\n                            padding-left: px !important;\r\n                            padding-right: px !important;\r\n                        }<\/style><div class=\"fusion-row\"><p><strong><span style=\"color: #02a4d5;\">Navend\u00ean \u015e\u00eawirmendiy\u00ea ji bo penaber\u00ean bitemen (MBE)<\/span><\/strong><\/p>\n<p><a href=\"https:\/\/www.hamburg.de\/contentblob\/13921578\/3c2c3e03e804ea042a12c42be66157d4\/data\/angebote-mbe-netzwerk.pdf\">https:\/\/www.hamburg.de\/contentblob\/13921578\/3c2c3e03e804ea042a12c42be66157d4\/data\/angebote-mbe-netzwerk.pdf<\/a><\/p>\n<p>Armanca van navendan hem hemwelat\u00ee ne hem j\u00ee kes\u00ean ku n\u00fb gih\u00ee\u015ftine ku xwed\u00ee maf\u00ea r\u00fbni\u015ftin\u00ea ne. Li her nav\u00e7eyeke n\u00eaz\u00ee Hamburg\u00ea gelek cih hene. Ji kerema xwe ji b\u00eer nekin ku bi gi\u015ft\u00ee ajans\u00ean taybet van navendan bi r\u00ea ve dibin, di hin rew\u015fan de j\u00ee d\u00earan bi r\u00ea ve dibin. Bo nim\u00fbne ew al\u00eekariya pirs\u00ean we dikin ku t\u00eakildar in li gel peydakirina qateke avahiy\u00ea yan j\u00ee xaniyek\u00ee.<\/p>\n<\/div><\/div><div class=\"fusion-fullwidth fullwidth-box fusion-fullwidth-3  fusion-parallax-none nonhundred-percent-fullwidth\" style=\"border-color:#eae9e9;border-bottom-width: 0px;border-top-width: 0px;border-bottom-style: solid;border-top-style: solid;padding-bottom:20px;padding-top:20px;padding-left:;padding-right:;\"><style type=\"text\/css\" scoped=\"scoped\">.fusion-fullwidth-3 {\r\n                            padding-left: px !important;\r\n                            padding-right: px !important;\r\n                        }<\/style><div class=\"fusion-row\"><p><span style=\"color: #02a4d5;\"><strong>Xizmetguzariy\u00ean ko\u00e7beriy\u00ea y\u00ean ciwanan (JMD)<\/strong><\/span><\/p>\n<p><a href=\"http:\/\/www.jugendmigrationsdienste.de\/\">http:\/\/www.jugendmigrationsdienste.de\/<\/a><\/p>\n<p>Xizmetguzariya penaber\u00ean ciwanan al\u00eekariya penaber\u00ean temen\u00ean j\u00ear 27 salan dide. Ew teehud dikin ku wekheviya derfetan \u00fb bernamey\u00ean entegrasyon\u00ea p\u00ea\u015fk\u00ea\u015f bikin. \u00c7end cih hene, hin ji wan xwed\u00ee pi\u015ftgiriya taybet an destp\u00ea\u015fxeriyek in ku ji aliy\u00ea d\u00ear\u00ea ve t\u00ean pi\u015ftgir\u00eekirin.<\/p>\n<\/div><\/div><div class=\"fusion-fullwidth fullwidth-box fusion-fullwidth-4  fusion-parallax-none nonhundred-percent-fullwidth\" style=\"border-color:#eae9e9;border-bottom-width: 0px;border-top-width: 0px;border-bottom-style: solid;border-top-style: solid;padding-bottom:20px;padding-top:20px;padding-left:;padding-right:;\"><style type=\"text\/css\" scoped=\"scoped\">.fusion-fullwidth-4 {\r\n                            padding-left: px !important;\r\n                            padding-right: px !important;\r\n                        }<\/style><div class=\"fusion-row\"><p><span style=\"color: #02a4d5;\"><strong>R\u00eabernameya penaberan<\/strong><\/span><\/p>\n<p><a href=\"http:\/\/www.fluechtlingszentrum-hamburg.de\/\">www.fluechtlingszentrum-hamburg.de<\/a><\/p>\n<p>Navenda Penaber\u00ean Hamburg\u00ea pi\u015ftgiriya daxwazker\u00ean penaber\u00ee y\u00ean bi \u00eeqameya neewle an b\u00ea \u00eeqame, penaber\u00ean d\u00eesa r\u00fbni\u015ft\u00ee \u00fb panaber\u00ean r\u00fbni\u015ft\u00ee \u00fb her wisa hin kom\u00ean din dike. Ew ji bo pirs\u00ean derbar\u00ea penaberiy\u00ea al\u00eekar\u00ee p\u00ea\u015fk\u00ea\u015f dike, l\u00ea her wisa agahdariy\u00ea li ser mijar\u00ean wek\u00ee kar j\u00ee p\u00ea\u015fk\u00ea\u015f dikin. Agahiy\u00ean z\u00eadetir li nav malper\u00ea de hene (her wisa bi ereb\u00ee, frans\u00ee, \u00eengil\u00eez\u00ee, dar\u00ee, faris\u00ee \u00fb r\u00fbs\u00ee)<\/p>\n<p>Navn\u00ee\u015fan: Adenauerallee 10<br \/>\nTelefon.: +49 40 2840790<\/p>\n<\/div><\/div><div class=\"fusion-fullwidth fullwidth-box fusion-fullwidth-5  fusion-parallax-none nonhundred-percent-fullwidth\" style=\"border-color:#eae9e9;border-bottom-width: 0px;border-top-width: 0px;border-bottom-style: solid;border-top-style: solid;padding-bottom:20px;padding-top:20px;padding-left:;padding-right:;\"><style type=\"text\/css\" scoped=\"scoped\">.fusion-fullwidth-5 {\r\n                            padding-left: px !important;\r\n                            padding-right: px !important;\r\n                        }<\/style><div class=\"fusion-row\"><p><span style=\"color: #02a4d5;\"><b>Navend\u00ean Entegrasyon\u00ea (Integrationszenten)<\/b><\/span><\/p>\n<p>Navend\u00ean entegrasyon\u00ea (Integrationszentren) bi taybet\u00ee ji bo mezin\u00ean ku ber\u00ea demek\u00ea li Hamburg\u00ea diyane \u00fb maf\u00ea wan \u00ea may\u00een\u00ea heye, \u015f\u00eeret\u00ean ko\u00e7beriy\u00ea p\u00ea\u015fk\u00ea\u015f dikin. Di \u015f\u00eawr\u00ea de li ser mijar\u00ean weke maf\u00ea r\u00fbni\u015ftin\u00ea \u00fb xwezay\u00eeb\u00fbn\u00ea, xebata bi rayedaran re, perwerdeh\u00ee, kar \u00fb f\u00eadey\u00ean daray\u00ee, \u015f\u00eawirmend\u00ee \u00fb agah\u00ee hene.<\/p>\n<\/div><\/div><div class=\"fusion-fullwidth fullwidth-box fusion-fullwidth-6  fusion-parallax-none nonhundred-percent-fullwidth\" style=\"border-color:#eae9e9;border-bottom-width: 0px;border-top-width: 0px;border-bottom-style: solid;border-top-style: solid;padding-bottom:20px;padding-top:20px;padding-left:;padding-right:;\"><style type=\"text\/css\" scoped=\"scoped\">.fusion-fullwidth-6 {\r\n                            padding-left: px !important;\r\n                            padding-right: px !important;\r\n                        }<\/style><div class=\"fusion-row\"><p><strong>H\u00fbn dikarin zanyariy\u00ean gi\u015ft\u00ee li ser navend\u00ean \u015f\u00eawir\u00ea li vir bidest bixin<\/strong><\/p>\n<p><a href=\"http:\/\/www.hamburg.de\/migrationsberatung\/\">www.hamburg.de\/migrationsberatung\/<\/a><\/p>\n<\/div><\/div>\n","protected":false},"excerpt":{"rendered":"","protected":false},"author":18,"featured_media":0,"parent":0,"menu_order":0,"comment_status":"closed","ping_status":"closed","template":"","meta":{"footnotes":""},"class_list":["post-4802","page","type-page","status-publish","hentry"],"_links":{"self":[{"href":"https:\/\/we-inform.de\/portal\/wp-json\/wp\/v2\/pages\/4802"}],"collection":[{"href":"https:\/\/we-inform.de\/portal\/wp-json\/wp\/v2\/pages"}],"about":[{"href":"https:\/\/we-inform.de\/portal\/wp-json\/wp\/v2\/types\/page"}],"author":[{"embeddable":true,"href":"https:\/\/we-inform.de\/portal\/wp-json\/wp\/v2\/users\/18"}],"replies":[{"embeddable":true,"href":"https:\/\/we-inform.de\/portal\/wp-json\/wp\/v2\/comments?post=4802"}],"version-history":[{"count":6,"href":"https:\/\/we-inform.de\/portal\/wp-json\/wp\/v2\/pages\/4802\/revisions"}],"predecessor-version":[{"id":8083,"href":"https:\/\/we-inform.de\/portal\/wp-json\/wp\/v2\/pages\/4802\/revisions\/8083"}],"wp:attachment":[{"href":"https:\/\/we-inform.de\/portal\/wp-json\/wp\/v2\/media?parent=4802"}],"curies":[{"name":"wp","href":"https:\/\/api.w.org\/{rel}","templated":true}]}}