{"id":4798,"date":"2018-06-20T13:35:13","date_gmt":"2018-06-20T11:35:13","guid":{"rendered":"http:\/\/we-inform.de\/portal\/?page_id=4798"},"modified":"2022-01-18T22:51:09","modified_gmt":"2022-01-18T21:51:09","slug":"beratung-in-den-unterkuenften-kmr","status":"publish","type":"page","link":"https:\/\/we-inform.de\/portal\/kmr\/beratung-in-den-unterkuenften-kmr\/","title":{"rendered":"r\u00ean\u00ee\u015fander\u00ee ji bo xan\u00ee &#8211; Beratung in den Unterk\u00fcnften"},"content":{"rendered":"<div class=\"fusion-fullwidth fullwidth-box fusion-fullwidth-1  fusion-parallax-none nonhundred-percent-fullwidth\" style=\"border-color:#eae9e9;border-bottom-width: 0px;border-top-width: 0px;border-bottom-style: solid;border-top-style: solid;padding-bottom:20px;padding-top:20px;padding-left:;padding-right:;\"><style type=\"text\/css\" scoped=\"scoped\">.fusion-fullwidth-1 {\r\n                            padding-left: px !important;\r\n                            padding-right: px !important;\r\n                        }<\/style><div class=\"fusion-row\"><p><strong>R\u00eaveberiya Civak\u00ee<\/strong><\/p>\n<p>R\u00eaveberiya Civak\u00ee ji bo bicihb\u00fbna we destp\u00eaka gir\u00eabesta we ji bo her pirsek e. Heke pirseke we hebe li her derek\u00ea ku p\u00eadiv\u00ee be ew dikarin \u015fewr\u00ea bidin we \u00fb serv\u00eeseke din p\u00ea\u015fniyar bikin.<\/p>\n<\/div><\/div>\n","protected":false},"excerpt":{"rendered":"","protected":false},"author":18,"featured_media":0,"parent":0,"menu_order":0,"comment_status":"closed","ping_status":"closed","template":"","meta":{"footnotes":""},"class_list":["post-4798","page","type-page","status-publish","hentry"],"_links":{"self":[{"href":"https:\/\/we-inform.de\/portal\/wp-json\/wp\/v2\/pages\/4798"}],"collection":[{"href":"https:\/\/we-inform.de\/portal\/wp-json\/wp\/v2\/pages"}],"about":[{"href":"https:\/\/we-inform.de\/portal\/wp-json\/wp\/v2\/types\/page"}],"author":[{"embeddable":true,"href":"https:\/\/we-inform.de\/portal\/wp-json\/wp\/v2\/users\/18"}],"replies":[{"embeddable":true,"href":"https:\/\/we-inform.de\/portal\/wp-json\/wp\/v2\/comments?post=4798"}],"version-history":[{"count":4,"href":"https:\/\/we-inform.de\/portal\/wp-json\/wp\/v2\/pages\/4798\/revisions"}],"predecessor-version":[{"id":6025,"href":"https:\/\/we-inform.de\/portal\/wp-json\/wp\/v2\/pages\/4798\/revisions\/6025"}],"wp:attachment":[{"href":"https:\/\/we-inform.de\/portal\/wp-json\/wp\/v2\/media?parent=4798"}],"curies":[{"name":"wp","href":"https:\/\/api.w.org\/{rel}","templated":true}]}}