{"id":4791,"date":"2018-06-20T13:50:22","date_gmt":"2018-06-20T11:50:22","guid":{"rendered":"http:\/\/we-inform.de\/portal\/?page_id=4791"},"modified":"2025-12-07T09:04:10","modified_gmt":"2025-12-07T08:04:10","slug":"nachrichten-kmr","status":"publish","type":"page","link":"https:\/\/we-inform.de\/portal\/kmr\/nachrichten-kmr\/","title":{"rendered":"N\u00fb\u00e7e &#8211; Nachrichten"},"content":{"rendered":"<div class=\"fusion-fullwidth fullwidth-box fusion-fullwidth-1  fusion-parallax-none hundred-percent-fullwidth\" style=\"border-color:#eae9e9;border-bottom-width: 0px;border-top-width: 0px;border-bottom-style: solid;border-top-style: solid;padding-bottom:200px;padding-top:200px;padding-left:;padding-right:;background-color:#02a4d5;background-position:center center;background-repeat:no-repeat;-webkit-background-size:cover;-moz-background-size:cover;-o-background-size:cover;background-size:cover;-ms-filter: &quot;progid:DXImageTransform.Microsoft.AlphaImageLoader(src=&#039;https:\/\/we-inform.de\/portal\/wp-content\/uploads\/2016\/01\/Nachrichten.jpg&#039;, sizingMethod=&#039;scale&#039;)&quot;;background-image: url(https:\/\/we-inform.de\/portal\/wp-content\/uploads\/2016\/01\/Nachrichten.jpg);\"><style type=\"text\/css\" scoped=\"scoped\">.fusion-fullwidth-1 {\r\n                            padding-left: px !important;\r\n                            padding-right: px !important;\r\n                        }<\/style><div class=\"fusion-row\"><\/div><\/div><div class=\"fusion-section-separator section-separator\" style=\"border-bottom:20px solid #02a4d5;\"><div class=\"divider-candy-arrow bottom\" style=\"top:20px;border-top-color: #02a4d5;\"><\/div><div class=\"divider-candy bottom\" style=\"bottom:-40px;border-bottom:1px solid #02a4d5;border-left:1px solid #02a4d5;\"><\/div><\/div><div class=\"fusion-fullwidth fullwidth-box fusion-fullwidth-2  fusion-parallax-none nonhundred-percent-fullwidth\" style=\"border-color:#eae9e9;border-bottom-width: 0px;border-top-width: 0px;border-bottom-style: solid;border-top-style: solid;padding-bottom:0px;padding-top:20px;padding-left:80px;padding-right:80px;\"><style type=\"text\/css\" scoped=\"scoped\">.fusion-fullwidth-2 {\r\n                            padding-left: 80px !important;\r\n                            padding-right: 80px !important;\r\n                        }<\/style><div class=\"fusion-row\"><div class=\"fusion-sep-clear\"><\/div><div class=\"fusion-separator fusion-full-width-sep sep-none\" style=\"border-color:#e0dede;margin-left: auto;margin-right: auto;margin-top:35px;\"><\/div><div class=\"fusion-one-half fusion-layout-column fusion-spacing-yes\" style=\"margin-top:0px;margin-bottom:0px;\"><div class=\"fusion-column-wrapper\"><div class=\"page\" title=\"Page 1\">\n<div class=\"section\">\n<div class=\"layoutArea\">\n<div class=\"column\">\n<h3><strong><b>Ev kurten\u00ear\u00een, ji we ra dib\u00eaje ka h\u00fbn d\u00ea \u00e7awa n\u00fb\u00e7eyan bi awayek\u00ee niv\u00eesk\u00ee, v\u00eedeo \u00fb radyoy\u00ea peyda bikin.<\/b><\/strong><\/h3>\n<\/div>\n<\/div>\n<\/div>\n<\/div>\n<div class=\"fusion-clearfix\"><\/div><\/div><\/div><div class=\"fusion-one-half fusion-layout-column fusion-column-last fusion-spacing-yes\" style=\"margin-top:0px;margin-bottom:0px;\"><div class=\"fusion-column-wrapper\"><div class=\"page\" title=\"Page 1\">\n<div class=\"section\">\n<div class=\"layoutArea\">\n<div class=\"column\">\n<h3><strong><b>Piraniya medyay\u00ean navbor\u00ee bi Alman\u00ee, \u00cengil\u00eez\u00ee an Ereb\u00ee hene.<\/b><\/strong><\/h3>\n<\/div>\n<\/div>\n<\/div>\n<\/div>\n<div class=\"fusion-clearfix\"><\/div><\/div><\/div><div class=\"fusion-clearfix\"><\/div><\/div><\/div><div class=\"fusion-fullwidth fullwidth-box fusion-fullwidth-3  fusion-parallax-none nonhundred-percent-fullwidth\" style=\"border-color:#eae9e9;border-bottom-width: 0px;border-top-width: 0px;border-bottom-style: solid;border-top-style: solid;padding-bottom:20px;padding-top:20px;padding-left:80px;padding-right:80px;\"><style type=\"text\/css\" scoped=\"scoped\">.fusion-fullwidth-3 {\r\n                            padding-left: 80px !important;\r\n                            padding-right: 80px !important;\r\n                        }<\/style><div class=\"fusion-row\"><div class=\"fusion-one-full fusion-layout-column fusion-column-last fusion-spacing-yes\" style=\"margin-top:0px;margin-bottom:0px;\"><div class=\"fusion-column-wrapper\" style=\"background-color:#c6c6c6;padding:18px;\"><div class=\"fusion-column-table\"><div class=\"fusion-column-tablecell\"><div class=\"page\" title=\"Page 1\">\n<div class=\"section\">\n<div class=\"layoutArea\">\n<div class=\"column\">\n<h6><span style=\"color: #000000;\">K\u00eejan n\u00fb\u00e7e di forma niv\u00ees\u00ea de hene? <\/span><\/h6>\n<\/div>\n<\/div>\n<\/div>\n<\/div>\n<div class=\"fusion-clearfix\"><\/div><\/div><\/div><\/div><\/div><div class=\"fusion-clearfix\"><\/div><div class=\"fusion-sep-clear\"><\/div><div class=\"fusion-separator fusion-full-width-sep sep-none\" style=\"border-color:#e0dede;margin-left: auto;margin-right: auto;margin-top:;margin-bottom:15px;\"><\/div><div class=\"fusion-one-half fusion-layout-column fusion-spacing-yes\" style=\"margin-top:0px;margin-bottom:0px;\"><div class=\"fusion-column-wrapper\"><div class=\"page\" title=\"Page 1\">\n<div class=\"section\">\n<div class=\"layoutArea\">\n<div class=\"column\">\n<div class=\"page\" title=\"Page 1\">\n<div class=\"section\">\n<div class=\"layoutArea\">\n<div class=\"column\">\n<div class=\"page\" title=\"Page 1\">\n<div class=\"section\">\n<div class=\"layoutArea\">\n<div class=\"column\">\n<div class=\"page\" title=\"Page 1\">\n<div class=\"section\">\n<div class=\"layoutArea\">\n<div class=\"column\">\n<div class=\"page\" title=\"Page 1\">\n<div class=\"section\">\n<div class=\"layoutArea\">\n<div class=\"column\">\n<p><b>Spiegel Online<\/b><\/p>\n<p>Spiegel Online portaleke n\u00fb\u00e7e ya online-\u00ea ye ji bo kovara \u201cDer Spiegel\u201d. Ew n\u00fb\u00e7ey\u00ean li ser siyaset \u00fb her weha mijar\u00ean civak\u00ee p\u00ea\u015fk\u00ea\u015f dike. Spiegel Online bi Alman\u00ee heye (<a href=\"http:\/\/www.spiegel.de\/\">www.spiegel.de<\/a>) \u00fb bi \u00cengil\u00ee<i>z<\/i>\u00ee (<a href=\"http:\/\/www.spiegel.de\/international\">www.spiegel.de\/international<\/a>).<\/p>\n<p><b>Zeit Online<\/b><\/p>\n<p>Zeit Online malpera heftenameya Alman\u00ee ya \u201cDie Zeit\u201d \u00ea ye. Ew piran\u00ee ya gotar\u00ean gir\u00eaday\u00ee civak \u00fb siyaset\u00ea p\u00ea\u015fk\u00ea\u015f dike. Zeit Online bi Alman\u00ee heye (www.zeit.de)\u00a0\u00fb bi \u00cengil\u00eez\u00ee (<a href=\"http:\/\/www.zeit.de\/english\">www.zeit.de\/english<\/a>).<\/p>\n<p><b>Nachrichtenleicht<\/b><\/p>\n<p>Nachrichtenleicht (<a href=\"http:\/\/www.nachrichtenleicht.de\/\">www.nachrichtenleicht.de<\/a>) malpereka n\u00fb\u00e7eyan e ku bi Alman\u00ee ya h\u00easan hatiye niv\u00eesandin. H\u00fbn \u00ea li ser her cure n\u00fb\u00e7e, v\u00eedeoy\u00ean kurt \u00fb heta podcastek\u00ea gotar\u00ean kurt bib\u00eenin (<a href=\"http:\/\/www.nachrichtenleicht.de\/podcast-nachrichtenleicht.2134.de.html\">www.nachrichtenleicht.de\/podcast-nachrichtenleicht.2134.de.html<\/a>).<\/p>\n<\/div>\n<\/div>\n<\/div>\n<\/div>\n<\/div>\n<\/div>\n<\/div>\n<\/div>\n<\/div>\n<\/div>\n<\/div>\n<\/div>\n<\/div>\n<\/div>\n<\/div>\n<\/div>\n<\/div>\n<\/div>\n<\/div>\n<\/div>\n<div class=\"fusion-clearfix\"><\/div><\/div><\/div><div class=\"fusion-one-half fusion-layout-column fusion-column-last fusion-spacing-yes\" style=\"margin-top:0px;margin-bottom:0px;\"><div class=\"fusion-column-wrapper\"><p><b>WDR ji bo we<\/b><\/p>\n<p>WDR ji bo we malpereke n\u00fb\u00e7eyan e ji bo penaber\u00ean xwed\u00ee agah\u00ee \u00fb belge, her wiha \u015fah\u00ee \u00fb xizmet\u00ean ji bo zarokan. Ew bi ziman\u00ean Alman\u00ee, \u00cengil\u00eez\u00ee, Ereb\u00ee \u00fb Faris\u00ee li ber dest\u00ea ye. Ji bo jiyana li Elmanyay\u00ea j\u00ee v\u00eedeoy\u00ean kurt \u00ean bi \u015f\u00eeretan hene (<a href=\"http:\/\/www1.wdr.de\/nachrichten\/wdrforyou\">http:\/\/www1.wdr.de\/nachrichten\/wdrforyou<\/a>).<\/p>\n<p>Her wiha, piraniya malper\u00ean rojnamey\u00ean sereke y\u00ean rojane y\u00ean Alman y\u00ean m\u00eena &#8222;S\u00fcddeutsche&#8220; (<a href=\"https:\/\/www.sueddeutsche.de\/\">https:\/\/www.sueddeutsche.de\/<\/a> an <a href=\"http:\/\/international.sueddeutsche.de\">international.sueddeutsche.de<\/a>) an j\u00ee \u201cWelt\u201d (<a href=\"https:\/\/www.welt.de\/\">https:\/\/www.welt.de\/<\/a> an <a href=\"https:\/\/www.welt.de\/english-news\">https:\/\/www.welt.de\/english-news<\/a>) n\u00fb\u00e7ey\u00ean bi Alman\u00ee \u00fb \u00cengil\u00eez\u00ee hene.<\/p>\n<div class=\"fusion-clearfix\"><\/div><\/div><\/div><div class=\"fusion-clearfix\"><\/div><\/div><\/div><div class=\"fusion-fullwidth fullwidth-box fusion-fullwidth-4  fusion-parallax-none nonhundred-percent-fullwidth\" style=\"border-color:#eae9e9;border-bottom-width: 0px;border-top-width: 0px;border-bottom-style: solid;border-top-style: solid;padding-bottom:20px;padding-top:20px;padding-left:80px;padding-right:80px;\"><style type=\"text\/css\" scoped=\"scoped\">.fusion-fullwidth-4 {\r\n                            padding-left: 80px !important;\r\n                            padding-right: 80px !important;\r\n                        }<\/style><div class=\"fusion-row\"><div class=\"fusion-one-full fusion-layout-column fusion-column-last fusion-spacing-yes\" style=\"margin-top:0px;margin-bottom:0px;\"><div class=\"fusion-column-wrapper\" style=\"background-color:#c6c6c6;padding:18px;\"><div class=\"fusion-column-table\"><div class=\"fusion-column-tablecell\"><div class=\"page\" title=\"Page 1\">\n<div class=\"section\">\n<div class=\"layoutArea\">\n<div class=\"column\">\n<h6><span style=\"color: #000000;\">K\u00eejan n\u00fb\u00e7ey\u00ean v\u00eedyoy\u00ea hene? <\/span><\/h6>\n<\/div>\n<\/div>\n<\/div>\n<\/div>\n<div class=\"fusion-clearfix\"><\/div><\/div><\/div><\/div><\/div><div class=\"fusion-clearfix\"><\/div><div class=\"fusion-sep-clear\"><\/div><div class=\"fusion-separator fusion-full-width-sep sep-none\" style=\"border-color:#e0dede;margin-left: auto;margin-right: auto;margin-top:;margin-bottom:15px;\"><\/div><div class=\"fusion-one-half fusion-layout-column fusion-spacing-yes\" style=\"margin-top:0px;margin-bottom:0px;\"><div class=\"fusion-column-wrapper\"><p><b>Tagesschau<\/b><\/p>\n<p>\u201cTagesschau\u201d bernameya her\u00ee navdar a n\u00fb\u00e7eyan a Alman\u00ee li ser telev\u00eezyon\u00ea ye. H\u00fbn dikarin her roj saet 8\u00ea \u015fev (\u00fb di dem\u00ean din de) li ser we\u015fana ARD tema\u015fe bikin an j\u00ee li ser malper\u00ea (<a href=\"http:\/\/www.tagesschau.de\/\">www.tagesschau.de\/<\/a>). Li wir h\u00fbn dikarin di nav 100 \u00e7irkeyan de guhertoya v\u00eedyoy\u00ea ya kurt a bi Alman\u00ee j\u00ee bib\u00eenin (<a href=\"https:\/\/www.tagesschau.de\/100sekunden\/\">https:\/\/www.tagesschau.de\/100sekunden\/<\/a>).<\/p>\n<p><strong>Tagesschau in Einfacher Sprache<\/strong><\/p>\n<p>Armanca &#8222;Tagesschau in Einfacher Sprache&#8220; ew e ku n\u00fb\u00e7ey\u00ean gir\u00eeng bigih\u00eenin her kes\u00ee. Niv\u00ees bi awayek\u00ee zelal \u00fb t\u00eagih\u00ee\u015ft\u00ee hatine niv\u00eesandin \u00fb peyv\u00ean sade \u00fb hevok\u00ean kurt bi kar t\u00eenin. Her roja \u00cen\u00ea n\u00fb\u00e7ey\u00ean her\u00ee gir\u00eeng \u00ean heftey\u00ea bi zimanek\u00ee zelal t\u00ean we\u015fandin.<\/p>\n<p>Ev serv\u00ees bi taybet\u00ee dibe al\u00eekar ka h\u00fbn alman\u00ee h\u00een bibin. Ne ten\u00ea h\u00fbn dikarin t\u00eagihi\u015ftina xwe ya li ser ziman bi p\u00ea\u015f bixin, di heman dem\u00ea de h\u00fbn dikarin b\u00fbyer\u00ean niha ku li Almanya \u00fb c\u00eehan\u00ea diqewimin j\u00ee h\u00een b\u00eahtir bib\u00eenin.<\/p>\n<div class=\"fusion-clearfix\"><\/div><\/div><\/div><div class=\"fusion-one-half fusion-layout-column fusion-column-last fusion-spacing-yes\" style=\"margin-top:0px;margin-bottom:0px;\"><div class=\"fusion-column-wrapper\"><p><b>ZDF bi ziman\u00ean Ereb\u00ee \u00fb \u00cengil\u00eez\u00ee<\/b><\/p>\n<p>ZDF mezintir\u00een we\u015fana Alman e \u00fb n\u00fb\u00e7e \u00fb p\u00ea\u015fandan\u00ean din p\u00ea\u015fk\u00ea\u015f\u00ee dike. Hilbijartinek p\u00ea\u015fandan bi serh\u00eal bi j\u00earniv\u00ees\u00ean \u00eengil\u00eez\u00ee (<a href=\"http:\/\/www.zdf.de\/international\/zdfenglish\">www.zdf.de\/international\/zdfenglish<\/a>) an j\u00ee Ereb\u00ee (<a href=\"http:\/\/www.zdf.de\/international\/zdfarabic\">www.zdf.de\/international\/zdfarabic<\/a>) hene.<\/p>\n<p><b>ARD<\/b><\/p>\n<p>Her wiha mimkin e ku j\u00earniv\u00ees werin \u00e7alak kirin: <a href=\"https:\/\/www.daserste.de\/specials\/service\/barrierefreiheit-im-ersten-untertitel-deutsch100.html\">https:\/\/www.daserste.de\/specials\/service\/barrierefreiheit-im-ersten-untertitel-deutsch100.html<\/a>.<\/p>\n<div class=\"fusion-clearfix\"><\/div><\/div><\/div><div class=\"fusion-clearfix\"><\/div><\/div><\/div><div class=\"fusion-fullwidth fullwidth-box fusion-fullwidth-5  fusion-parallax-none nonhundred-percent-fullwidth\" style=\"border-color:#eae9e9;border-bottom-width: 0px;border-top-width: 0px;border-bottom-style: solid;border-top-style: solid;padding-bottom:20px;padding-top:20px;padding-left:80px;padding-right:80px;\"><style type=\"text\/css\" scoped=\"scoped\">.fusion-fullwidth-5 {\r\n                            padding-left: 80px !important;\r\n                            padding-right: 80px !important;\r\n                        }<\/style><div class=\"fusion-row\"><div class=\"fusion-one-full fusion-layout-column fusion-column-last fusion-spacing-yes\" style=\"margin-top:0px;margin-bottom:0px;\"><div class=\"fusion-column-wrapper\" style=\"background-color:#c6c6c6;padding:18px;\"><div class=\"fusion-column-table\"><div class=\"fusion-column-tablecell\"><div class=\"page\" title=\"Page 1\">\n<div class=\"section\">\n<div class=\"layoutArea\">\n<div class=\"column\">\n<h6><span style=\"color: #000000;\">K\u00eejan n\u00fb\u00e7ey\u00ean radyoy\u00ea hene? <\/span><\/h6>\n<\/div>\n<\/div>\n<\/div>\n<\/div>\n<div class=\"fusion-clearfix\"><\/div><\/div><\/div><\/div><\/div><div class=\"fusion-clearfix\"><\/div><div class=\"fusion-sep-clear\"><\/div><div class=\"fusion-separator fusion-full-width-sep sep-none\" style=\"border-color:#e0dede;margin-left: auto;margin-right: auto;margin-top:;margin-bottom:15px;\"><\/div><div class=\"fusion-one-half fusion-layout-column fusion-spacing-yes\" style=\"margin-top:0px;margin-bottom:0px;\"><div class=\"fusion-column-wrapper\"><p><b>Radyoya Penaberan a WDR<\/b><\/p>\n<p>Radyoya Penaberan a WRD bernameyeke taybet a radyoy\u00ee ji bo penaberan e. Bername rojane du caran bi Ereb\u00ee \u00fb Alman\u00ee ber dest in (<a href=\"http:\/\/www1.wdr.de\/radio\/cosmo\/programm\/refugee-radio\/\">http:\/\/www1.wdr.de\/radio\/cosmo\/programm\/refugee-radio\/<\/a>).<\/p>\n<div class=\"fusion-clearfix\"><\/div><\/div><\/div><div class=\"fusion-one-half fusion-layout-column fusion-column-last fusion-spacing-yes\" style=\"margin-top:0px;margin-bottom:0px;\"><div class=\"fusion-column-wrapper\"><div class=\"fusion-clearfix\"><\/div><\/div><\/div><div class=\"fusion-clearfix\"><\/div><\/div><\/div><div class=\"fusion-fullwidth fullwidth-box fusion-fullwidth-6  fusion-parallax-none nonhundred-percent-fullwidth\" style=\"border-color:#eae9e9;border-bottom-width: 0px;border-top-width: 0px;border-bottom-style: solid;border-top-style: solid;padding-bottom:20px;padding-top:20px;padding-left:;padding-right:;\"><style type=\"text\/css\" scoped=\"scoped\">.fusion-fullwidth-6 {\r\n                            padding-left: px !important;\r\n                            padding-right: px !important;\r\n                        }<\/style><div class=\"fusion-row\"><p style=\"text-align: right;\"><span style=\"color: #7f7f7f;\">N\u00fbjenkirina Daw\u00een: 01.08.2024<\/span><\/p>\n<\/div><\/div>\n","protected":false},"excerpt":{"rendered":"","protected":false},"author":18,"featured_media":0,"parent":0,"menu_order":0,"comment_status":"closed","ping_status":"closed","template":"100-width.php","meta":{"footnotes":""},"class_list":["post-4791","page","type-page","status-publish","hentry"],"_links":{"self":[{"href":"https:\/\/we-inform.de\/portal\/wp-json\/wp\/v2\/pages\/4791"}],"collection":[{"href":"https:\/\/we-inform.de\/portal\/wp-json\/wp\/v2\/pages"}],"about":[{"href":"https:\/\/we-inform.de\/portal\/wp-json\/wp\/v2\/types\/page"}],"author":[{"embeddable":true,"href":"https:\/\/we-inform.de\/portal\/wp-json\/wp\/v2\/users\/18"}],"replies":[{"embeddable":true,"href":"https:\/\/we-inform.de\/portal\/wp-json\/wp\/v2\/comments?post=4791"}],"version-history":[{"count":6,"href":"https:\/\/we-inform.de\/portal\/wp-json\/wp\/v2\/pages\/4791\/revisions"}],"predecessor-version":[{"id":11267,"href":"https:\/\/we-inform.de\/portal\/wp-json\/wp\/v2\/pages\/4791\/revisions\/11267"}],"wp:attachment":[{"href":"https:\/\/we-inform.de\/portal\/wp-json\/wp\/v2\/media?parent=4791"}],"curies":[{"name":"wp","href":"https:\/\/api.w.org\/{rel}","templated":true}]}}