{"id":4784,"date":"2018-06-20T13:47:25","date_gmt":"2018-06-20T11:47:25","guid":{"rendered":"http:\/\/we-inform.de\/portal\/?page_id=4784"},"modified":"2025-12-07T09:32:16","modified_gmt":"2025-12-07T08:32:16","slug":"willkommen-in-hamburg-kmr","status":"publish","type":"page","link":"https:\/\/we-inform.de\/portal\/kmr\/willkommen-in-hamburg-kmr\/","title":{"rendered":"Bi x\u00ear hatin ji bo HAMBURG-\u00ea &#8211; Willkommen in Hamburg"},"content":{"rendered":"<div class=\"fusion-fullwidth fullwidth-box fusion-fullwidth-1  fusion-parallax-none hundred-percent-fullwidth\" style=\"border-color:#eae9e9;border-bottom-width: 0px;border-top-width: 0px;border-bottom-style: solid;border-top-style: solid;padding-bottom:200px;padding-top:200px;padding-left:;padding-right:;background-color:#02a4d5;background-position:center center;background-repeat:no-repeat;-webkit-background-size:cover;-moz-background-size:cover;-o-background-size:cover;background-size:cover;-ms-filter: &quot;progid:DXImageTransform.Microsoft.AlphaImageLoader(src=&#039;https:\/\/we-inform.de\/portal\/wp-content\/uploads\/2016\/01\/HH-1.jpg&#039;, sizingMethod=&#039;scale&#039;)&quot;;background-image: url(https:\/\/we-inform.de\/portal\/wp-content\/uploads\/2016\/01\/HH-1.jpg);\"><style type=\"text\/css\" scoped=\"scoped\">.fusion-fullwidth-1 {\r\n                            padding-left: px !important;\r\n                            padding-right: px !important;\r\n                        }<\/style><div class=\"fusion-row\"><\/div><\/div><div class=\"fusion-section-separator section-separator\" style=\"border-bottom:20px solid #02a4d5;\"><div class=\"divider-candy-arrow bottom\" style=\"top:20px;border-top-color: #02a4d5;\"><\/div><div class=\"divider-candy bottom\" style=\"bottom:-40px;border-bottom:1px solid #02a4d5;border-left:1px solid #02a4d5;\"><\/div><\/div><div class=\"fusion-fullwidth fullwidth-box fusion-fullwidth-2  fusion-parallax-none nonhundred-percent-fullwidth\" style=\"border-color:#eae9e9;border-bottom-width: 0px;border-top-width: 0px;border-bottom-style: solid;border-top-style: solid;padding-bottom:0px;padding-top:20px;padding-left:80px;padding-right:80px;\"><style type=\"text\/css\" scoped=\"scoped\">.fusion-fullwidth-2 {\r\n                            padding-left: 80px !important;\r\n                            padding-right: 80px !important;\r\n                        }<\/style><div class=\"fusion-row\"><div class=\"fusion-sep-clear\"><\/div><div class=\"fusion-separator fusion-full-width-sep sep-none\" style=\"border-color:#e0dede;margin-left: auto;margin-right: auto;margin-top:35px;\"><\/div><div class=\"fusion-one-half fusion-layout-column fusion-spacing-yes\" style=\"margin-top:0px;margin-bottom:0px;\"><div class=\"fusion-column-wrapper\"><div class=\"page\" title=\"Page 1\">\n<div class=\"section\">\n<div class=\"layoutArea\">\n<div class=\"column\">\n<h3><span style=\"color: #000000;\"><strong>Bi z\u00eadetir ji 1.8 milyon ni\u015ftec\u00eeh, Hamburg pi\u015ft\u00ee Berl\u00een\u00ea duyem\u00een bajar\u00ea her\u00ee mezin \u00ea Almanyay\u00ea ye. Bajar j\u00ee yek ji 16 eyalet\u00ean federal \u00ean Almanyay\u00ea ye.<\/strong><\/span><\/h3>\n<\/div>\n<\/div>\n<\/div>\n<\/div>\n<div class=\"fusion-clearfix\"><\/div><\/div><\/div><div class=\"fusion-one-half fusion-layout-column fusion-column-last fusion-spacing-yes\" style=\"margin-top:0px;margin-bottom:0px;\"><div class=\"fusion-column-wrapper\"><div class=\"page\" title=\"Page 1\">\n<div class=\"section\">\n<div class=\"layoutArea\">\n<div class=\"column\">\n<h3><span style=\"color: #000000;\"><strong>Li vir h\u00fbn dikarin li ser hin d\u00eemen\u00ean her\u00ee gir\u00eeng \u00ean Hamburg\u00ea \u00fb li ser karan\u00eena s\u00eestema veguhastina gi\u015ft\u00ee agahdar\u00ee bib\u00eenin.<\/strong><\/span><\/h3>\n<\/div>\n<\/div>\n<\/div>\n<\/div>\n<div class=\"fusion-clearfix\"><\/div><\/div><\/div><div class=\"fusion-clearfix\"><\/div><\/div><\/div><div class=\"fusion-fullwidth fullwidth-box fusion-fullwidth-3  fusion-parallax-none nonhundred-percent-fullwidth\" style=\"border-color:#eae9e9;border-bottom-width: 0px;border-top-width: 0px;border-bottom-style: solid;border-top-style: solid;padding-bottom:20px;padding-top:20px;padding-left:80px;padding-right:80px;\"><style type=\"text\/css\" scoped=\"scoped\">.fusion-fullwidth-3 {\r\n                            padding-left: 80px !important;\r\n                            padding-right: 80px !important;\r\n                        }<\/style><div class=\"fusion-row\"><div class=\"fusion-one-full fusion-layout-column fusion-column-last fusion-spacing-yes\" style=\"margin-top:0px;margin-bottom:0px;\"><div class=\"fusion-column-wrapper\" style=\"background-color:#c6c6c6;padding:18px;\"><div class=\"fusion-column-table\"><div class=\"fusion-column-tablecell\"><div class=\"page\" title=\"Page 1\">\n<div class=\"section\">\n<div class=\"layoutArea\">\n<div class=\"column\">\n<h6><span style=\"color: #000000;\">Li Hamburg\u00ea \u00e7i cure balk\u00ea\u015f\u00ee hene?<\/span><\/h6>\n<\/div>\n<\/div>\n<\/div>\n<\/div>\n<div class=\"fusion-clearfix\"><\/div><\/div><\/div><\/div><\/div><div class=\"fusion-clearfix\"><\/div><div class=\"fusion-sep-clear\"><\/div><div class=\"fusion-separator fusion-full-width-sep sep-none\" style=\"border-color:#e0dede;margin-left: auto;margin-right: auto;margin-top:;margin-bottom:15px;\"><\/div><div class=\"fusion-one-half fusion-layout-column fusion-spacing-yes\" style=\"margin-top:0px;margin-bottom:0px;\"><div class=\"fusion-column-wrapper\"><div class=\"page\" title=\"Page 1\">\n<div class=\"section\">\n<div class=\"layoutArea\">\n<div class=\"column\">\n<div class=\"page\" title=\"Page 1\">\n<div class=\"section\">\n<div class=\"layoutArea\">\n<div class=\"column\">\n<div class=\"page\" title=\"Page 1\">\n<div class=\"section\">\n<div class=\"layoutArea\">\n<div class=\"column\">\n<div class=\"page\" title=\"Page 1\">\n<div class=\"section\">\n<div class=\"layoutArea\">\n<div class=\"column\">\n<p><span style=\"color: #02a4d5;\">Alster<\/span>, \u00e7emek\u00ee li navenda Hamburg\u00ea ye. H\u00fbn dikarin ji Pira Lombard d\u00eemenek xwe\u015fik a navenda baj\u00ear bist\u00eenin. Ji bo me\u015f\u00een \u00fb bisikl\u00eat\u00ea r\u00eayek 7 km li ser Alster heye. Di hav\u00een\u00ea da, h\u00fbn dikarin li cih\u00ean n\u00ee\u015fankir\u00ee y\u00ean Alster\u00ea go\u015ft bira\u015ftin bikin.<\/p>\n<p><span style=\"color: #02a4d5;\">Jungfernstieg<\/span> (\u00eestgeha U\/S Bahn Jungfernstieg) tam li k\u00ealeka Inner Alster\u00ea ye. Jungfernstieg kolanek kirr\u00fbbirr\u00ea ya balk\u00ea\u015f \u00fb pir hezkir\u00ee ye. <span style=\"color: #02a4d5;\">Rathausmarkt<\/span> \u00fb \u015faredariya Bajar\u00ea Hamburg\u00ea ji Jungfernstieg d\u00fbr n\u00eene. \u015earedariya Bajar\u00ea cih\u00ea hik\u00fbmet \u00fb parlemana Hamburg\u00ea ye. H\u00fbn dikarin di nava roj\u00ea de b\u00eapere serdana hin be\u015f\u00ean \u015earedariya Bajar\u00ea bikin.<\/p>\n<p><span style=\"color: #02a4d5;\">Hamburger Hafen<\/span> <em>(Bendera Hamburg\u00ea)<\/em> li ser \u00c7em\u00ea <span style=\"color: #02a4d5;\">Elbey\u00ea<\/span> ye \u00fb mezintir\u00een bendera behr\u00ea ya Almanyay\u00ea ye. H\u00fbn dikarin bi derketina li \u00eestgeha U\/S Bahn\u00a0Landungsbr\u00fccken d\u00eemen\u00ean ba\u015f \u00ean \u00e7em \u00fb bender\u00ea bist\u00eenin. G\u00ear\u00eebot\u00ean bendera HADAG ji \u00eestgeha Landungsbr\u00fccke derdikevin, h\u00fbn dikarin bi bil\u00eateka HVV r\u00eaw\u00eetiy\u00ea van bikin.<\/p>\n<\/div>\n<\/div>\n<\/div>\n<\/div>\n<\/div>\n<\/div>\n<\/div>\n<\/div>\n<\/div>\n<\/div>\n<\/div>\n<\/div>\n<\/div>\n<\/div>\n<\/div>\n<\/div>\n<div class=\"fusion-clearfix\"><\/div><\/div><\/div><div class=\"fusion-one-half fusion-layout-column fusion-column-last fusion-spacing-yes\" style=\"margin-top:0px;margin-bottom:0px;\"><div class=\"fusion-column-wrapper\"><p>Du nav\u00e7ey\u00ean\u00a0<span style=\"color: #02a4d5;\">Speicherstadt<\/span>\u00a0\u00fb HafenCity li rojhilat\u00ea\u00a0Landungsbr\u00fccken\u00a0(U1\u00a0Me\u00dfberg, U3\u00a0Baumwall, U4\u00a0\u00dcberseequartier) ne.\u00a0Speicherstadt nav\u00e7eyeke embar\u00ea ya d\u00eerok\u00ee ye \u00fb c\u00eeheka M\u00eerateya C\u00eehan\u00ea ya UNESCO ye ku bi m\u00eemariya xwe ya bi ac\u00fbra sor \u00fb r\u00eay\u00ean xwe y\u00ean av\u00ea di navbera avahiyan de navdar e.\u00a0<span style=\"color: #02a4d5;\">HafenCity<\/span> nav\u00e7eyeke ku n\u00fb hat\u00eeye \u00e7\u00eakirin ku bi m\u00eemar\u00eeya xwe ya modern hat\u00eeye p\u00eanasekirin. Yek avahiyek berbi\u00e7av mala konser\u00ea ya <span style=\"color: #02a4d5;\">Elbphilharmonie<\/span> ye.<\/p>\n<p><span style=\"color: #02a4d5;\">Elbstrand<\/span> peravek\u00ea pi\u00e7\u00fbk e li k\u00ealeka bender\u00ea. H\u00fbn dikarin bi otobusa jimare 112 an fer\u00eebota 62 (\u00eestgeha \u00d6velg\u00f6nne) bi\u00e7in wir.<\/p>\n<p>U3 li gelek cih\u00ean ji bo d\u00eetin\u00ea li Hamburg\u00ea (Sankt Pauli, Landungsbr\u00fccken, HafenCity, Stadtpark) disekine \u00fb li derdora baj\u00ear gereke bi\u00e7\u00fbk p\u00ea\u015fk\u00ea\u015f dike.<\/p>\n<div class=\"fusion-clearfix\"><\/div><\/div><\/div><div class=\"fusion-clearfix\"><\/div><\/div><\/div><div class=\"fusion-fullwidth fullwidth-box fusion-fullwidth-4  fusion-parallax-none nonhundred-percent-fullwidth\" style=\"border-color:#eae9e9;border-bottom-width: 0px;border-top-width: 0px;border-bottom-style: solid;border-top-style: solid;padding-bottom:20px;padding-top:20px;padding-left:80px;padding-right:80px;\"><style type=\"text\/css\" scoped=\"scoped\">.fusion-fullwidth-4 {\r\n                            padding-left: 80px !important;\r\n                            padding-right: 80px !important;\r\n                        }<\/style><div class=\"fusion-row\"><div class=\"fusion-one-full fusion-layout-column fusion-column-last fusion-spacing-yes\" style=\"margin-top:0px;margin-bottom:0px;\"><div class=\"fusion-column-wrapper\" style=\"background-color:#c6c6c6;padding:18px;\"><div class=\"fusion-column-table\"><div class=\"fusion-column-tablecell\"><div class=\"page\" title=\"Page 1\">\n<div class=\"section\">\n<div class=\"layoutArea\">\n<div class=\"column\">\n<h6><span style=\"color: #000000;\">Komeleya Veguhastin\u00ea Hamburg\u00ea \u00e7i ye\u00a0(Der Hamburger Verkehrsverbund, HVV)?<\/span><\/h6>\n<\/div>\n<\/div>\n<\/div>\n<\/div>\n<div class=\"fusion-clearfix\"><\/div><\/div><\/div><\/div><\/div><div class=\"fusion-clearfix\"><\/div><div class=\"fusion-sep-clear\"><\/div><div class=\"fusion-separator fusion-full-width-sep sep-none\" style=\"border-color:#e0dede;margin-left: auto;margin-right: auto;margin-top:;margin-bottom:15px;\"><\/div><div class=\"fusion-one-half fusion-layout-column fusion-spacing-yes\" style=\"margin-top:0px;margin-bottom:0px;\"><div class=\"fusion-column-wrapper\"><div class=\"page\" title=\"Page 1\">\n<div class=\"section\">\n<div class=\"layoutArea\">\n<div class=\"column\">\n<div class=\"page\" title=\"Page 1\">\n<div class=\"section\">\n<div class=\"layoutArea\">\n<div class=\"column\">\n<div class=\"page\" title=\"Page 1\">\n<div class=\"section\">\n<div class=\"layoutArea\">\n<div class=\"column\">\n<div class=\"page\" title=\"Page 1\">\n<div class=\"section\">\n<div class=\"layoutArea\">\n<div class=\"column\">\n<p>H\u00fbn dikarin bi tr\u00eanan an j\u00ee bi otobus\u00ea bi\u00e7in gelek cih\u00ean Hamburg\u00ea. Xizmet\u00ean metroya U \u00fb S Bahn\u00ea di nava heftey\u00ea de her 5-10 h\u00fbrekan heta 11\u00ea \u015fev\u00ea dixebitin. \u015eev\u00ean \u00cen\u00ee \u00fb \u015eemiy\u00ea, tr\u00ean tevahiya \u015fev\u00ea bi navber\u00ean\u00a020 h\u00fbrek\u00ee di\u00e7in.<\/p>\n<p>H\u00fbn dikarin b\u00eatir agahdar\u00ee li ser bil\u00eatan an demjim\u00earan li <span style=\"color: #02a4d5;\">xal\u00ean kar\u00fbbar\u00ea y\u00ean HVVy\u00ea<\/span> li \u00eestgeh\u00ean j\u00ear\u00een de bib\u00eenin:<\/p>\n<ul>\n<li>Hauptbahnhof<\/li>\n<li>Jungfernstieg<\/li>\n<li>Dammtor<\/li>\n<li>Berliner Tor<\/li>\n<li>Steinstra\u00dfe<\/li>\n<\/ul>\n<p>H\u00fbn dikarin navn\u00ee\u015fek ji tevah\u00ee ya xal\u00ean kar\u00fbbar\u00ea li vir bib\u00eenin: <a href=\"http:\/\/www.hvv.de\/de\/service\/servicestellen\/\">www.hvv.de\/de\/service\/servicestellen\/<\/a><\/p>\n<p>Her weha h\u00fbn dikarin b\u00eatir agahdar\u00ee li ser malper\u00ea\u00a0<a href=\"https:\/\/www.hvv.de\/en\">www.hvv.de\/en<\/a>\u00a0an j\u00ee bi karan\u00eena sepana bela\u015f ya HVV bist\u00eenin.<\/p>\n<\/div>\n<\/div>\n<\/div>\n<\/div>\n<\/div>\n<\/div>\n<\/div>\n<\/div>\n<\/div>\n<\/div>\n<\/div>\n<\/div>\n<\/div>\n<\/div>\n<\/div>\n<\/div>\n<div class=\"fusion-clearfix\"><\/div><\/div><\/div><div class=\"fusion-one-half fusion-layout-column fusion-column-last fusion-spacing-yes\" style=\"margin-top:0px;margin-bottom:0px;\"><div class=\"fusion-column-wrapper\"><p>Ji kerema xwe ji b\u00eer nekin ku tora HVV ji qada metropol\u00ea ya Hamburg\u00ea w\u00eadetir dir\u00eaj dibe, l\u00eabel\u00ea ser nav\u00ea qan\u00fbn\u00ea ji we t\u00ea xwestin ku heya ku h\u00fbn\u00a0di navendek p\u00ea\u015fwaziya serek\u00ea de dij\u00een (Erstaufnahmeeinrichtung) di nav s\u00eenor\u00ean baj\u00ear de bim\u00eenin.<\/p>\n<p><strong>Liv\u00eenbar\u00ee ji bo her kes\u00ee<\/strong><\/p>\n<p>Li vir h\u00fbn dikarin nex\u015feyek bi sembolan bib\u00eenin ku n\u00ee\u015fan dide ka k\u00eejan \u00eestgeh\u00ean U- \u00fb S-Bahn li Hamburg\u00ea ji bo kes\u00ean astengdar bi tevah\u00ee t\u00eane gih\u00ee\u015ftin da ku ew bi ten\u00ea \u00fb bi piran\u00ee b\u00eay\u00ee hewcedariya al\u00eekariya kes\u00ean din bigerin \u00fb bi\u00e7in (barrierefrei). Ev n\u00ee\u015fan bi Alman\u00ee li mil\u00ea \u00e7ep\u00ea t\u00eane ravekirin: <a href=\"https:\/\/www.hvv.de\/resource\/blob\/2446\/b98693006b688e14d5b64bd3eff842ce\/hvv_mfa_usar-plan_einstiegshilfen.pdf\">https:\/\/www.hvv.de\/resource\/blob\/2446\/b98693006b688e14d5b64bd3eff842ce\/hvv_mfa_usar-plan_einstiegshilfen.pdf<\/a><\/p>\n<p>Wek\u00ee din, agahdariya zind\u00ee li ser qabiliyeta karkirina asansoran li \u00eestgehan heye: <a href=\"https:\/\/www.hvv.de\/de\/aufzuege\">https:\/\/www.hvv.de\/de\/aufzuege<\/a><\/p>\n<p>Agahiy\u00ean z\u00eadetir y\u00ean HVV bi ziman\u00ea alman\u00ee dikarin li vir bib\u00eenin:\u00a0<a href=\"https:\/\/www.hvv.de\/en\/tickets\/refugees\">https:\/\/www.hvv.de\/en\/tickets\/refugees<\/a><\/p>\n<div class=\"fusion-clearfix\"><\/div><\/div><\/div><div class=\"fusion-clearfix\"><\/div><\/div><\/div><div class=\"fusion-fullwidth fullwidth-box fusion-fullwidth-5  fusion-parallax-none nonhundred-percent-fullwidth\" style=\"border-color:#eae9e9;border-bottom-width: 0px;border-top-width: 0px;border-bottom-style: solid;border-top-style: solid;padding-bottom:20px;padding-top:20px;padding-left:80px;padding-right:80px;\"><style type=\"text\/css\" scoped=\"scoped\">.fusion-fullwidth-5 {\r\n                            padding-left: 80px !important;\r\n                            padding-right: 80px !important;\r\n                        }<\/style><div class=\"fusion-row\"><div class=\"fusion-one-full fusion-layout-column fusion-column-last fusion-spacing-yes\" style=\"margin-top:0px;margin-bottom:0px;\"><div class=\"fusion-column-wrapper\" style=\"background-color:#c6c6c6;padding:18px;\"><div class=\"fusion-column-table\"><div class=\"fusion-column-tablecell\"><h6><span style=\"color: #000000;\">Ez \u00ea \u00e7awa bil\u00eat\u00ea bist\u00eenim?<\/span><\/h6>\n<div class=\"fusion-clearfix\"><\/div><\/div><\/div><\/div><\/div><div class=\"fusion-clearfix\"><\/div><div class=\"fusion-sep-clear\"><\/div><div class=\"fusion-separator fusion-full-width-sep sep-none\" style=\"border-color:#e0dede;margin-left: auto;margin-right: auto;margin-top:;margin-bottom:15px;\"><\/div><div class=\"fusion-one-half fusion-layout-column fusion-spacing-yes\" style=\"margin-top:0px;margin-bottom:0px;\"><div class=\"fusion-column-wrapper\"><div class=\"page\" title=\"Page 1\">\n<div class=\"section\">\n<div class=\"layoutArea\">\n<div class=\"column\">\n<div class=\"page\" title=\"Page 1\">\n<div class=\"section\">\n<div class=\"layoutArea\">\n<div class=\"column\">\n<div class=\"page\" title=\"Page 1\">\n<div class=\"section\">\n<div class=\"layoutArea\">\n<div class=\"column\">\n<p>Wek\u00ee ni\u015ftec\u00eehek li navendeka p\u00ea\u015fwaziya serek\u00ea (Erstaufnahmeeinrichtung), ji bo hem\u00ee veguhestina gi\u015ft\u00ee ya li Hamburg\u00ea (her\u00eam\u00ean A \u00fb B) j\u00ee d\u00ea\u00a0<span style=\"color: #02a4d5;\">Bil\u00eatek Mobility HVV (Mobilit\u00e4tskarte)<\/span> ji we re were day\u00een. H\u00fbn \u00ea bil\u00eat\u00ea li Ankunftszentrum (navenda gih\u00ee\u015ftin\u00ea) bist\u00eenin. H\u00fbn dikarin w\u00ea li Ausl\u00e4nderbeh\u00f6rde (of\u00eesa hemwelatiy\u00ean biyan\u00ee) li Hammer Stra\u00dfe 30-34 n\u00fb bikin. Bil\u00eat ji bo mezinan mehane 19 euro ye, ji bo zarok\u00ean di navbera 6 \u00fb 17 sal\u00ee de j\u00ee meh\u00ea 9,50 Euro ye.<\/p>\n<p>Bil\u00eat div\u00ea were vegerandin gava ku h\u00fbn bi\u00e7in xaniy\u00ean duyem\u00een (Folgeunterkunft) an j\u00ee dest\u00fbra r\u00fbni\u015ftin\u00ea (Aufenthaltserlaubnis) bist\u00eenin.<\/p>\n<p>D\u00fbv re div\u00ea h\u00fbn li HVV bil\u00eatek an bil\u00eatek\u00ea Almanyay\u00ea (Deutschlandticket) bikirin:<\/p>\n<ul>\n<li>Ji HVVy\u00ea bil\u00eat\u00ean cuda hene (wek m\u00eenak bil\u00eat\u00ean roj\u00ea an mehane). Hem\u00fb bil\u00eat\u00ean HVV ten\u00ea ji bo r\u00eaw\u00eetiy\u00ean li Hamb\u00fbrg\u00ea derbasdar in. Hene bil\u00eat\u00ean din j\u00ee. H\u00fbn di mak\u00eena bil\u00eatfirotan\u00ea de, di sepan\u00ea HVV\u00ea de an j\u00ee di nav navend\u00ean xizmeta HVV\u00ea de bikirin.<\/li>\n<li>Bil\u00eata Deutschlandticket-\u00ea li seranser\u00ea wel\u00eat ji bo raguh\u00eaztina dever\u00ee \u00fb her\u00eam\u00ee ji bo pola 2em\u00een derbasdar e &#8211; di saet\u00ea da (ne IC, EC, ICE). Ew ji bo abonetiy\u00ea mehane 58 Euro ye \u00fb wek\u00ee bil\u00eatek d\u00eej\u00eetal di sepana HVV an li mak\u00eeneya bil\u00eat\u00ea an navenda kar\u00fbbar\u00ea HVV t\u00eate peyda kirin.<\/li>\n<li>Dema ku h\u00fbn bil\u00eatek mehane ya bikirin (Deutschlandticket an bil\u00eata mehane ya HHV), maf\u00ea we heye ku h\u00fbn erzaniyek z\u00eade (Sozialrabatt) bist\u00eenin.<span style=\"color: initial;\"> Li of\u00eesa ku h\u00fbn al\u00eekariy\u00ean xwe l\u00ea werdigirin (Grundsicherungsamt\/Of\u00eesa Ewlekariya Bingeh\u00een (Fachamt f\u00fcr Grundsicherung und Soziales, Of\u00eesa ji bo l\u00eaz\u00eadekirina xaneni\u015f\u00eeniy\u00ea li ser bingeha hewcedariy\u00ea di p\u00eerb\u00fbn\u00ea de \u00fb di b\u00fbyera k\u00eamb\u00fbna dahat\u00ea de \u00fb ji bo kar\u00fbbar\u00ean civak\u00ee) an Navenda Kar (Jobcenter team.arbeit.hamburg, navenda kar)) h\u00fbn dikarin formek bist\u00eenin an vir: <a href=\"https:\/\/www.hvv.de\/resource\/blob\/62712\/2b0577b75c38c46aadf24cc06c193daa\/hvv_sozialrabatt_bestellformular.pdf\">https:\/\/www.hvv.de\/resource\/blob\/62712\/2b0577b75c38c46aadf24cc06c193daa\/hvv_sozialrabatt_bestellformular.pdf<\/a>. V\u00ea gav\u00ea, \u00eeht\u00eemal e ku h\u00fbn tel\u00eafon bikin of\u00ees\u00ea an j\u00ee e-nameyek ji wan re bi\u015f\u00eenin ku hejmara referansa xwe (Kundennummer an Bedarfgemeinschaftsnummer) \u00fb hejmara kes\u00ean ku hewcey\u00ea erzan\u00eey\u00ea ne diyar bikin. Pi\u015ftre form ji we re b\u00ea \u015fandin. Bi v\u00ea form\u00ea h\u00fbn erzaniy\u00ea (Sozialrabatt) dist\u00eenin dema ku h\u00fbn bil\u00eatek mehane li xaleka serv\u00ees\u00ea ya HVV bikirin. Agahiy\u00ean b\u00eatir li ser erzaniy\u00ea (Sozialrabatt): <\/span><a href=\"https:\/\/www.hamburg.de\/sozialkarte\/14947422\/sozialrabatt-hvv\/\">https:\/\/www.hamburg.de\/sozialkarte\/14947422\/sozialrabatt-hvv\/<\/a><\/li>\n<\/ul>\n<p>H\u00fbn ne hewce ne ku \u00eet\u00eebar danin ser bil\u00eeta xwe. Dema ku h\u00fbn bi otobus\u00ea di\u00e7in, div\u00ea h\u00fbn li der\u00ee ya p\u00ea\u015f\u00ee ya otobus\u00ea t\u00eakevin \u00fb bil\u00eata xwe n\u00ee\u015fan\u00ee ajokar\u00ea otobus\u00ea bidin. \u00c7avd\u00ear\u00ean bil\u00eat\u00ea dikarin bil\u00eata we li otobus \u00fb li U an S Bahn de kontrol bikin. Ew dikarin bil\u00eatan li ser platform\u00ean U- \u00fb S-Bahn j\u00ee kontrol bikin. Ji ber v\u00ea yek\u00ea, div\u00ea h\u00fbn her gav bil\u00eata xwe bipar\u00eazin heya ku h\u00fbn ji \u00eestgeh\u00ea derketin!<\/p>\n<\/div>\n<\/div>\n<\/div>\n<\/div>\n<\/div>\n<\/div>\n<\/div>\n<\/div>\n<\/div>\n<\/div>\n<\/div>\n<\/div>\n<div class=\"fusion-clearfix\"><\/div><\/div><\/div><div class=\"fusion-one-half fusion-layout-column fusion-column-last fusion-spacing-yes\" style=\"margin-top:0px;margin-bottom:0px;\"><div class=\"fusion-column-wrapper\"><p><strong>C\u00fbrey\u00ean c\u00fbda y\u00ean bil\u00eatan hene:\u00a0<\/strong><\/p>\n<ul>\n<li><span style=\"color: #02a4d5;\">Bil\u00eat\u00ean yekane (Einzelkarten)<\/span> ji bo r\u00eaw\u00eetiyek derbasdar in \u00fb ji bo kes\u00ean ku pir caran otobusan bikar neynin minasib in. Heke h\u00fbn bil\u00eata xwe ya yekane ji ajokar\u00ea otobus\u00ea bikirin, div\u00ea h\u00fbn ji wan re bib\u00eajin ku h\u00fbn di\u00e7in k\u00eejan rawestgeh\u00ea. Ajokar\u00ea otobus\u00ea w\u00ea hing\u00ea bil\u00eata rast ji we re bifro\u015fe. Heke h\u00fbn mak\u00eeneyek bikar b\u00eenin, h\u00fbn dikarin li be\u015fa \u00e7ep\u00ea ya jor\u00een bikirt\u00eenin da ku rawestgeha c\u00eeh\u00ea xwe biniv\u00eesin.<\/li>\n<li><span style=\"color: #02a4d5;\">H\u00fbn dikarin bil\u00eat\u00ean heftane \u00fb mehane\u00a0(Wochenkarten\u00a0\u00fb\u00a0Monatskarten)<\/span> li xal\u00ean serv\u00ees\u00ea ya HVV, serh\u00eal (<a href=\"https:\/\/www.hvv.de\/en\/tickets\/weekly-monthly-tickets\/24-7-season-tickets-site\">https:\/\/www.hvv.de\/en\/tickets\/weekly-monthly-tickets\/24-7-season-tickets-site<\/a>)\u00a0an j\u00ee\u00a0bi navg\u00eeniya sepana HVV-App bikirin. W\u00eaneyeka pasaport\u00ea hewce ye.<\/li>\n<li><span style=\"color: #02a4d5;\">Bil\u00eat\u00ean demsala n\u00eevdem (Teilzeit-Karten)<\/span>, bil\u00eat\u00ean bi bihay\u00ean taybet in. Bil\u00eat\u00ean demsala n\u00eevdem (Teilzeit-Karten) ji bo r\u00eaw\u00eetiya Du\u015fem\u00ee heta \u00ceniy\u00ea ji saet 6\u00ea sib\u00ea &#8211; 9\u00ea sib\u00ea \u00fb 4\u00ea \u00eavar\u00ee &#8211; 6\u00ea \u00eavar\u00ee NE derbasdar in. Bil\u00eateka demsala n\u00eevdem\u00ea (Teilzeit-Karte) dibe ku ji h\u00eala yek mezin \u00fb heya s\u00ea zarokan (ji 6 heta 14 sal\u00ee) ve were bikar an\u00een. H\u00fbn dikarin li xal\u00ean serv\u00ees\u00ea ya HVV an j\u00ee li serh\u00eal bil\u00eat\u00ean demsala n\u00eevdem\u00ea (Teilzeit-Karten) bikirin (<a href=\"https:\/\/www.hvv.de\/de\/onlineshop\">https:\/\/www.hvv.de\/de\/onlineshop<\/a>).<\/li>\n<\/ul>\n<p><strong>Zarok\u00ean di bin 6 saliy\u00ea de ji bo bikaran\u00eena veguhestina gi\u015ft\u00ee ne hewceye bil\u00eat bikirin.<\/strong><\/p>\n<div class=\"fusion-clearfix\"><\/div><\/div><\/div><div class=\"fusion-clearfix\"><\/div><\/div><\/div><div class=\"fusion-fullwidth fullwidth-box fusion-fullwidth-6  fusion-parallax-none nonhundred-percent-fullwidth\" style=\"border-color:#eae9e9;border-bottom-width: 0px;border-top-width: 0px;border-bottom-style: solid;border-top-style: solid;padding-bottom:20px;padding-top:20px;padding-left:;padding-right:;\"><style type=\"text\/css\" scoped=\"scoped\">.fusion-fullwidth-6 {\r\n                            padding-left: px !important;\r\n                            padding-right: px !important;\r\n                        }<\/style><div class=\"fusion-row\"><p style=\"text-align: right;\"><span style=\"color: #808080;\">N\u00fbjenkirina Daw\u00een: 01\/08\/2024<\/span><\/p>\n<\/div><\/div>\n","protected":false},"excerpt":{"rendered":"","protected":false},"author":18,"featured_media":0,"parent":0,"menu_order":0,"comment_status":"closed","ping_status":"closed","template":"100-width.php","meta":{"footnotes":""},"class_list":["post-4784","page","type-page","status-publish","hentry"],"_links":{"self":[{"href":"https:\/\/we-inform.de\/portal\/wp-json\/wp\/v2\/pages\/4784"}],"collection":[{"href":"https:\/\/we-inform.de\/portal\/wp-json\/wp\/v2\/pages"}],"about":[{"href":"https:\/\/we-inform.de\/portal\/wp-json\/wp\/v2\/types\/page"}],"author":[{"embeddable":true,"href":"https:\/\/we-inform.de\/portal\/wp-json\/wp\/v2\/users\/18"}],"replies":[{"embeddable":true,"href":"https:\/\/we-inform.de\/portal\/wp-json\/wp\/v2\/comments?post=4784"}],"version-history":[{"count":13,"href":"https:\/\/we-inform.de\/portal\/wp-json\/wp\/v2\/pages\/4784\/revisions"}],"predecessor-version":[{"id":11537,"href":"https:\/\/we-inform.de\/portal\/wp-json\/wp\/v2\/pages\/4784\/revisions\/11537"}],"wp:attachment":[{"href":"https:\/\/we-inform.de\/portal\/wp-json\/wp\/v2\/media?parent=4784"}],"curies":[{"name":"wp","href":"https:\/\/api.w.org\/{rel}","templated":true}]}}