{"id":460,"date":"2016-01-29T11:53:14","date_gmt":"2016-01-29T10:53:14","guid":{"rendered":"http:\/\/we-inform.de\/portal\/?page_id=460"},"modified":"2023-09-13T19:08:22","modified_gmt":"2023-09-13T17:08:22","slug":"beratung-in-den-beratungsstellen","status":"publish","type":"page","link":"https:\/\/we-inform.de\/portal\/de\/beratung-in-den-beratungsstellen\/","title":{"rendered":"Beratung in den Beratungsstellen"},"content":{"rendered":"<div class=\"fusion-fullwidth fullwidth-box fusion-fullwidth-1  fusion-parallax-none nonhundred-percent-fullwidth\" style=\"border-color:#eae9e9;border-bottom-width: 0px;border-top-width: 0px;border-bottom-style: solid;border-top-style: solid;padding-bottom:20px;padding-top:20px;padding-left:;padding-right:;\"><style type=\"text\/css\" scoped=\"scoped\">.fusion-fullwidth-1 {\r\n                            padding-left: px !important;\r\n                            padding-right: px !important;\r\n                        }<\/style><div class=\"fusion-row\"><p><strong>Migrationsberatungsstellen<\/strong><\/p>\n<p>Migrationsberatungsstellen dienen der Unterst\u00fctzung von Migranten beim t\u00e4glichen Leben. Die Beratung bei den \u00f6ffentlichen Stellen ist kostenlos, jedoch zeitlich befristet. Die Einrichtungen beantworten Fragen zu allt\u00e4glichen Problemen und helfen auch bei Problemen mit der deutschen Sprache.<\/p>\n<p>Beachten Sie, dass es verschiedene Migrationsberatungsstellen f\u00fcr bestimmte Zielgruppen gibt:<\/p>\n<\/div><\/div><div class=\"fusion-fullwidth fullwidth-box fusion-fullwidth-2  fusion-parallax-none nonhundred-percent-fullwidth\" style=\"border-color:#eae9e9;border-bottom-width: 0px;border-top-width: 0px;border-bottom-style: solid;border-top-style: solid;padding-bottom:20px;padding-top:20px;padding-left:;padding-right:;\"><style type=\"text\/css\" scoped=\"scoped\">.fusion-fullwidth-2 {\r\n                            padding-left: px !important;\r\n                            padding-right: px !important;\r\n                        }<\/style><div class=\"fusion-row\"><p><span style=\"color: #02a4d5;\"><strong>Migrationsberatung f\u00fcr erwachsene Zuwanderer<\/strong> (MBE)<\/span><\/p>\n<p><a href=\"https:\/\/www.hamburg.de\/contentblob\/13921578\/3c2c3e03e804ea042a12c42be66157d4\/data\/angebote-mbe-netzwerk.pdf\">https:\/\/www.hamburg.de\/contentblob\/13921578\/3c2c3e03e804ea042a12c42be66157d4\/data\/angebote-mbe-netzwerk.pdf<\/a><\/p>\n<p>Diese Stellen richten sich an neu zugewanderte Migranten mit Bleiberecht sowie Eingeb\u00fcrgerte. Es gibt viele <a href=\"https:\/\/www.hamburg.de\/contentblob\/13921578\/3c2c3e03e804ea042a12c42be66157d4\/data\/angebote-mbe-netzwerk.pdf\">Standorte<\/a> in fast allen Bezirken Hamburgs. Beachten Sie, dass h\u00e4ufig private Tr\u00e4ger hinter den Einrichtungen stehen, teilweise auch die Kirche. Sie helfen beispielsweise bei Fragen zu Wohnungssuche oder Aufenthalt.<\/p>\n<\/div><\/div><div class=\"fusion-fullwidth fullwidth-box fusion-fullwidth-3  fusion-parallax-none nonhundred-percent-fullwidth\" style=\"border-color:#eae9e9;border-bottom-width: 0px;border-top-width: 0px;border-bottom-style: solid;border-top-style: solid;padding-bottom:20px;padding-top:20px;padding-left:;padding-right:;\"><style type=\"text\/css\" scoped=\"scoped\">.fusion-fullwidth-3 {\r\n                            padding-left: px !important;\r\n                            padding-right: px !important;\r\n                        }<\/style><div class=\"fusion-row\"><p><span style=\"color: #02a4d5;\"><strong>Jugendmigrationsdienste (JMD)<\/strong><\/span><\/p>\n<p><a href=\"http:\/\/www.jugendmigrationsdienste.de\/\">http:\/\/www.jugendmigrationsdienste.de\/<\/a><\/p>\n<p>Die Jugendmigrationsdienste richten sich an junge Einwanderer <u>bis 27 Jahre<\/u>. Sie setzen sich f\u00fcr Chancengleichheit ein und bieten Integrationsprogramme. Es gibt mehrere <a href=\"https:\/\/www.jugendmigrationsdienste.de\/meinen-jmd-vor-ort-finden\/bundesland?tx_jmd_showjmd%5Bbundesland%5D=2&amp;tx_jmd_showjmd%5Blandkreis%5D=0&amp;tx_jmd_showjmd%5Btraegergruppe%5D=0\">Standorte<\/a>, die teilweise private Tr\u00e4ger haben, aber auch kirchliche Initiativen.<\/p>\n<\/div><\/div><div class=\"fusion-fullwidth fullwidth-box fusion-fullwidth-4  fusion-parallax-none nonhundred-percent-fullwidth\" style=\"border-color:#eae9e9;border-bottom-width: 0px;border-top-width: 0px;border-bottom-style: solid;border-top-style: solid;padding-bottom:20px;padding-top:20px;padding-left:;padding-right:;\"><style type=\"text\/css\" scoped=\"scoped\">.fusion-fullwidth-4 {\r\n                            padding-left: px !important;\r\n                            padding-right: px !important;\r\n                        }<\/style><div class=\"fusion-row\"><p><span style=\"color: #02a4d5;\"><strong>Beratung f\u00fcr Fl\u00fcchtlinge<\/strong><\/span><\/p>\n<p><a href=\"http:\/\/www.fluechtlingszentrum-hamburg.de\/\">www.fluechtlingszentrum-hamburg.de<\/a><\/p>\n<p>Das Fl\u00fcchtlingszentrum Hamburg unterst\u00fctzt Asylsuchende, Menschen mit ungesichertem Aufenthalt oder ohne Aufenthaltspapiere, Resettlement- und Aufnahmefl\u00fcchtlinge, sowie einige andere Zielgruppen. Es leistet Hilfe bei Fragen zu Asyl, gibt aber auch Auskunft zu Themen wie Arbeit. Weitere Informationen finden Sie auf der <a href=\"http:\/\/www.fz-hh.de\">Webseite<\/a> (auch auf <a href=\"http:\/\/www.fz-hh.de\/de\/kurzinfos\/info-arabisch.php\">Arabisch<\/a>, <a href=\"http:\/\/www.fz-hh.de\/de\/kurzinfos\/info-franzoesisch.php\">Franz\u00f6sisch<\/a>, <a href=\"http:\/\/www.fz-hh.de\/de\/kurzinfos\/info-englisch.php\">Englisch<\/a>, <a href=\"http:\/\/www.fz-hh.de\/de\/kurzinfos\/info-dari_farsi.php\">Dari, Farsi<\/a> und <a href=\"http:\/\/www.fz-hh.de\/de\/kurzinfos\/info-russisch.php\">Russisch<\/a>).<\/p>\n<p><u>Adresse<\/u>: Adenauerallee 10<br \/>\n<u>Tel<\/u>.: +49 40 2840790<\/p>\n<\/div><\/div><div class=\"fusion-fullwidth fullwidth-box fusion-fullwidth-5  fusion-parallax-none nonhundred-percent-fullwidth\" style=\"border-color:#eae9e9;border-bottom-width: 0px;border-top-width: 0px;border-bottom-style: solid;border-top-style: solid;padding-bottom:20px;padding-top:20px;padding-left:;padding-right:;\"><style type=\"text\/css\" scoped=\"scoped\">.fusion-fullwidth-5 {\r\n                            padding-left: px !important;\r\n                            padding-right: px !important;\r\n                        }<\/style><div class=\"fusion-row\"><p><strong><span style=\"color: #02a4d5;\">Integrationszentren<\/span><\/strong><\/p>\n<p>Die Migrationsberatung der Integrationszentren richtet sich vor allem an bleibeberechtigte Erwachsene, die schon seit einiger Zeit in Hamburg leben. Sie umfasst Beratung und Informationen zu Themen wie Aufenthaltsrecht und Einb\u00fcrgerung, Umgang mit Beh\u00f6rden, Bildung, Beruf und Arbeit sowie finanzielle Leistungen.<\/p>\n<\/div><\/div><div class=\"fusion-fullwidth fullwidth-box fusion-fullwidth-6  fusion-parallax-none nonhundred-percent-fullwidth\" style=\"border-color:#eae9e9;border-bottom-width: 0px;border-top-width: 0px;border-bottom-style: solid;border-top-style: solid;padding-bottom:20px;padding-top:20px;padding-left:;padding-right:;\"><style type=\"text\/css\" scoped=\"scoped\">.fusion-fullwidth-6 {\r\n                            padding-left: px !important;\r\n                            padding-right: px !important;\r\n                        }<\/style><div class=\"fusion-row\"><p><strong>Allgemeine Informationen zu Beratungsstellen finden Sie auf\u00a0 <a href=\"http:\/\/www.hamburg.de\/migrationsberatung\/\">www.hamburg.de\/migrationsberatung\/<\/a><\/strong><\/p>\n<\/div><\/div>\n","protected":false},"excerpt":{"rendered":"","protected":false},"author":1,"featured_media":0,"parent":0,"menu_order":0,"comment_status":"closed","ping_status":"closed","template":"","meta":{"footnotes":""},"class_list":["post-460","page","type-page","status-publish","hentry"],"_links":{"self":[{"href":"https:\/\/we-inform.de\/portal\/wp-json\/wp\/v2\/pages\/460"}],"collection":[{"href":"https:\/\/we-inform.de\/portal\/wp-json\/wp\/v2\/pages"}],"about":[{"href":"https:\/\/we-inform.de\/portal\/wp-json\/wp\/v2\/types\/page"}],"author":[{"embeddable":true,"href":"https:\/\/we-inform.de\/portal\/wp-json\/wp\/v2\/users\/1"}],"replies":[{"embeddable":true,"href":"https:\/\/we-inform.de\/portal\/wp-json\/wp\/v2\/comments?post=460"}],"version-history":[{"count":27,"href":"https:\/\/we-inform.de\/portal\/wp-json\/wp\/v2\/pages\/460\/revisions"}],"predecessor-version":[{"id":8795,"href":"https:\/\/we-inform.de\/portal\/wp-json\/wp\/v2\/pages\/460\/revisions\/8795"}],"wp:attachment":[{"href":"https:\/\/we-inform.de\/portal\/wp-json\/wp\/v2\/media?parent=460"}],"curies":[{"name":"wp","href":"https:\/\/api.w.org\/{rel}","templated":true}]}}