{"id":426,"date":"2016-01-29T11:21:34","date_gmt":"2016-01-29T10:21:34","guid":{"rendered":"http:\/\/we-inform.de\/portal\/?page_id=426"},"modified":"2024-01-31T19:48:01","modified_gmt":"2024-01-31T18:48:01","slug":"telefon-und-internet","status":"publish","type":"page","link":"https:\/\/we-inform.de\/portal\/de\/telefon-und-internet\/","title":{"rendered":"Telefon und Internet"},"content":{"rendered":"<div class=\"fusion-fullwidth fullwidth-box fusion-fullwidth-1  fusion-parallax-none hundred-percent-fullwidth\" style=\"border-color:#eae9e9;border-bottom-width: 0px;border-top-width: 0px;border-bottom-style: solid;border-top-style: solid;padding-bottom:200px;padding-top:200px;padding-left:;padding-right:;background-color:#02a4d5;background-position:center center;background-repeat:no-repeat;-webkit-background-size:cover;-moz-background-size:cover;-o-background-size:cover;background-size:cover;-ms-filter: &quot;progid:DXImageTransform.Microsoft.AlphaImageLoader(src=&#039;https:\/\/we-inform.de\/portal\/wp-content\/uploads\/2016\/01\/Telefon-1.jpg&#039;, sizingMethod=&#039;scale&#039;)&quot;;background-image: url(https:\/\/we-inform.de\/portal\/wp-content\/uploads\/2016\/01\/Telefon-1.jpg);\"><style type=\"text\/css\" scoped=\"scoped\">.fusion-fullwidth-1 {\r\n                            padding-left: px !important;\r\n                            padding-right: px !important;\r\n                        }<\/style><div class=\"fusion-row\"><\/div><\/div><div class=\"fusion-section-separator section-separator\" style=\"border-bottom:20px solid #02a4d5;\"><div class=\"divider-candy-arrow bottom\" style=\"top:20px;border-top-color: #02a4d5;\"><\/div><div class=\"divider-candy bottom\" style=\"bottom:-40px;border-bottom:1px solid #02a4d5;border-left:1px solid #02a4d5;\"><\/div><\/div><div class=\"fusion-fullwidth fullwidth-box fusion-fullwidth-2  fusion-parallax-none nonhundred-percent-fullwidth\" style=\"border-color:#eae9e9;border-bottom-width: 0px;border-top-width: 0px;border-bottom-style: solid;border-top-style: solid;padding-bottom:20px;padding-top:20px;padding-left:80px;padding-right:80px;\"><style type=\"text\/css\" scoped=\"scoped\">.fusion-fullwidth-2 {\r\n                            padding-left: 80px !important;\r\n                            padding-right: 80px !important;\r\n                        }<\/style><div class=\"fusion-row\"><div class=\"fusion-one-full fusion-layout-column fusion-column-last fusion-spacing-yes\" style=\"margin-top:30px;margin-bottom:0px;\"><div class=\"fusion-column-wrapper\" style=\"background-color:#c6c6c6;padding:18px;\"><div class=\"fusion-column-table\"><div class=\"fusion-column-tablecell\"><h6 style=\"text-align: left;\"><span style=\"color: #000000;\">Grunds\u00e4tzliches: Der Mobilfunkvertrag<\/span><\/h6>\n<div class=\"fusion-clearfix\"><\/div><\/div><\/div><\/div><\/div><div class=\"fusion-clearfix\"><\/div><div class=\"fusion-sep-clear\"><\/div><div class=\"fusion-separator fusion-full-width-sep sep-none\" style=\"border-color:#e0dede;margin-left: auto;margin-right: auto;margin-top:;margin-bottom:15px;\"><\/div><div class=\"fusion-one-half fusion-layout-column fusion-spacing-yes\" style=\"margin-top:0px;margin-bottom:0px;\"><div class=\"fusion-column-wrapper\"><div class=\"page\" title=\"Page 1\">\n<div class=\"section\">\n<div class=\"layoutArea\">\n<div class=\"column\">\n<div class=\"page\" title=\"Page 1\">\n<div class=\"section\">\n<div class=\"layoutArea\">\n<div class=\"column\">\n<div class=\"page\" title=\"Page 1\">\n<div class=\"section\">\n<div class=\"layoutArea\">\n<div class=\"column\">\n<p>Wenn Sie hohe Geb\u00fchren f\u00fcr das Telefonieren und den Internetzugang mit Ihrem Handy vermeiden wollen, sollten Sie eine deutsche SIM-Karte nutzen. Sie k\u00f6nnen daf\u00fcr einen Mobilfunkvertrag abschlie\u00dfen oder einen Prepaid-Tarif nutzen.<\/p>\n<p>Bei einem Mobilfunkvertrag erhalten Sie monatlich eine Rechnung, die Kosten werden in der Regel direkt von Ihrem Bankkonto abgebucht. Vermeiden Sie Langzeitvertr\u00e4ge, mit denen Sie sich oft bis zu 2 Jahre an einen Anbieter binden und den Tarif h\u00e4ufig nur sehr schwer wechseln k\u00f6nnen.<\/p>\n<p>Unterschreiben Sie Vertr\u00e4ge nur, wenn Sie diese auch wirklich verstehen. Lassen Sie sich von jemandem begleiten, der gut Deutsch spricht, oder zeigen Sie ihm den Vertrag, bevor Sie diesen unterschreiben. Das gilt besonders auch f\u00fcr Vertr\u00e4ge von Mobilfunkmitarbeitern, die Sie in den Unterk\u00fcnften besuchen. Bewahren Sie alle Unterlagen zu Ihrem Vertrag auf.<\/p>\n<\/div>\n<\/div>\n<\/div>\n<\/div>\n<\/div>\n<\/div>\n<\/div>\n<\/div>\n<\/div>\n<\/div>\n<\/div>\n<\/div>\n<div class=\"fusion-clearfix\"><\/div><\/div><\/div><div class=\"fusion-one-half fusion-layout-column fusion-column-last fusion-spacing-yes\" style=\"margin-top:0px;margin-bottom:0px;\"><div class=\"fusion-column-wrapper\"><div class=\"page\" title=\"Page 1\">\n<div class=\"section\">\n<div class=\"layoutArea\">\n<div class=\"column\">\n<p>Besser geeignet sind Prepaid Tarife ohne feste Vertragslaufzeit. Bei einem Prepaid-Vertrag erwerben Sie zun\u00e4chst ein Guthaben (meist 10 \u20ac), mit dem Sie dann telefonieren und mobil surfen k\u00f6nnen. Ist das Guthaben aufgebraucht, l\u00e4sst es sich wieder aufladen. Prepaid-Vertr\u00e4ge k\u00f6nnen Sie in Drogerien, Superm\u00e4rkten und Tankstellen abschlie\u00dfen. In den Gesch\u00e4ften bekommen Sie auch die SIM-Karte f\u00fcr Ihr Handy und k\u00f6nnen sp\u00e4ter neues Guthaben erwerben.<\/p>\n<p>Sie k\u00f6nnen auch bei einem Prepaid-Tarif monatliche Pakete buchen, bei denen sie mit einer Flatrate telefonieren und mobil surfen k\u00f6nnen. Hierbei wird das Paket nur dann aktiviert, wenn Sie gen\u00fcgend Guthaben haben. Sie haben so bessere Kontrolle \u00fcber Ihre Ausgaben.<\/p>\n<p>Um einen Mobilfunkvertrag abzuschlie\u00dfen oder einen Prepaid-Tarif zu nutzen, m\u00fcssen Sie Ihr Ausweisdokument (zum Beispiel Ankunftsnachweis (Ankunftsnachweis), Aufenthaltsgestattung (Aufenthaltsgestattung), Duldung (Duldung), Aufenthaltserlaubnis (Aufenthaltserlaubnis) oder Reisepass) vorlegen und eine Adresse angeben. Hier k\u00f6nnen Sie zun\u00e4chst die Adresse der Erstaufnahme verwenden. Wenn Sie in eine neue Unterkunft umziehen, m\u00fcssen Sie Ihren Mobilfunkanbieter \u00fcber Ihre neue Adresse informieren.<\/p>\n<\/div>\n<\/div>\n<\/div>\n<\/div>\n<div class=\"fusion-clearfix\"><\/div><\/div><\/div><div class=\"fusion-clearfix\"><\/div><\/div><\/div><div class=\"fusion-fullwidth fullwidth-box fusion-fullwidth-3  fusion-parallax-none nonhundred-percent-fullwidth\" style=\"border-color:#eae9e9;border-bottom-width: 0px;border-top-width: 0px;border-bottom-style: solid;border-top-style: solid;padding-bottom:20px;padding-top:20px;padding-left:80px;padding-right:80px;\"><style type=\"text\/css\" scoped=\"scoped\">.fusion-fullwidth-3 {\r\n                            padding-left: 80px !important;\r\n                            padding-right: 80px !important;\r\n                        }<\/style><div class=\"fusion-row\"><div class=\"fusion-one-full fusion-layout-column fusion-column-last fusion-spacing-yes\" style=\"margin-top:0px;margin-bottom:0px;\"><div class=\"fusion-column-wrapper\" style=\"background-color:#c6c6c6;padding:18px;\"><div class=\"fusion-column-table\"><div class=\"fusion-column-tablecell\"><h6 style=\"text-align: left;\"><span style=\"color: #000000;\">Die Tarifwahl: Auslandsgespr\u00e4che, Datenvolumen und Telefonieren innerhalb Deutschlands<\/span><\/h6>\n<div class=\"fusion-clearfix\"><\/div><\/div><\/div><\/div><\/div><div class=\"fusion-clearfix\"><\/div><div class=\"fusion-sep-clear\"><\/div><div class=\"fusion-separator fusion-full-width-sep sep-none\" style=\"border-color:#e0dede;margin-left: auto;margin-right: auto;margin-top:;margin-bottom:15px;\"><\/div><div class=\"fusion-one-half fusion-layout-column fusion-spacing-yes\" style=\"margin-top:0px;margin-bottom:0px;\"><div class=\"fusion-column-wrapper\"><div class=\"page\" title=\"Page 1\">\n<div class=\"section\">\n<div class=\"layoutArea\">\n<div class=\"column\">\n<div class=\"page\" title=\"Page 1\">\n<div class=\"section\">\n<div class=\"layoutArea\">\n<div class=\"column\">\n<div class=\"page\" title=\"Page 1\">\n<div class=\"section\">\n<div class=\"layoutArea\">\n<div class=\"column\">\n<p>Bei der Wahl des Tarifes ist es wichtig, verschiedene Anbieter zu vergleichen. Je nachdem, in welches Land Sie telefonieren m\u00f6chten, k\u00f6nnen die Geb\u00fchren sehr stark voneinander abweichen. Regelm\u00e4\u00dfig m\u00fcssen Sie pro Gespr\u00e4ch mit einer Vermittlungsgeb\u00fchr von meist 15 Cent rechnen. L\u00e4ngere Telefonate sind dadurch im Verh\u00e4ltnis g\u00fcnstiger. Grunds\u00e4tzlich gelten Minutenpreise von mehr als 25 Cent als eher teuer.<\/p>\n<p>Bekannte Anbieter f\u00fcr Auslandstarife sind Lebara (Bosnien und Herzegowina, Eritrea, Irak, Nigeria, Pakistan), Lycamobile (Eritrea, Jordanien, Libanon, Nigeria, Pakistan, Syrien, T\u00fcrkei), Mobilka (Russland, Ukraine, Kasachstan), NettoKom (Irak), Ortel Mobile (Afghanistan, Irak), Simquadrat (Syrien) und Vodafone (Iran, T\u00fcrkei). Detaillierte Informationen finden Sie im Internet direkt bei den Anbietern. Alle Unternehmen bieten auch zus\u00e4tzliche Datenoptionen an, mit denen sie mobil im Internet surfen k\u00f6nnen. Vergleichen Sie auch hier die Preise!<\/p>\n<\/div>\n<\/div>\n<\/div>\n<\/div>\n<\/div>\n<\/div>\n<\/div>\n<\/div>\n<\/div>\n<\/div>\n<\/div>\n<\/div>\n<div class=\"fusion-clearfix\"><\/div><\/div><\/div><div class=\"fusion-one-half fusion-layout-column fusion-column-last fusion-spacing-yes\" style=\"margin-top:0px;margin-bottom:0px;\"><div class=\"fusion-column-wrapper\"><p>Wenn Sie viel innerhalb Deutschlands telefonieren wollen, lohnt sich h\u00e4ufig ein zus\u00e4tzlicher Mobilfunkvertrag. Anbieter f\u00fcr g\u00fcnstige Auslandstelefonate sind bei innerdeutschen Gespr\u00e4chen regelm\u00e4\u00dfig besonders teuer. Das gilt auch f\u00fcr die Datentarife. Wenn Sie beispielsweise nur Chat-Dienste wie Viber, Whatsapp oder Skype nutzen, gen\u00fcgt ein deutscher Datentarif. Sie werden dann \u00fcber das Internet und nicht \u00fcber das Telefonnetz ins Ausland verbunden.<\/p>\n<p>Gro\u00dfe deutsche Anbieter von Prepaid-Vertr\u00e4gen sind Congstar, Aldi Talk, Telekom, O2 und Vodafone. Weitere Informationen finden Sie bei den Anbietern im Internet oder in den L\u00e4den vor Ort.<\/p>\n<div class=\"fusion-clearfix\"><\/div><\/div><\/div><div class=\"fusion-clearfix\"><\/div><\/div><\/div><div class=\"fusion-fullwidth fullwidth-box fusion-fullwidth-4  fusion-parallax-none nonhundred-percent-fullwidth\" style=\"border-color:#eae9e9;border-bottom-width: 0px;border-top-width: 0px;border-bottom-style: solid;border-top-style: solid;padding-bottom:20px;padding-top:20px;padding-left:80px;padding-right:80px;\"><style type=\"text\/css\" scoped=\"scoped\">.fusion-fullwidth-4 {\r\n                            padding-left: 80px !important;\r\n                            padding-right: 80px !important;\r\n                        }<\/style><div class=\"fusion-row\"><div class=\"fusion-one-full fusion-layout-column fusion-column-last fusion-spacing-yes\" style=\"margin-top:0px;margin-bottom:0px;\"><div class=\"fusion-column-wrapper\" style=\"background-color:#c6c6c6;padding:18px;\"><div class=\"fusion-column-table\"><div class=\"fusion-column-tablecell\"><h6><span style=\"color: #000000;\">Hinweis f\u00fcr Gefl\u00fcchtete aus der Ukraine<\/span><\/h6>\n<div class=\"fusion-clearfix\"><\/div><\/div><\/div><\/div><\/div><div class=\"fusion-clearfix\"><\/div><div class=\"fusion-sep-clear\"><\/div><div class=\"fusion-separator fusion-full-width-sep sep-none\" style=\"border-color:#e0dede;margin-left: auto;margin-right: auto;margin-top:;margin-bottom:15px;\"><\/div><div class=\"fusion-one-half fusion-layout-column fusion-spacing-yes\" style=\"margin-top:0px;margin-bottom:0px;\"><div class=\"fusion-column-wrapper\"><div class=\"page\" title=\"Page 1\">\n<div class=\"section\">\n<div class=\"layoutArea\">\n<div class=\"column\">\n<div class=\"page\" title=\"Page 1\">\n<div class=\"section\">\n<div class=\"layoutArea\">\n<div class=\"column\">\n<div class=\"page\" title=\"Page 1\">\n<div class=\"section\">\n<div class=\"layoutArea\">\n<div class=\"column\">\n<p>Derzeit g\u00fcnstige Anbieter f\u00fcr Gespr\u00e4che in die Ukraine sind vor allem Blauworld, NettoKom und Ortel Mobile.<\/p>\n<p>Die Mobilfunkanbieter <strong>Telekom<\/strong>, <strong>Vodafone <\/strong>und <strong>Ortel Mobile<\/strong> bieten au\u00dferdem zurzeit g\u00fcnstige Angebote f\u00fcr Gefl\u00fcchtete aus der Ukraine an.<\/p>\n<p><strong>Telekom<\/strong>: F\u00fcr ein Prepaid-Paket zahlen Sie 9,95 \u20ac f\u00fcr 28 Tage. Darin sind 300 Freiminuten in die Ukraine und innerhalb der EU sowie eine Flatrate in alle deutschen Netze und 10 GB Datenvolumen enthalten. Danach kosten Gespr\u00e4che in die Ukraine 22 Cent pro Minute ins Festnetz und ins Mobilnetz. Pro SMS in die Ukraine zahlen Sie 7 Cent. Sie erhalten am Anfang f\u00fcr 9,95 \u20ac ein Startguthaben von 10 \u20ac.<\/p>\n<p><strong>Vodafone<\/strong>: Auch hier bezahlen Sie 9,99 \u20ac f\u00fcr 28 Tage. Sie bekommen ein Startguthaben von 20 \u20ac, einmalig 100\u00a0GB\u00a0Datenvolumen f\u00fcr die ersten 28 Tage, monatlich 10 GB Datenvolumen und auch hier 300 Freiminuten. Sind diese verbraucht, kosten Anrufe in die Ukraine 19 Cent und SMS 29 Cent.<\/p>\n<p><strong>Ortel Mobile<\/strong>: Dieses Angebot kostet ebenfalls 9,99 \u20ac f\u00fcr 28 Tage. Dazu geh\u00f6rt eine Flatrate in alle deutschen Netze und alle EU-Netze, 15 GB Datenvolumen sowie 300 Freiminuten f\u00fcr Telefonate in die Ukraine. Danach kosten Anrufe in die Ukraine 19 Cent pro Minute (ins Mobilnetz) oder 9 Cent pro Minute (ins Festnetz) und 15 Cent pro SMS.<\/p>\n<p>So buchen Sie das Angebot: Bestellen Sie eine kostenlose SIM-Karte (<a href=\"https:\/\/ortelmobileshop.de\/products\/ortel-mobile-freikarte\">https:\/\/ortelmobileshop.de\/products\/ortel-mobile-freikarte<\/a>). Aktivieren Sie die SIM-Karte (<a href=\"https:\/\/sim-karte-aktivierung.ortelmobile.de\/ru\/freischalten\">https:\/\/sim-karte-aktivierung.ortelmobile.de\/ru\/freischalten<\/a>). Laden Sie 10 \u20ac Guthaben auf. Rufen Sie diese Nummer an (0177 &#8211; 177 1138) und buchen die Option \u201eWilna Ukrainia (Wilna Ukrainia)\u201c.<\/p>\n<p>VORSICHT: Diese Preise k\u00f6nnen sich \u00e4ndern!<\/p>\n<\/div>\n<\/div>\n<\/div>\n<\/div>\n<\/div>\n<\/div>\n<\/div>\n<\/div>\n<\/div>\n<\/div>\n<\/div>\n<\/div>\n<div class=\"fusion-clearfix\"><\/div><\/div><\/div><div class=\"fusion-one-half fusion-layout-column fusion-column-last fusion-spacing-yes\" style=\"margin-top:0px;margin-bottom:0px;\"><div class=\"fusion-column-wrapper\"><p>Wenn Sie Zugang zu einem Festnetzanschluss haben, der vom Telefonanbieter Telekom betrieben wird, k\u00f6nnen Sie g\u00fcnstiger ins Ausland telefonieren. Dazu m\u00fcssen Sie besondere Vorwahlen w\u00e4hlen. Die Geb\u00fchren wechseln zu verschiedenen Tageszeiten. Eine \u00dcbersicht dar\u00fcber finden Sie zum Beispiel hier: <a href=\"https:\/\/www.tariftip.de\/billig-ins-ausland-telefonieren.html\">https:\/\/www.tariftip.de\/billig-ins-ausland-telefonieren.html<\/a><\/p>\n<p>G\u00fcnstige Vorwahlen, die nicht von der Tageszeit abh\u00e4ngig sind, k\u00f6nnen Sie unter diesem Link finden:\u00a0<a href=\"http:\/\/www.tarif4you.de\">www.tarif4you.de<\/a><\/p>\n<p>Achtung: Auch diese Vorwahlen funktionieren nur \u00fcber einen Anschluss des Telefonanbieters Telekom!<\/p>\n<div class=\"fusion-clearfix\"><\/div><\/div><\/div><div class=\"fusion-clearfix\"><\/div><\/div><\/div><div class=\"fusion-fullwidth fullwidth-box fusion-fullwidth-5  fusion-parallax-none nonhundred-percent-fullwidth\" style=\"border-color:#eae9e9;border-bottom-width: 0px;border-top-width: 0px;border-bottom-style: solid;border-top-style: solid;padding-bottom:20px;padding-top:20px;padding-left:80px;padding-right:80px;\"><style type=\"text\/css\" scoped=\"scoped\">.fusion-fullwidth-5 {\r\n                            padding-left: 80px !important;\r\n                            padding-right: 80px !important;\r\n                        }<\/style><div class=\"fusion-row\"><div class=\"fusion-one-full fusion-layout-column fusion-column-last fusion-spacing-yes\" style=\"margin-top:0px;margin-bottom:0px;\"><div class=\"fusion-column-wrapper\" style=\"background-color:#c6c6c6;padding:18px;\"><div class=\"fusion-column-table\"><div class=\"fusion-column-tablecell\"><h6 style=\"text-align: left;\"><span style=\"color: #000000;\">Kostenloses WLAN<\/span><\/h6>\n<div class=\"fusion-clearfix\"><\/div><\/div><\/div><\/div><\/div><div class=\"fusion-clearfix\"><\/div><div class=\"fusion-sep-clear\"><\/div><div class=\"fusion-separator fusion-full-width-sep sep-none\" style=\"border-color:#e0dede;margin-left: auto;margin-right: auto;margin-top:;margin-bottom:15px;\"><\/div><div class=\"fusion-one-half fusion-layout-column fusion-spacing-yes\" style=\"margin-top:0px;margin-bottom:0px;\"><div class=\"fusion-column-wrapper\"><div class=\"page\" title=\"Page 1\">\n<div class=\"section\">\n<div class=\"layoutArea\">\n<div class=\"column\">\n<div class=\"page\" title=\"Page 1\">\n<div class=\"section\">\n<div class=\"layoutArea\">\n<div class=\"column\">\n<div class=\"page\" title=\"Page 1\">\n<div class=\"section\">\n<div class=\"layoutArea\">\n<div class=\"column\">\n<p>Die Initiative Freifunk.Hamburg bietet \u00fcber die gesamte Stadt verteilt kostenlose WLAN-Zug\u00e4nge an. W\u00e4hlen Sie dazu das Netz \u201eHamburg.freifunk.net\u201c (SSID\/WLAN-Name) aus. Die Zug\u00e4nge finden Sie unter\u00a0<a href=\"http:\/\/knotenkarte.de\/\">knotenkarte.de<\/a>\u00a0oder mit Hilfe der App \u201cFreifunk\u201c f\u00fcr iOS und \u201cFreifunk-Karte\u201d f\u00fcr Android.<\/p>\n<p>Daneben haben regionale Internetanbieter das kostenlose WLAN-Netz MobyKlick aufgebaut. Um das WLAN zu nutzen, w\u00e4hlen Sie am Zugangspunkt das Netz \u201eMobyKlick\u201c (SSID\/WLAN-Name) und\u00a0 klicken im Browser auf \u201cVerbinden\u201d (\u201cVerbinden\u201d). Danach k\u00f6nnen Sie das Internet f\u00fcr 4 Stunden kostenlos nutzen. Die Zugangspunkte finden Sie unter:\u00a0 <a href=\"https:\/\/mobyklick.de\/karte\/\">https:\/\/mobyklick.de\/karte\/<\/a>. MobyKlick gibt es auch oft in Bussen und U-Bahnen.<\/p>\n<\/div>\n<\/div>\n<\/div>\n<\/div>\n<\/div>\n<\/div>\n<\/div>\n<\/div>\n<\/div>\n<\/div>\n<\/div>\n<\/div>\n<div class=\"fusion-clearfix\"><\/div><\/div><\/div><div class=\"fusion-one-half fusion-layout-column fusion-column-last fusion-spacing-yes\" style=\"margin-top:0px;margin-bottom:0px;\"><div class=\"fusion-column-wrapper\"><div class=\"page\" title=\"Page 1\">\n<div class=\"section\">\n<div class=\"layoutArea\">\n<div class=\"column\">WLAN gibt es auch in den Hamburger B\u00fccherhallen und vielen Caf\u00e9s und Gesch\u00e4ften. Schlie\u00dflich k\u00f6nnen Sie am Hamburger Hauptbahnhof und an den Bahnh\u00f6fen Altona und Harburg mit \u201cWIFI@DB\u201d dauerhaft und mit der Telekom (SSID\/WLAN-Name: <span style=\"color: #02a4d5;\">Telekom<\/span>) f\u00fcr 30 Minuten kostenlos surfen.<\/div>\n<\/div>\n<\/div>\n<\/div>\n<div class=\"fusion-clearfix\"><\/div><\/div><\/div><div class=\"fusion-clearfix\"><\/div><\/div><\/div><div class=\"fusion-fullwidth fullwidth-box fusion-fullwidth-6  fusion-parallax-none nonhundred-percent-fullwidth\" style=\"border-color:#eae9e9;border-bottom-width: 0px;border-top-width: 0px;border-bottom-style: solid;border-top-style: solid;padding-bottom:20px;padding-top:20px;padding-left:;padding-right:;\"><style type=\"text\/css\" scoped=\"scoped\">.fusion-fullwidth-6 {\r\n                            padding-left: px !important;\r\n                            padding-right: px !important;\r\n                        }<\/style><div class=\"fusion-row\"><p style=\"text-align: right;\"><span style=\"color: #7f7f7f;\">Zuletzt aktualisiert: 01.01.2023<\/span><\/p>\n<\/div><\/div>\n","protected":false},"excerpt":{"rendered":"","protected":false},"author":1,"featured_media":0,"parent":0,"menu_order":0,"comment_status":"closed","ping_status":"closed","template":"100-width.php","meta":{"footnotes":""},"class_list":["post-426","page","type-page","status-publish","hentry"],"_links":{"self":[{"href":"https:\/\/we-inform.de\/portal\/wp-json\/wp\/v2\/pages\/426"}],"collection":[{"href":"https:\/\/we-inform.de\/portal\/wp-json\/wp\/v2\/pages"}],"about":[{"href":"https:\/\/we-inform.de\/portal\/wp-json\/wp\/v2\/types\/page"}],"author":[{"embeddable":true,"href":"https:\/\/we-inform.de\/portal\/wp-json\/wp\/v2\/users\/1"}],"replies":[{"embeddable":true,"href":"https:\/\/we-inform.de\/portal\/wp-json\/wp\/v2\/comments?post=426"}],"version-history":[{"count":22,"href":"https:\/\/we-inform.de\/portal\/wp-json\/wp\/v2\/pages\/426\/revisions"}],"predecessor-version":[{"id":9231,"href":"https:\/\/we-inform.de\/portal\/wp-json\/wp\/v2\/pages\/426\/revisions\/9231"}],"wp:attachment":[{"href":"https:\/\/we-inform.de\/portal\/wp-json\/wp\/v2\/media?parent=426"}],"curies":[{"name":"wp","href":"https:\/\/api.w.org\/{rel}","templated":true}]}}