{"id":3119,"date":"2016-06-29T17:39:11","date_gmt":"2016-06-29T15:39:11","guid":{"rendered":"http:\/\/we-inform.de\/portal\/?page_id=3119"},"modified":"2019-12-18T18:34:14","modified_gmt":"2019-12-18T17:34:14","slug":"presse","status":"publish","type":"page","link":"https:\/\/we-inform.de\/portal\/de\/presse\/","title":{"rendered":"Presse"},"content":{"rendered":"<div class=\"fusion-fullwidth fullwidth-box fusion-fullwidth-1  fusion-parallax-none nonhundred-percent-fullwidth\" style=\"border-color:#eae9e9;border-bottom-width: 0px;border-top-width: 0px;border-bottom-style: solid;border-top-style: solid;padding-bottom:20px;padding-top:20px;padding-left:;padding-right:;\"><style type=\"text\/css\" scoped=\"scoped\">.fusion-fullwidth-1 {\r\n                            padding-left: px !important;\r\n                            padding-right: px !important;\r\n                        }<\/style><div class=\"fusion-row\"><p><strong>Ver\u00f6ffentlichungen:<\/strong><\/p>\n<p>We.Inform wurde vom Rat f\u00fcr Migration als wegweisendes Projekt f\u00fcr Gefl\u00fcchtete ausgew\u00e4hlt und wird im ersten Band von &#8222;So schaffen wir das &#8211; eine Zivilgesellschaft im Aufbruch&#8220; aufgef\u00fchrt.<br \/>\nDie <span style=\"text-decoration: underline;\"><a href=\"http:\/\/www.transcript-verlag.de\/978-3-8376-3829-5\/so-schaffen-wir-das-eine-zivilgesellschaft-im-aufbruch\" target=\"_blank\" rel=\"noopener\">Ver\u00f6ffentlichung des Transcript Verlages<\/a><\/span> ist <span style=\"text-decoration: underline;\"><a href=\"https:\/\/we-inform.de\/portal\/wp-content\/uploads\/2017\/05\/So-schaffen-wir-das-eine-Zivilgesellschaft-im-Aufbruch.pdf\" target=\"_blank\" rel=\"noopener\">hier als Volltext <\/a><\/span>verf\u00fcgbar.<\/p>\n<p><strong>Aktuelle Artikel und Berichte \u00fcber das Projekt:<\/strong><\/p>\n<ul>\n<li><a href=\"http:\/\/www.welt.de\/regionales\/hamburg\/article156687997\/Dieses-Web-Portal-soll-bei-der-Integration-helfen.html\" target=\"_blank\" rel=\"noopener\">http:\/\/www.welt.de\/regionales\/hamburg\/article156687997\/Dieses-Web-Portal-soll-bei-der-Integration-helfen.html<\/a><\/li>\n<li><a href=\"http:\/\/rtlnord.de\/nachrichten\/so-hilft-das-projekt-we-inform-fluechtlingen-in-hamburg.html\" target=\"_blank\" rel=\"noopener\">http:\/\/rtlnord.de\/nachrichten\/so-hilft-das-projekt-we-inform-fluechtlingen-in-hamburg.html<\/a><\/li>\n<li><a href=\"http:\/\/www.zeit.de\/hamburg\/stadtleben\/2016-06\/elbvertiefung-30-6-16\" target=\"_blank\" rel=\"noopener\">http:\/\/www.zeit.de\/hamburg\/stadtleben\/2016-06\/elbvertiefung-30-6-16<\/a><\/li>\n<li><a href=\"http:\/\/neuenachbarn.hamburg\/we-inform-jetzt-informationguide-fuer-gefluechtete-werden\/\" target=\"_blank\" rel=\"noopener\">http:\/\/neuenachbarn.hamburg\/we-inform-jetzt-informationguide-fuer-gefluechtete-werden\/<\/a><\/li>\n<li><a href=\"http:\/\/helferzentrale.org\/2016\/06\/30\/we-inform-strukturierte-informationen-fuer-gefluechtete-in-hamburg\/\" target=\"_blank\" rel=\"noopener\">http:\/\/helferzentrale.org\/2016\/06\/30\/we-inform-strukturierte-informationen-fuer-gefluechtete-in-hamburg\/<\/a><\/li>\n<li><a href=\"http:\/\/www.law-school.de\/news-artikel\/bucerius-hilft-fluechtlingsprojekt-weinform-erstmals-oeffentlich\/?no_cache=1\" target=\"_blank\" rel=\"noopener\">http:\/\/www.law-school.de\/news-artikel\/bucerius-hilft-fluechtlingsprojekt-weinform-erstmals-oeffentlich\/?no_cache=1<\/a><\/li>\n<li><a href=\"https:\/\/www.studienstiftung.de\/pressemitteilungen\/artikel\/weitergeben-engagementpreise-2017-gehen-an-fuenf-preistraegerinnen-und-preistraeger-1\/\" target=\"_blank\" rel=\"noopener\">https:\/\/www.studienstiftung.de\/pressemitteilungen\/artikel\/weitergeben-engagementpreise-2017-gehen-an-fuenf-preistraegerinnen-und-preistraeger-1\/<\/a><\/li>\n<li><a href=\"http:\/\/www.studienstiftung.de\/auszeichnungen-der-studienstiftung\/engagement-und-promotionspreise\/starterpreis\/\" target=\"_blank\" rel=\"noopener\">http:\/\/www.studienstiftung.de\/auszeichnungen-der-studienstiftung\/engagement-und-promotionspreise\/starterpreis\/<\/a><\/li>\n<li><a href=\"http:\/\/www.sat1regional.de\/videos\/article\/pprojekt-weinform-informationsportal-mit-unterstuetzungsangeboten-fuer-fluechtlinge-in-hamburg-20867.html\" target=\"_blank\" rel=\"noopener\">http:\/\/www.sat1regional.de\/videos\/article\/pprojekt-weinform-informationsportal-mit-unterstuetzungsangeboten-fuer-fluechtlinge-in-hamburg-20867.html<\/a><\/li>\n<li><a href=\"http:\/\/www.bdu.de\/wer-wir-sind\/unser-engagement-csr\/fluechtlinge-in-deutschland\/\" target=\"_blank\" rel=\"noopener\">http:\/\/www.bdu.de\/wer-wir-sind\/unser-engagement-csr\/fluechtlinge-in-deutschland\/<\/a><\/li>\n<\/ul>\n<p><strong><span style=\"color: #4f4f4f;\">Sie wollen \u00fcber unser Projekt berichten?<\/span><\/strong><\/p>\n<p>Wir freuen uns \u00fcber Ihre Nachricht an <a href=\"mailto:info@we-inform.de\">info@we-inform.de<\/a>!<\/p>\n<p><strong><span style=\"color: #4f4f4f;\">Hier finden Sie aktuelle Pressemitteilungen sowie Informationen \u00fcber das Projekt zum Herunterladen:<\/span><\/strong><\/p>\n<p><a href=\"https:\/\/we-inform.de\/portal\/wp-content\/uploads\/2016\/06\/We.Inform-Pressemitteilung-29.06.2016.pdf\" target=\"_blank\" rel=\"noopener\">Pressemitteilung vom 29.06.2016<\/a><br \/>\n<a href=\"https:\/\/we-inform.de\/portal\/wp-content\/uploads\/2016\/06\/\u00dcber-uns.pdf\" target=\"_blank\" rel=\"noopener\">\u00dcber uns<\/a><br \/>\n<a href=\"https:\/\/we-inform.de\/portal\/wp-content\/uploads\/2016\/06\/Das-Projekt-auf-einen-Blick.pdf\" target=\"_blank\" rel=\"noopener\">Das Projekt auf einen Blick<br \/>\n<\/a><a href=\"https:\/\/we-inform.de\/portal\/wp-content\/uploads\/2016\/06\/Statement-Cards.zip\" target=\"_blank\" rel=\"noopener\">Statement-Cards: &#8222;That&#8217;s why We.Inform.&#8220;<\/a><\/p>\n<\/div><\/div>\n","protected":false},"excerpt":{"rendered":"","protected":false},"author":6,"featured_media":0,"parent":0,"menu_order":0,"comment_status":"closed","ping_status":"closed","template":"","meta":{"footnotes":""},"class_list":["post-3119","page","type-page","status-publish","hentry"],"_links":{"self":[{"href":"https:\/\/we-inform.de\/portal\/wp-json\/wp\/v2\/pages\/3119"}],"collection":[{"href":"https:\/\/we-inform.de\/portal\/wp-json\/wp\/v2\/pages"}],"about":[{"href":"https:\/\/we-inform.de\/portal\/wp-json\/wp\/v2\/types\/page"}],"author":[{"embeddable":true,"href":"https:\/\/we-inform.de\/portal\/wp-json\/wp\/v2\/users\/6"}],"replies":[{"embeddable":true,"href":"https:\/\/we-inform.de\/portal\/wp-json\/wp\/v2\/comments?post=3119"}],"version-history":[{"count":20,"href":"https:\/\/we-inform.de\/portal\/wp-json\/wp\/v2\/pages\/3119\/revisions"}],"predecessor-version":[{"id":6103,"href":"https:\/\/we-inform.de\/portal\/wp-json\/wp\/v2\/pages\/3119\/revisions\/6103"}],"wp:attachment":[{"href":"https:\/\/we-inform.de\/portal\/wp-json\/wp\/v2\/media?parent=3119"}],"curies":[{"name":"wp","href":"https:\/\/api.w.org\/{rel}","templated":true}]}}