{"id":3059,"date":"2016-06-15T20:00:01","date_gmt":"2016-06-15T18:00:01","guid":{"rendered":"http:\/\/we-inform.de\/portal\/?page_id=3059"},"modified":"2022-01-22T00:11:42","modified_gmt":"2022-01-21T23:11:42","slug":"impressum","status":"publish","type":"page","link":"https:\/\/we-inform.de\/portal\/de\/impressum\/","title":{"rendered":"Impressum"},"content":{"rendered":"<div class=\"fusion-fullwidth fullwidth-box fusion-fullwidth-1  fusion-parallax-none nonhundred-percent-fullwidth\" style=\"border-color:#eae9e9;border-bottom-width: 0px;border-top-width: 0px;border-bottom-style: solid;border-top-style: solid;padding-bottom:20px;padding-top:20px;padding-left:;padding-right:;\"><style type=\"text\/css\" scoped=\"scoped\">.fusion-fullwidth-1 {\r\n                            padding-left: px !important;\r\n                            padding-right: px !important;\r\n                        }<\/style><div class=\"fusion-row\"><h1>Impressum<\/h1>\n<h3>Hochschule<\/h3>\n<p><strong>Bucerius Law School Hochschule f\u00fcr Rechtswissenschaft <\/strong><br \/>\nJungiusstra\u00dfe 6<br \/>\n20355 Hamburg<\/p>\n<p><strong>Postadresse<\/strong><br \/>\nPostfach 30 10 30<br \/>\n20304 Hamburg<\/p>\n<p><strong>Hochschulleitung<\/strong><br \/>\nPr\u00e4sidentin: Professorin Dr. Dr. h.c. mult. Katharina Boele-Woelki<br \/>\nGesch\u00e4ftsf\u00fchrer: Meinhard Weizmann, Benedikt Landgrebe<\/p>\n<h3>Kontakt<\/h3>\n<p>Tel.: (040) 3 07 06 \u2013 0<br \/>\nFax: (040) 3 07 06 \u2013 145<br \/>\nE-Mail: info(at)law-school.de<\/p>\n<h2><\/h2>\n<h2>Tr\u00e4gergesellschaft<\/h2>\n<h3>Bucerius Law School Hochschule f\u00fcr Rechtswissenschaft gemeinn\u00fctzige GmbH<\/h3>\n<p>Jungiusstra\u00dfe 6<br \/>\n20355 Hamburg<\/p>\n<h3>Postadresse<\/h3>\n<p>Postfach 30 10 30<br \/>\n20304 Hamburg<\/p>\n<h3>Gesch\u00e4ftsf\u00fchrer<\/h3>\n<p>Meinhard Weizmann, Benedikt Landgrebe<\/p>\n<h3>Vorsitzender des Aufsichtsrats<\/h3>\n<p>Professor Dr. Michael G\u00f6ring<\/p>\n<h3>Sitz der Gesellschaft<\/h3>\n<p>Freie und Hansestadt Hamburg<br \/>\nAmtsgericht Hamburg, HRB 75325<br \/>\nSteuernummer: 17\/424\/06683<br \/>\nUSt-Identifikationsnummer (USt-IdNr.): DE212998891<\/p>\n<h3>Web-Redaktion<\/h3>\n<p><strong>Verantwortlich f\u00fcr den Inhalt nach \u00a7 55 Abs. 2 RStV:<\/strong><br \/>\nPauline Rachor<br \/>\nc\/o Bucerius Law School<br \/>\nProjekt We.Inform.<br \/>\nJungiusstr. 6<br \/>\n20355 Hamburg<\/p>\n<h3>Konzept, Design und Programmierung<\/h3>\n<p>dreizunull GmbH &amp; Co. KG Kommunikationsagentur<br \/>\nSchwedenkai 1 | Deck 10<br \/>\n24103 Kiel<br \/>\nTelefon: 0049 (0) 431 240 30 30<br \/>\nwww.dreizunull.com<\/p>\n<h3>Haftungsausschluss<\/h3>\n<p>Alle in diesen Internetseiten enthaltenen Angaben und Informationen wurden sorgf\u00e4ltig gepr\u00fcft. Eine Garantie f\u00fcr die Vollst\u00e4ndigkeit, Richtigkeit und letzte Aktualit\u00e4t kann jedoch nicht \u00fcbernommen werden. F\u00fcr die Verf\u00fcgbarkeit oder den Inhalt der Internetseiten Dritter, auf die die Bucerius Law School durch einen Hyperlink verweist, tragen nur die jeweiligen Anbietenden die Verantwortung. Au\u00dferdem k\u00f6nnen Dritte ohne das Wissen der Bucerius Law School auf diese Internetseite einen Hyperlink setzen. Auch f\u00fcr diese Verbindung \u00fcbernimmt die Bucerius Law School keine Verantwortung.<\/p>\n<h3>Datenschutzerkl\u00e4rung<\/h3>\n<p>Die Datenschutzerkl\u00e4rung finden Sie <a href=\"https:\/\/we-inform.de\/portal\/de\/datenschutz\/\">hier<\/a>.<\/p>\n<h3>Au\u00dfergerichtliche Streitbeilegung<\/h3>\n<p>Die Bucerius Law School Hochschule f\u00fcr Rechtswissenschaft gGmbH ist bestrebt, etwaige Meinungsverschiedenheiten aus Verbrauchervertr\u00e4gen au\u00dfergerichtlich beizulegen. Sie ist daher bereit, an Streitbeilegungsverfahren der Allgemeinen Verbraucherschlichtungsstelle Zentrum f\u00fcr Schlichtung e.V., Stra\u00dfburger Stra\u00dfe 8, 77694 Kehl am Rein, <a href=\"https:\/\/www.verbraucher-schlichter.de\/herzlich-willkommen-bei-der-allgemeinen-verbraucherschlichtungsstelle-%e2%80%93-ihrer-schlichtungsstelle-fuer-verbraucherstreitigkeiten\">www.verbraucher-schlichter.de<\/a>, E-Mail: mail(at)verbraucher-schlichter.de teilzunehmen, sofern der Verbraucher bzw. die Verbraucherin den streitigen Anspruch zuvor gegen\u00fcber der Hochschule geltend gemacht hat und sofern der Anspruch im Zust\u00e4ndigkeitsbereich der Verbraucherschlichtungsstelle ist.<\/p>\n<p>Die Europ\u00e4ische Kommission stellt eine Plattform zur Online-Streitbeilegung (OS) bereit. Die Plattform finden Sie unter <a href=\"https:\/\/webgate.ec.europa.eu\/odr\/\">https:\/\/webgate.ec.europa.eu\/odr\/<\/a>. Bei rein deutschsprachigen Sachverhalten bietet es sich an, direkt die Allgemeine Verbraucherschlichtungsstelle anzurufen. Unsere E-Mail-Adresse lautet: info(at)law-school.de.<\/p>\n<h3>Nutzung von Facebook-Plug-ins<\/h3>\n<p>Unsere Webseite verwendet Plug-ins des sozialen Netzwerks Facebook, Facebook Inc., 1 Hacker Way, Menlo Park, California 94025, USA.<\/p>\n<p>Die Facebook-Plug-ins erkennen Sie an dem Facebook-Logo auf unserer Webseite. Eine \u00dcbersicht \u00fcber die Facebook-Plug-ins finden Sie hier: <u><a href=\"http:\/\/developers.facebook.com\/docs\/plugins\/\">http:\/\/developers.facebook.com\/docs\/plugins\/<\/a><\/u>.<\/p>\n<p>Wenn Sie unsere Webseite besuchen, wird \u00fcber das Plug-in eine direkte Verbindung zwischen Ihrem Browser und dem Facebook-Server hergestellt. Facebook erh\u00e4lt dadurch die Information, dass Sie mit Ihrer IP-Adresse unsere Webseite besucht haben. Wenn Sie den Facebook-\u201eLike-Button\u201c anklicken, w\u00e4hrend Sie in Ihrem Facebook-Account eingeloggt sind, k\u00f6nnen Sie die Inhalte unserer Webseite auf Ihrem Facebook-Profil verlinken. Dadurch kann Facebook den Besuch unserer Webseite Ihrem Benutzerkonto zuordnen.<\/p>\n<p>Wir weisen Sie darauf hin, dass wir als Anbieter der Webseite keine Kenntnis vom Inhalt der \u00fcbermittelten Daten sowie deren Nutzung durch Facebook erlangen. Wenn Sie nicht w\u00fcnschen, dass Facebook den Besuch unserer Webseite Ihrem Facebook-Nutzerkonto zuordnen kann, loggen Sie sich bitte aus Ihrem Facebook-Benutzerkonto aus.<\/p>\n<p>Weitere Informationen hierzu finden Sie in der Datenschutzerkl\u00e4rung von Facebook unter <u><a href=\"http:\/\/de-de.facebook.com\/policy.php\">http:\/\/de-de.facebook.com\/policy.php<\/a><\/u>.<\/p>\n<h3>Nutzung von Google Maps<\/h3>\n<p>Auf dieser Webseite nutzen wir das Angebot von Google Maps. Dadurch k\u00f6nnen wir Ihnen interaktive Karten direkt in der Website anzeigen und erm\u00f6glichen Ihnen die komfortable Nutzung der Karten-Funktion.<\/p>\n<p>Durch den Besuch auf der Website erh\u00e4lt Google die Information, dass Sie die entsprechende Unterseite unserer Website aufgerufen haben. Zudem werden die oben genannten Daten (5.1) \u00fcbermittelt. Dies erfolgt unabh\u00e4ngig davon, ob Google ein Nutzerkonto bereitstellt, \u00fcber das Sie eingeloggt sind, oder ob kein Nutzerkonto besteht. Wenn Sie bei Google eingeloggt sind, werden Ihre Daten direkt Ihrem Konto zugeordnet. Wenn Sie die Zuordnung mit Ihrem Profil bei Google nicht w\u00fcnschen, m\u00fcssen Sie sich vor Aktivierung des Buttons ausloggen. Google speichert Ihre Daten als Nutzungsprofile und nutzt sie f\u00fcr Zwecke der Werbung, Marktforschung und\/oder bedarfsgerechten Gestaltung seiner Website. Eine solche Auswertung erfolgt insbesondere (selbst f\u00fcr nicht eingeloggte Nutzer) zur Erbringung von bedarfsgerechter Werbung und um andere Nutzer des sozialen Netzwerks \u00fcber Ihre Aktivit\u00e4ten auf unserer Website zu informieren. Ihnen steht ein Widerspruchsrecht zu gegen die Bildung dieser Nutzerprofile, wobei Sie sich zur Aus\u00fcbung dessen an Google richten m\u00fcssen.<\/p>\n<p>Weitere Informationen zu Zweck und Umfang der Datenerhebung und ihrer Verarbeitung durch den Plug-in-Anbieter erhalten Sie in den Datenschutzerkl\u00e4rungen des Anbieters. Dort erhalten Sie auch weitere Informationen zu Ihren diesbez\u00fcglichen Rechten und Einstellungsm\u00f6glichkeiten zum Schutze Ihrer Privatsph\u00e4re: <u><a href=\"http:\/\/www.google.de\/intl\/de\/policies\/privacy\">http:\/\/www.google.de\/intl\/de\/policies\/privacy<\/a><\/u>. Google verarbeitet Ihre personenbezogenen Daten auch in den USA und hat sich dem EU-US Privacy Shield unterworfen, <u><a href=\"https:\/\/www.privacyshield.gov\/EU-US-Framework\">https:\/\/www.privacyshield.gov\/EU-US-Framework<\/a><\/u>.<\/p>\n<\/div><\/div>\n","protected":false},"excerpt":{"rendered":"","protected":false},"author":6,"featured_media":0,"parent":0,"menu_order":0,"comment_status":"closed","ping_status":"closed","template":"","meta":{"footnotes":""},"class_list":["post-3059","page","type-page","status-publish","hentry"],"_links":{"self":[{"href":"https:\/\/we-inform.de\/portal\/wp-json\/wp\/v2\/pages\/3059"}],"collection":[{"href":"https:\/\/we-inform.de\/portal\/wp-json\/wp\/v2\/pages"}],"about":[{"href":"https:\/\/we-inform.de\/portal\/wp-json\/wp\/v2\/types\/page"}],"author":[{"embeddable":true,"href":"https:\/\/we-inform.de\/portal\/wp-json\/wp\/v2\/users\/6"}],"replies":[{"embeddable":true,"href":"https:\/\/we-inform.de\/portal\/wp-json\/wp\/v2\/comments?post=3059"}],"version-history":[{"count":21,"href":"https:\/\/we-inform.de\/portal\/wp-json\/wp\/v2\/pages\/3059\/revisions"}],"predecessor-version":[{"id":8052,"href":"https:\/\/we-inform.de\/portal\/wp-json\/wp\/v2\/pages\/3059\/revisions\/8052"}],"wp:attachment":[{"href":"https:\/\/we-inform.de\/portal\/wp-json\/wp\/v2\/media?parent=3059"}],"curies":[{"name":"wp","href":"https:\/\/api.w.org\/{rel}","templated":true}]}}