{"id":2894,"date":"2016-06-12T13:29:29","date_gmt":"2016-06-12T11:29:29","guid":{"rendered":"http:\/\/we-inform.de\/portal\/?page_id=2894"},"modified":"2022-11-20T16:57:36","modified_gmt":"2022-11-20T15:57:36","slug":"team-en","status":"publish","type":"page","link":"https:\/\/we-inform.de\/portal\/en\/team-en\/","title":{"rendered":"Team presentation &#8211; Teamvorstellung"},"content":{"rendered":"<div class=\"fusion-fullwidth fullwidth-box fusion-fullwidth-1  fusion-parallax-none hundred-percent-fullwidth\" style=\"border-color:#eae9e9;border-bottom-width: 0px;border-top-width: 0px;border-bottom-style: solid;border-top-style: solid;padding-bottom:200px;padding-top:200px;padding-left:;padding-right:;background-color:#02a4d5;background-position:center center;background-repeat:no-repeat;-webkit-background-size:cover;-moz-background-size:cover;-o-background-size:cover;background-size:cover;-ms-filter: &quot;progid:DXImageTransform.Microsoft.AlphaImageLoader(src=&#039;http:\/\/we-inform.de\/portal\/wp-content\/uploads\/2016\/06\/Gruppenfoto-Header.jpg&#039;, sizingMethod=&#039;scale&#039;)&quot;;background-image: url(http:\/\/we-inform.de\/portal\/wp-content\/uploads\/2016\/06\/Gruppenfoto-Header.jpg);\"><style type=\"text\/css\" scoped=\"scoped\">.fusion-fullwidth-1 {\r\n                            padding-left: px !important;\r\n                            padding-right: px !important;\r\n                        }<\/style><div class=\"fusion-row\"><\/div><\/div><div class=\"fusion-section-separator section-separator\" style=\"border-bottom:20px solid #02a4d5;\"><div class=\"divider-candy-arrow bottom\" style=\"top:20px;border-top-color: #02a4d5;\"><\/div><div class=\"divider-candy bottom\" style=\"bottom:-40px;border-bottom:1px solid #02a4d5;border-left:1px solid #02a4d5;\"><\/div><\/div><div class=\"fusion-fullwidth fullwidth-box fusion-fullwidth-2  fusion-parallax-none nonhundred-percent-fullwidth\" style=\"border-color:#eae9e9;border-bottom-width: 0px;border-top-width: 0px;border-bottom-style: solid;border-top-style: solid;padding-bottom:20px;padding-top:20px;padding-left:80px;padding-right:80px;\"><style type=\"text\/css\" scoped=\"scoped\">.fusion-fullwidth-2 {\r\n                            padding-left: 80px !important;\r\n                            padding-right: 80px !important;\r\n                        }<\/style><div class=\"fusion-row\"><div class=\"fusion-one-full fusion-layout-column fusion-column-last fusion-spacing-yes\" style=\"margin-top:30px;margin-bottom:0px;\"><div class=\"fusion-column-wrapper\" style=\"background-color:#c6c6c6;padding:18px;\"><div class=\"fusion-column-table\"><div class=\"fusion-column-tablecell\"><h6 style=\"text-align: left;\"><span style=\"color: #000000;\">Unser Team<\/span><\/h6>\n<div class=\"fusion-clearfix\"><\/div><\/div><\/div><\/div><\/div><div class=\"fusion-clearfix\"><\/div><div class=\"fusion-sep-clear\"><\/div><div class=\"fusion-separator fusion-full-width-sep sep-none\" style=\"border-color:#e0dede;margin-left: auto;margin-right: auto;margin-top:;margin-bottom:15px;\"><\/div><div class=\"fusion-one-full fusion-layout-column fusion-column-last fusion-spacing-yes\" style=\"margin-top:0px;margin-bottom:0px;\"><div class=\"fusion-column-wrapper\"><p><span style=\"color: #4f4f4f;\"><span style=\"color: #02a4d5;\">Judith<\/span> ist Initiatorin von We.Inform und hat die Projektidee von Khalid, einem Gefl\u00fcchteten, gemeinsam mit dem stetig wachsenden Team in die Tat umgesetzt.<\/span><\/p>\n<p>Student:innen, Mitarbeiter:innen der Bucerius Law School, sowie B\u00fcrger:innen unterst\u00fctzen mit ihrem freiwilligen Engagement das Team in diesen Bereichen:<\/p>\n<ul>\n<li>Interne Organisation, \u00d6ffentlichkeitsarbeit und Netzwerken<\/li>\n<li>Einsatzplanung und Terminvereinbarung<\/li>\n<li>Website<\/li>\n<li>Task Force Lebenslauf-Workshop<\/li>\n<li>Task Force Aufenthaltsrecht<\/li>\n<li>Finanzen<\/li>\n<li>IT<\/li>\n<li>Marketing<\/li>\n<li>Crewcare<\/li>\n<li>Fundraising<\/li>\n<li>Team Beirat<\/li>\n<\/ul>\n<p>Wenn Du Lust hast, einen der hier aufgef\u00fchrten Bereiche zu unterst\u00fctzen oder eine neue Task Force zu einem Thema, das Du besonders wichtig und spannend findest, zu gr\u00fcnden, dann melde Dich gern unter <a href=\"mailto:info@we-inform.de\">info@we-inform.de<\/a> und werde Teil von We.Inform!<span style=\"font-size: revert; color: initial;\"><\/p>\n<div class=\"fusion-clearfix\"><\/div><\/div><\/div><div class=\"fusion-clearfix\"><\/div><\/div><\/div><\/span><\/p>\n","protected":false},"excerpt":{"rendered":"","protected":false},"author":6,"featured_media":0,"parent":0,"menu_order":0,"comment_status":"closed","ping_status":"closed","template":"100-width.php","meta":{"footnotes":""},"class_list":["post-2894","page","type-page","status-publish","hentry"],"_links":{"self":[{"href":"https:\/\/we-inform.de\/portal\/wp-json\/wp\/v2\/pages\/2894"}],"collection":[{"href":"https:\/\/we-inform.de\/portal\/wp-json\/wp\/v2\/pages"}],"about":[{"href":"https:\/\/we-inform.de\/portal\/wp-json\/wp\/v2\/types\/page"}],"author":[{"embeddable":true,"href":"https:\/\/we-inform.de\/portal\/wp-json\/wp\/v2\/users\/6"}],"replies":[{"embeddable":true,"href":"https:\/\/we-inform.de\/portal\/wp-json\/wp\/v2\/comments?post=2894"}],"version-history":[{"count":7,"href":"https:\/\/we-inform.de\/portal\/wp-json\/wp\/v2\/pages\/2894\/revisions"}],"predecessor-version":[{"id":8306,"href":"https:\/\/we-inform.de\/portal\/wp-json\/wp\/v2\/pages\/2894\/revisions\/8306"}],"wp:attachment":[{"href":"https:\/\/we-inform.de\/portal\/wp-json\/wp\/v2\/media?parent=2894"}],"curies":[{"name":"wp","href":"https:\/\/api.w.org\/{rel}","templated":true}]}}