{"id":1312,"date":"2016-05-09T11:53:11","date_gmt":"2016-05-09T09:53:11","guid":{"rendered":"http:\/\/we-inform.de\/portal\/?page_id=1312"},"modified":"2021-04-23T20:07:35","modified_gmt":"2021-04-23T18:07:35","slug":"projektpartner-ar","status":"publish","type":"page","link":"https:\/\/we-inform.de\/portal\/ar\/projektpartner-ar\/","title":{"rendered":"\u0627\u0644\u0634\u0631\u0643\u0627\u0621 \u0641\u064a \u0627\u0644\u0645\u0634\u0631\u0648\u0639 &#8211; Projektpartner"},"content":{"rendered":"<div class=\"fusion-fullwidth fullwidth-box fusion-fullwidth-1  fusion-parallax-none nonhundred-percent-fullwidth\" style=\"border-color:#eae9e9;border-bottom-width: 0px;border-top-width: 0px;border-bottom-style: solid;border-top-style: solid;padding-bottom:20px;padding-top:20px;padding-left:;padding-right:;\"><style type=\"text\/css\" scoped=\"scoped\">.fusion-fullwidth-1 {\r\n                            padding-left: px !important;\r\n                            padding-right: px !important;\r\n                        }<\/style><div class=\"fusion-row\"><div class=\"fusion-one-full fusion-layout-column fusion-column-last fusion-spacing-yes\" style=\"margin-top:0px;margin-bottom:0px;\"><div class=\"fusion-column-wrapper\"><p dir=\"ltr\"><strong>We.Inform<\/strong> kooperiert mit kooperiert mit Sozialberatungsstellen, Wohnunterk\u00fcnften f\u00fcr Gefl\u00fcchtete, Fl\u00fcchtlingsinitiativen, der\u00a0<a href=\"https:\/\/rlc-hh.de\/de\/\" target=\"_blank\" rel=\"noopener\">Refugee Law Clinic<\/a>\u00a0(RLC) Uni HH und weiteren sozialen Einrichtungen und Initiativen<\/p>\n<p dir=\"ltr\">Wir stehen im Dialog mit Politik, \u00f6ffentlichen Einrichtungen, Freiwilligeninitiativen und sind Mitglied im B\u00fcndnis Hamburger Fl\u00fcchtlingsinitiativen (BHFI)<\/p>\n<p dir=\"ltr\">We.Inform arbeitet eng mit der <a href=\"https:\/\/www.law-clinic.de\/index.php?id=63\" target=\"_blank\" rel=\"noopener\">Law Clinic<\/a> der Bucerius Law School zusammen<\/p>\n<div class=\"fusion-clearfix\"><\/div><\/div><\/div><div class=\"fusion-clearfix\"><\/div><\/div><\/div><div class=\"fusion-fullwidth fullwidth-box fusion-fullwidth-2  fusion-parallax-none nonhundred-percent-fullwidth\" style=\"border-color:#eae9e9;border-bottom-width: 0px;border-top-width: 0px;border-bottom-style: solid;border-top-style: solid;padding-bottom:20px;padding-top:20px;padding-left:;padding-right:;\"><style type=\"text\/css\" scoped=\"scoped\">.fusion-fullwidth-2 {\r\n                            padding-left: px !important;\r\n                            padding-right: px !important;\r\n                        }<\/style><div class=\"fusion-row\"><p style=\"text-align: center;\"><strong>:Wichtige Partner und Unterst\u00fctzer des Projekts sind au\u00dferdem<\/strong><\/p>\n<p><img decoding=\"async\" class=\"aligncenter\" src=\"https:\/\/we-inform.de\/portal\/wp-content\/uploads\/2016\/02\/Bucerius-Logo_v03.png\" alt=\"\" \/><\/p>\n<p><img loading=\"lazy\" decoding=\"async\" class=\"aligncenter wp-image-6639\" src=\"http:\/\/we-inform.de\/portal\/wp-content\/uploads\/2020\/11\/Sozialbehoerde_deu_HKS-1-300x118.png\" alt=\"\" width=\"245\" height=\"97\" srcset=\"https:\/\/we-inform.de\/portal\/wp-content\/uploads\/2020\/11\/Sozialbehoerde_deu_HKS-1-300x118.png 300w, https:\/\/we-inform.de\/portal\/wp-content\/uploads\/2020\/11\/Sozialbehoerde_deu_HKS-1-768x303.png 768w, https:\/\/we-inform.de\/portal\/wp-content\/uploads\/2020\/11\/Sozialbehoerde_deu_HKS-1.png 999w\" sizes=\"(max-width: 245px) 100vw, 245px\" \/><\/p>\n<\/div><\/div>\n","protected":false},"excerpt":{"rendered":"","protected":false},"author":3,"featured_media":0,"parent":0,"menu_order":0,"comment_status":"closed","ping_status":"closed","template":"","meta":{"footnotes":""},"class_list":["post-1312","page","type-page","status-publish","hentry"],"_links":{"self":[{"href":"https:\/\/we-inform.de\/portal\/wp-json\/wp\/v2\/pages\/1312"}],"collection":[{"href":"https:\/\/we-inform.de\/portal\/wp-json\/wp\/v2\/pages"}],"about":[{"href":"https:\/\/we-inform.de\/portal\/wp-json\/wp\/v2\/types\/page"}],"author":[{"embeddable":true,"href":"https:\/\/we-inform.de\/portal\/wp-json\/wp\/v2\/users\/3"}],"replies":[{"embeddable":true,"href":"https:\/\/we-inform.de\/portal\/wp-json\/wp\/v2\/comments?post=1312"}],"version-history":[{"count":11,"href":"https:\/\/we-inform.de\/portal\/wp-json\/wp\/v2\/pages\/1312\/revisions"}],"predecessor-version":[{"id":7005,"href":"https:\/\/we-inform.de\/portal\/wp-json\/wp\/v2\/pages\/1312\/revisions\/7005"}],"wp:attachment":[{"href":"https:\/\/we-inform.de\/portal\/wp-json\/wp\/v2\/media?parent=1312"}],"curies":[{"name":"wp","href":"https:\/\/api.w.org\/{rel}","templated":true}]}}