{"id":1309,"date":"2016-05-09T11:51:38","date_gmt":"2016-05-09T09:51:38","guid":{"rendered":"http:\/\/we-inform.de\/portal\/?page_id=1309"},"modified":"2022-01-18T22:21:31","modified_gmt":"2022-01-18T21:21:31","slug":"sei-dabei-ar","status":"publish","type":"page","link":"https:\/\/we-inform.de\/portal\/ar\/sei-dabei-ar\/","title":{"rendered":"\u0627\u0644\u0645\u0634\u0627\u0631\u0643\u0629 \u0641\u064a \u0627\u0644\u0639\u0645\u0644 &#8211; Sei dabei"},"content":{"rendered":"<div class=\"fusion-fullwidth fullwidth-box fusion-fullwidth-1  fusion-parallax-none nonhundred-percent-fullwidth\" style=\"border-color:#eae9e9;border-bottom-width: 0px;border-top-width: 0px;border-bottom-style: solid;border-top-style: solid;padding-bottom:20px;padding-top:20px;padding-left:;padding-right:;\"><style type=\"text\/css\" scoped=\"scoped\">.fusion-fullwidth-1 {\r\n                            padding-left: px !important;\r\n                            padding-right: px !important;\r\n                        }<\/style><div class=\"fusion-row\"><p dir=\"ltr\" style=\"text-align: left;\"><span style=\"color: #02a4d5;\"><strong>Wir freuen uns \u00fcber jegliche Unterst\u00fctzung!<\/strong><\/span><\/p>\n<p dir=\"ltr\" style=\"text-align: left;\"><strong>Sie haben&nbsp;eine Anmerkung oder Ihnen ist eine Verbesserungsm\u00f6glichkeit aufgefallen?<\/strong><br \/>\nWir sind Ihnen f\u00fcr Ihre Nachricht an <a href=\"mailto:info@we-inform.de\">info@we-inform.de<\/a> dankbar.<\/p>\n<p dir=\"ltr\" style=\"text-align: left;\"><strong>Sie m\u00f6chten bei We.Inform aktiv werden? Werden Sie Teil unserer Task Forces indem Sie entweder inhaltlich an Konzepten mitarbeiten oder die Eins\u00e4tze begleiten!<\/strong><br \/>\nMelden Sie sich \u00fcber <span style=\"color: #4f4f4f;\"> &nbsp;<a href=\"mailto:info@we-inform.de\">info@we-inform.de<\/a><\/span><\/p>\n<p dir=\"ltr\" style=\"text-align: left;\"><strong>?Sie sprechen verschiedene Sprachen<\/strong><br \/>\nUnterst\u00fctzen Sie uns als Dolmetscher! &nbsp;<a href=\"mailto:info@we-inform.de\">info@we-inform.de<\/a><\/p>\n<p dir=\"ltr\" style=\"text-align: left;\"><strong>?Sie sind ein Networker und haben Spa\u00df an Fundraisin<\/strong><br \/>\nUnterst\u00fctzen Sie unser Team Finanzen! &nbsp;<a href=\"mailto:info@we-inform.de\">info@we-inform.de<\/a><\/p>\n<p dir=\"ltr\" style=\"text-align: left;\"><strong>.Wir finden f\u00fcr alle Interessierten die passende Position in unserem Projekt<\/strong><br \/>\nWenn Sie Lust haben mitzumachen, schreiben Sie eine Mail an&nbsp;<a href=\"mailto:info@we-inform.de\">info@we-inform.de<\/a><\/p>\n<p dir=\"ltr\" style=\"text-align: left;\"><span style=\"color: #02a4d5;\"><strong>?Sie m\u00f6chten uns finanziell unterst\u00fctzen<\/strong><\/span><\/p>\n<p dir=\"ltr\" style=\"text-align: left;\">.Hier finden Sie unsere Kontodaten. Eine Spendenquittung kann auf Anfrage ausgestellt werden<\/p>\n<table class=\" alignleft\" dir=\"ltr\">\n<tbody>\n<tr>\n<td><b>Beg\u00fcnstigter:<\/b><\/td>\n<td>Bucerius Law School gGmbH<\/td>\n<\/tr>\n<tr>\n<td><b>IBAN:<\/b><\/td>\n<td>DE44 2005 0550 1280 1286 10<\/td>\n<\/tr>\n<tr>\n<td><b>BIC:<\/b><\/td>\n<td>HASPDEHHXXX<\/td>\n<\/tr>\n<tr>\n<td><b>Bank:<\/b><\/td>\n<td>Hamburger Sparkasse<\/td>\n<\/tr>\n<tr>\n<td><b>Verwendungszweck: &nbsp;&nbsp;<\/b><\/td>\n<td>We.Inform &#8211; Spende<\/td>\n<\/tr>\n<\/tbody>\n<\/table>\n<p dir=\"ltr\" style=\"text-align: left;\"><span style=\"color: #02a4d5;\"><strong><br \/>\n?Sie m\u00f6chten unser Informationsangebot erweitern<\/strong><\/span><\/p>\n<p dir=\"ltr\" style=\"text-align: left;\"><strong>Sie haben n\u00fctzliche Informationen f\u00fcr uns oder m\u00f6chten, dass Ihr Projekt in unsere Projektdatenbank aufgenommen wird<\/strong><br \/>\n.Melden Sie sich \u00fcber <a href=\"mailto:info@we-inform.de\">info@we-inform.de<\/a><\/p>\n<p dir=\"ltr\" style=\"text-align: left;\"><strong>?Sie wollen eine Veranstaltung in unserem Veranstaltungskalender platzieren<br \/>\n<\/strong>.Wir freuen uns auf Ihre R\u00fcckmeldung \u00fcber <a href=\"mailto:info@we-inform.de\">info@we-inform.de<\/a><\/p>\n<\/div><\/div>\n","protected":false},"excerpt":{"rendered":"","protected":false},"author":3,"featured_media":0,"parent":0,"menu_order":0,"comment_status":"closed","ping_status":"closed","template":"","meta":{"footnotes":""},"class_list":["post-1309","page","type-page","status-publish","hentry"],"_links":{"self":[{"href":"https:\/\/we-inform.de\/portal\/wp-json\/wp\/v2\/pages\/1309"}],"collection":[{"href":"https:\/\/we-inform.de\/portal\/wp-json\/wp\/v2\/pages"}],"about":[{"href":"https:\/\/we-inform.de\/portal\/wp-json\/wp\/v2\/types\/page"}],"author":[{"embeddable":true,"href":"https:\/\/we-inform.de\/portal\/wp-json\/wp\/v2\/users\/3"}],"replies":[{"embeddable":true,"href":"https:\/\/we-inform.de\/portal\/wp-json\/wp\/v2\/comments?post=1309"}],"version-history":[{"count":14,"href":"https:\/\/we-inform.de\/portal\/wp-json\/wp\/v2\/pages\/1309\/revisions"}],"predecessor-version":[{"id":7798,"href":"https:\/\/we-inform.de\/portal\/wp-json\/wp\/v2\/pages\/1309\/revisions\/7798"}],"wp:attachment":[{"href":"https:\/\/we-inform.de\/portal\/wp-json\/wp\/v2\/media?parent=1309"}],"curies":[{"name":"wp","href":"https:\/\/api.w.org\/{rel}","templated":true}]}}