{"id":124,"date":"2016-01-14T11:59:03","date_gmt":"2016-01-14T10:59:03","guid":{"rendered":"http:\/\/we-inform.de\/portal\/?page_id=124"},"modified":"2025-09-26T20:10:52","modified_gmt":"2025-09-26T18:10:52","slug":"willkommen-in-hamburg","status":"publish","type":"page","link":"https:\/\/we-inform.de\/portal\/de\/willkommen-in-hamburg\/","title":{"rendered":"Willkommen in Hamburg"},"content":{"rendered":"<div class=\"fusion-fullwidth fullwidth-box fusion-fullwidth-1  fusion-parallax-none hundred-percent-fullwidth\" style=\"border-color:#eae9e9;border-bottom-width: 0px;border-top-width: 0px;border-bottom-style: solid;border-top-style: solid;padding-bottom:200px;padding-top:200px;padding-left:;padding-right:;background-color:#02a4d5;background-position:center center;background-repeat:no-repeat;-webkit-background-size:cover;-moz-background-size:cover;-o-background-size:cover;background-size:cover;-ms-filter: &quot;progid:DXImageTransform.Microsoft.AlphaImageLoader(src=&#039;https:\/\/we-inform.de\/portal\/wp-content\/uploads\/2016\/01\/HH-1.jpg&#039;, sizingMethod=&#039;scale&#039;)&quot;;background-image: url(https:\/\/we-inform.de\/portal\/wp-content\/uploads\/2016\/01\/HH-1.jpg);\"><style type=\"text\/css\" scoped=\"scoped\">.fusion-fullwidth-1 {\r\n                            padding-left: px !important;\r\n                            padding-right: px !important;\r\n                        }<\/style><div class=\"fusion-row\"><\/div><\/div><div class=\"fusion-section-separator section-separator\" style=\"border-bottom:20px solid #02a4d5;\"><div class=\"divider-candy-arrow bottom\" style=\"top:20px;border-top-color: #02a4d5;\"><\/div><div class=\"divider-candy bottom\" style=\"bottom:-40px;border-bottom:1px solid #02a4d5;border-left:1px solid #02a4d5;\"><\/div><\/div><div class=\"fusion-fullwidth fullwidth-box fusion-fullwidth-2  fusion-parallax-none nonhundred-percent-fullwidth\" style=\"border-color:#eae9e9;border-bottom-width: 0px;border-top-width: 0px;border-bottom-style: solid;border-top-style: solid;padding-bottom:0px;padding-top:20px;padding-left:80px;padding-right:80px;\"><style type=\"text\/css\" scoped=\"scoped\">.fusion-fullwidth-2 {\r\n                            padding-left: 80px !important;\r\n                            padding-right: 80px !important;\r\n                        }<\/style><div class=\"fusion-row\"><div class=\"fusion-sep-clear\"><\/div><div class=\"fusion-separator fusion-full-width-sep sep-none\" style=\"border-color:#e0dede;margin-left: auto;margin-right: auto;margin-top:35px;\"><\/div><div class=\"fusion-one-half fusion-layout-column fusion-spacing-yes\" style=\"margin-top:0px;margin-bottom:0px;\"><div class=\"fusion-column-wrapper\"><div class=\"page\" title=\"Page 1\">\n<div class=\"section\">\n<div class=\"layoutArea\">\n<div class=\"column\">\n<h3><strong>Hamburg hat \u00fcber 1,8 Mio. Einwohner und ist nach Berlin die zweitgr\u00f6\u00dfte Stadt Deutschlands. Die Stadt ist gleichzeitig eines von 16 deutschen Bundesl\u00e4ndern.<\/strong><\/h3>\n<\/div>\n<\/div>\n<\/div>\n<\/div>\n<div class=\"fusion-clearfix\"><\/div><\/div><\/div><div class=\"fusion-one-half fusion-layout-column fusion-column-last fusion-spacing-yes\" style=\"margin-top:0px;margin-bottom:0px;\"><div class=\"fusion-column-wrapper\"><div class=\"page\" title=\"Page 1\">\n<div class=\"section\">\n<div class=\"layoutArea\">\n<div class=\"column\">\n<h3><strong>Hier finden Sie Informationen \u00fcber einige Sehensw\u00fcrdigkeiten in Hamburg und \u00fcber die Nutzung der Busse und Bahnen.<\/strong><\/h3>\n<\/div>\n<\/div>\n<\/div>\n<\/div>\n<div class=\"fusion-clearfix\"><\/div><\/div><\/div><div class=\"fusion-clearfix\"><\/div><\/div><\/div><div class=\"fusion-fullwidth fullwidth-box fusion-fullwidth-3  fusion-parallax-none nonhundred-percent-fullwidth\" style=\"border-color:#eae9e9;border-bottom-width: 0px;border-top-width: 0px;border-bottom-style: solid;border-top-style: solid;padding-bottom:20px;padding-top:20px;padding-left:80px;padding-right:80px;\"><style type=\"text\/css\" scoped=\"scoped\">.fusion-fullwidth-3 {\r\n                            padding-left: 80px !important;\r\n                            padding-right: 80px !important;\r\n                        }<\/style><div class=\"fusion-row\"><div class=\"fusion-one-full fusion-layout-column fusion-column-last fusion-spacing-yes\" style=\"margin-top:0px;margin-bottom:0px;\"><div class=\"fusion-column-wrapper\" style=\"background-color:#c6c6c6;padding:18px;\"><div class=\"fusion-column-table\"><div class=\"fusion-column-tablecell\"><div class=\"page\" title=\"Page 1\">\n<div class=\"section\">\n<div class=\"layoutArea\">\n<div class=\"column\">\n<h6 style=\"text-align: left;\"><span style=\"color: #000000;\">Was f\u00fcr Sehensw\u00fcrdigkeiten gibt es in Hamburg?<\/span><\/h6>\n<\/div>\n<\/div>\n<\/div>\n<\/div>\n<div class=\"fusion-clearfix\"><\/div><\/div><\/div><\/div><\/div><div class=\"fusion-clearfix\"><\/div><div class=\"fusion-sep-clear\"><\/div><div class=\"fusion-separator fusion-full-width-sep sep-none\" style=\"border-color:#e0dede;margin-left: auto;margin-right: auto;margin-top:;margin-bottom:15px;\"><\/div><div class=\"fusion-one-half fusion-layout-column fusion-spacing-yes\" style=\"margin-top:0px;margin-bottom:0px;\"><div class=\"fusion-column-wrapper\"><div class=\"page\" title=\"Page 1\">\n<div class=\"section\">\n<div class=\"layoutArea\">\n<div class=\"column\">\n<div class=\"page\" title=\"Page 1\">\n<div class=\"section\">\n<div class=\"layoutArea\">\n<div class=\"column\">\n<div class=\"page\" title=\"Page 1\">\n<div class=\"section\">\n<div class=\"layoutArea\">\n<div class=\"column\">\n<div class=\"page\" title=\"Page 1\">\n<div class=\"section\">\n<div class=\"layoutArea\">\n<div class=\"column\">\n<p>Die <span style=\"color: #02a4d5;\">Alster<\/span> ist ein Fluss im Zentrum Hamburgs. Von der Lombardsbr\u00fccke aus haben Sie einen sch\u00f6nen Blick auf die Innenstadt. Um die Alster f\u00fchrt ein 7 km langer Uferweg zum Spazierengehen und Radfahren. Im Sommer k\u00f6nnen Sie an markierten Pl\u00e4tzen an der Alster grillen.<\/p>\n<p>Direkt an der Binnenalster liegt der <span style=\"color: #02a4d5;\">Jungfernstieg<\/span> (Haltestelle U\/S Jungfernstieg). Der Jungfernstieg ist eine sch\u00f6ne, viel besuchte Einkaufsstra\u00dfe. Nicht weit vom Jungfernstieg entfernt befindet sich der <span style=\"color: #02a4d5;\">Rathausmarkt<\/span>\u00a0mit dem Hamburger Rathaus. Das Rathaus ist der Sitz der Regierung und des Parlaments von Hamburg. Sie k\u00f6nnen Teile des Rathauses tags\u00fcber kostenlos besichtigen.<\/p>\n<p>Der <span style=\"color: #02a4d5;\">Hamburger Hafen<\/span> liegt am Fluss <span style=\"color: #02a4d5;\">Elbe<\/span> und ist der gr\u00f6\u00dfte Seehafen Deutschlands. Einen guten Eindruck vom Fluss und vom Hafen bekommen Sie, wenn Sie an der Haltestelle U\/S Landungsbr\u00fccken aussteigen. Von den Landungsbr\u00fccken aus fahren auch die HADAG-Hafenf\u00e4hren. Die Hafenf\u00e4hre k\u00f6nnen Sie mit einer HVV-Fahrkarte nutzen.<\/p>\n<\/div>\n<\/div>\n<\/div>\n<\/div>\n<\/div>\n<\/div>\n<\/div>\n<\/div>\n<\/div>\n<\/div>\n<\/div>\n<\/div>\n<\/div>\n<\/div>\n<\/div>\n<\/div>\n<div class=\"fusion-clearfix\"><\/div><\/div><\/div><div class=\"fusion-one-half fusion-layout-column fusion-column-last fusion-spacing-yes\" style=\"margin-top:0px;margin-bottom:0px;\"><div class=\"fusion-column-wrapper\"><p>\u00d6stlich der Landungsbr\u00fccken liegen die Speicherstadt und die HafenCity (Haltestellen U1 Me\u00dfberg, U3 Baumwall, U4 \u00dcberseequartier). Die <span style=\"color: #02a4d5;\">Speicherstadt<\/span> ist ein historisches Lagerhausviertel und UNESCO-Weltkulturerbe, das f\u00fcr seine Backsteinarchitektur und seine Fleete (Wasserl\u00e4ufe) bekannt ist. Die <span style=\"color: #02a4d5;\">HafenCity<\/span> ist ein neu angelegter Stadtteil, der durch seine moderne Architektur gepr\u00e4gt ist. Ein herausragendes Geb\u00e4ude ist das Konzerthaus <span style=\"color: #02a4d5;\">Elbphilharmonie<\/span>.<\/p>\n<p>Der <span style=\"color: #02a4d5;\">Elbstrand<\/span> ist ein kleiner Strand am Hafen. Sie erreichen ihn mit dem Bus 112 oder der F\u00e4hre 62 (Haltestelle \u00d6velg\u00f6nne).<\/p>\n<p>Die U-Bahnlinie U3 h\u00e4lt an vielen sehenswerten Orten in Hamburg (Sankt Pauli, Landungsbr\u00fccken, HafenCity, Rathaus, Stadtpark) und bietet die M\u00f6glichkeit einer kleinen Stadtrundfahrt.<\/p>\n<div class=\"fusion-clearfix\"><\/div><\/div><\/div><div class=\"fusion-clearfix\"><\/div><\/div><\/div><div class=\"fusion-fullwidth fullwidth-box fusion-fullwidth-4  fusion-parallax-none nonhundred-percent-fullwidth\" style=\"border-color:#eae9e9;border-bottom-width: 0px;border-top-width: 0px;border-bottom-style: solid;border-top-style: solid;padding-bottom:20px;padding-top:20px;padding-left:80px;padding-right:80px;\"><style type=\"text\/css\" scoped=\"scoped\">.fusion-fullwidth-4 {\r\n                            padding-left: 80px !important;\r\n                            padding-right: 80px !important;\r\n                        }<\/style><div class=\"fusion-row\"><div class=\"fusion-one-full fusion-layout-column fusion-column-last fusion-spacing-yes\" style=\"margin-top:0px;margin-bottom:0px;\"><div class=\"fusion-column-wrapper\" style=\"background-color:#c6c6c6;padding:18px;\"><div class=\"fusion-column-table\"><div class=\"fusion-column-tablecell\"><div class=\"page\" title=\"Page 1\">\n<div class=\"section\">\n<div class=\"layoutArea\">\n<div class=\"column\">\n<h6><span style=\"color: #000000;\">Was ist der Hamburger Verkehrsverbund (HVV)?<\/span><\/h6>\n<\/div>\n<\/div>\n<\/div>\n<\/div>\n<div class=\"fusion-clearfix\"><\/div><\/div><\/div><\/div><\/div><div class=\"fusion-clearfix\"><\/div><div class=\"fusion-sep-clear\"><\/div><div class=\"fusion-separator fusion-full-width-sep sep-none\" style=\"border-color:#e0dede;margin-left: auto;margin-right: auto;margin-top:;margin-bottom:15px;\"><\/div><div class=\"fusion-one-half fusion-layout-column fusion-spacing-yes\" style=\"margin-top:0px;margin-bottom:0px;\"><div class=\"fusion-column-wrapper\"><div class=\"page\" title=\"Page 1\">\n<div class=\"section\">\n<div class=\"layoutArea\">\n<div class=\"column\">\n<div class=\"page\" title=\"Page 1\">\n<div class=\"section\">\n<div class=\"layoutArea\">\n<div class=\"column\">\n<div class=\"page\" title=\"Page 1\">\n<div class=\"section\">\n<div class=\"layoutArea\">\n<div class=\"column\">\n<div class=\"page\" title=\"Page 1\">\n<div class=\"section\">\n<div class=\"layoutArea\">\n<div class=\"column\">\n<p>In Hamburg k\u00f6nnen Sie die meisten Orte mit der Bahn oder mit Bussen erreichen.<br \/>\nDie U- und S-Bahnen fahren wochentags bis 23 Uhr im Abstand von 5 bis 10 Minuten. In den N\u00e4chten von Freitag auf Samstag und von Samstag auf Sonntag fahren die Bahnen durchgehend alle 20 Minuten.<\/p>\n<p>Informationen zu Fahrkarten oder Fahrpl\u00e4nen erhalten Sie an den <span style=\"color: #02a4d5;\">HVV-Servicestellen<\/span> an diesen Haltestellen:<\/p>\n<ul>\n<li>Hauptbahnhof (zwei Servicestellen)<\/li>\n<li>Jungfernstieg<\/li>\n<li>Dammtor<\/li>\n<li>Berliner Tor<\/li>\n<li>Steinstra\u00dfe<\/li>\n<\/ul>\n<p>Eine vollst\u00e4ndige Liste der HVV-Servicestellen finden Sie hier:\u00a0<a href=\"https:\/\/www.hvv.de\/de\/service\/servicestellen\">https:\/\/www.hvv.de\/de\/service\/servicestellen<\/a><\/p>\n<p>Au\u00dferdem finden Sie Informationen unter <a href=\"http:\/\/www.hvv.de\">www.hvv.de<\/a> und \u00fcber die kostenlose HVV-App.<\/p>\n<p>Bitte denken Sie daran, dass das HVV-Netz \u00fcber das Stadtgebiet von Hamburg hinausgeht. Wenn Sie in einer Erstaufnahmeeinrichtung (EA) wohnen m\u00fcssen, haben Sie jedoch eine Residenzpflicht innerhalb der Stadtgrenzen.<\/p>\n<\/div>\n<\/div>\n<\/div>\n<\/div>\n<\/div>\n<\/div>\n<\/div>\n<\/div>\n<\/div>\n<\/div>\n<\/div>\n<\/div>\n<\/div>\n<\/div>\n<\/div>\n<\/div>\n<div class=\"fusion-clearfix\"><\/div><\/div><\/div><div class=\"fusion-one-half fusion-layout-column fusion-column-last fusion-spacing-yes\" style=\"margin-top:0px;margin-bottom:0px;\"><div class=\"fusion-column-wrapper\"><p><strong>Mobilit\u00e4t f\u00fcr alle<\/strong><\/p>\n<p>Auf dieser \u00dcbersicht der U- und S-Bahn-Haltestellen des HVV ist mit Symbolen dargestellt, welche Stationen auch von Menschen mit Beeintr\u00e4chtigungen selbstst\u00e4ndig und weitgehend ohne fremde Hilfe (barrierefrei) genutzt werden k\u00f6nnen. Die Symbole werden auf der linken Seite auf Deutsch erkl\u00e4rt: <a href=\"https:\/\/www.hvv.de\/resource\/blob\/2446\/b98693006b688e14d5b64bd3eff842ce\/hvv_mfa_usar-plan_einstiegshilfen.pdf\">https:\/\/www.hvv.de\/resource\/blob\/2446\/b98693006b688e14d5b64bd3eff842ce\/hvv_mfa_usar-plan_einstiegshilfen.pdf<\/a><\/p>\n<p>Au\u00dferdem gibt es eine Live-Auskunft zur Funktionsf\u00e4higkeit der Aufz\u00fcge: <a href=\"https:\/\/www.hvv.de\/de\/aufzuege\">https:\/\/www.hvv.de\/de\/aufzuege<\/a><\/p>\n<p>Weitere Informationen des HVV auf Deutsch finden Sie hier:\u00a0<a href=\"https:\/\/www.hvv.de\/en\/tickets\/refugees\">https:\/\/www.hvv.de\/en\/tickets\/refugees<\/a><\/p>\n<div class=\"fusion-clearfix\"><\/div><\/div><\/div><div class=\"fusion-clearfix\"><\/div><\/div><\/div><div class=\"fusion-fullwidth fullwidth-box fusion-fullwidth-5  fusion-parallax-none nonhundred-percent-fullwidth\" style=\"border-color:#eae9e9;border-bottom-width: 0px;border-top-width: 0px;border-bottom-style: solid;border-top-style: solid;padding-bottom:20px;padding-top:20px;padding-left:80px;padding-right:80px;\"><style type=\"text\/css\" scoped=\"scoped\">.fusion-fullwidth-5 {\r\n                            padding-left: 80px !important;\r\n                            padding-right: 80px !important;\r\n                        }<\/style><div class=\"fusion-row\"><div class=\"fusion-one-full fusion-layout-column fusion-column-last fusion-spacing-yes\" style=\"margin-top:0px;margin-bottom:0px;\"><div class=\"fusion-column-wrapper\" style=\"background-color:#c6c6c6;padding:18px;\"><div class=\"fusion-column-table\"><div class=\"fusion-column-tablecell\"><h6 style=\"text-align: left;\"><span style=\"color: #000000;\">Wie bekomme ich eine Fahrkarte?<\/span><\/h6>\n<div class=\"fusion-clearfix\"><\/div><\/div><\/div><\/div><\/div><div class=\"fusion-clearfix\"><\/div><div class=\"fusion-sep-clear\"><\/div><div class=\"fusion-separator fusion-full-width-sep sep-none\" style=\"border-color:#e0dede;margin-left: auto;margin-right: auto;margin-top:;margin-bottom:15px;\"><\/div><div class=\"fusion-one-half fusion-layout-column fusion-spacing-yes\" style=\"margin-top:0px;margin-bottom:0px;\"><div class=\"fusion-column-wrapper\"><div class=\"page\" title=\"Page 1\">\n<div class=\"section\">\n<div class=\"layoutArea\">\n<div class=\"column\">\n<div class=\"page\" title=\"Page 1\">\n<div class=\"section\">\n<div class=\"layoutArea\">\n<div class=\"column\">\n<div class=\"page\" title=\"Page 1\">\n<div class=\"section\">\n<div class=\"layoutArea\">\n<div class=\"column\">\n<p>Als <span style=\"font-weight: 400;\">Bewohner:in einer Erstaufnahmeeinrichtung<\/span> erhalten Sie eine <span style=\"color: #02a4d5;\">HVV-Fahrkarte<\/span> f\u00fcr alle \u00f6ffentlichen Verkehrsmittel in Hamburg, die <span style=\"color: #02a4d5;\">HVV-Mobilit\u00e4tskarte<\/span>. Sie gilt f\u00fcr den Gro\u00dfbereich Hamburg (Ringe A und B). Das Mobilit\u00e4tsticket erhalten Sie im Ankunftszentrum. Sie k\u00f6nnen das Ticket dann in der Ausl\u00e4nderbeh\u00f6rde in der Hammer Stra\u00dfe 30-34 verl\u00e4ngern lassen. Das Ticket kostet 19 Euro pro Monat f\u00fcr Erwachsene und 9,50 Euro pro Monat f\u00fcr Kinder zwischen 6 und 17 Jahren.<\/p>\n<p><span style=\"font-weight: 400;\">Sie m\u00fcssen die HVV-Mobilit\u00e4tskarte zur\u00fcckgeben, sobald Sie in eine Folgeunterkunft <\/span><span style=\"font-weight: 400;\">ziehen oder Sie eine Aufenthaltserlaubnis<\/span> <span style=\"font-weight: 400;\">erhalten haben.<\/span><\/p>\n<p><span style=\"font-weight: 400;\">Sie m\u00fcssen sich dann eine Fahrkarte beim HVV oder ein Deutschlandticket kaufen:\u00a0<\/span><\/p>\n<ul>\n<li aria-level=\"1\">Es <span class=\"TextRun Highlight SCXW133957836 BCX4\" lang=\"DE-DE\" xml:lang=\"DE-DE\" data-contrast=\"none\"><span class=\"NormalTextRun SCXW133957836 BCX4\">gibt verschiedene Fahrkarten<\/span> <span class=\"NormalTextRun SCXW133957836 BCX4\">beim HVV<\/span> <span class=\"NormalTextRun SCXW133957836 BCX4\">(<\/span><span class=\"NormalTextRun SCXW133957836 BCX4\">z.B. Tages- oder Monatskarten)<\/span><\/span><span class=\"TextRun Highlight SCXW133957836 BCX4\" lang=\"DE-DE\" xml:lang=\"DE-DE\" data-contrast=\"none\"><span class=\"NormalTextRun SCXW133957836 BCX4\">.<\/span> <span class=\"NormalTextRun SCXW133957836 BCX4\">Sie k\u00f6nnen diese am Fahrkartenautomaten, in der HVV-App oder in den HVV-Servicestellen kaufen.<\/span> <\/span><span class=\"TextRun Highlight SCXW133957836 BCX4\" lang=\"DE-DE\" xml:lang=\"DE-DE\" data-contrast=\"none\"><span class=\"NormalTextRun SCXW133957836 BCX4\">All<\/span><span class=\"NormalTextRun SCXW133957836 BCX4\">e HVV-Fahrkarten berechtigen nur f\u00fcr Fahrt<\/span><span class=\"NormalTextRun SCXW133957836 BCX4\">en<\/span><span class=\"NormalTextRun SCXW133957836 BCX4\"> innerhalb <\/span><span class=\"NormalTextRun SCXW133957836 BCX4\">Hamburgs.<\/span><\/span><\/li>\n<li aria-level=\"1\"><span class=\"TextRun Highlight SCXW159920969 BCX4\" lang=\"DE-DE\" xml:lang=\"DE-DE\" data-contrast=\"none\"><span class=\"NormalTextRun SCXW159920969 BCX4\">Das Deutschlandticket<\/span><\/span> <span class=\"TextRun Highlight SCXW159920969 BCX4\" lang=\"DE-DE\" xml:lang=\"DE-DE\" data-contrast=\"none\"><span class=\"NormalTextRun SCXW159920969 BCX4\">is<\/span><span class=\"NormalTextRun SCXW159920969 BCX4\">t<\/span> <span class=\"NormalTextRun SCXW159920969 BCX4\">bundesweit g\u00fcltig<\/span><span class=\"NormalTextRun SCXW159920969 BCX4\"> f\u00fcr die 2. Klasse im Nah- und Regionalverkehr \u2013 rund um die Uhr (kein IC, EC, ICE). <\/span><span class=\"NormalTextRun SCXW159920969 BCX4\">Es kostet 58<\/span><span class=\"NormalTextRun SCXW159920969 BCX4\">\u20ac pro Monat im Abo<\/span> <span class=\"NormalTextRun SCXW159920969 BCX4\">und ist <\/span><span class=\"NormalTextRun SCXW159920969 BCX4\">als digitales Ticket in der HVV<\/span><span class=\"NormalTextRun SCXW159920969 BCX4\">&#8211;<\/span><span class=\"NormalTextRun SCXW159920969 BCX4\">App<\/span> <span class=\"NormalTextRun SCXW159920969 BCX4\">oder an einem Fahrkartenautomaten oder einer HVV<\/span><span class=\"NormalTextRun SCXW159920969 BCX4\">-S<\/span><span class=\"NormalTextRun SCXW159920969 BCX4\">ervicestelle<\/span> <span class=\"NormalTextRun SCXW159920969 BCX4\">erh\u00e4ltlich.<\/span><\/span><\/li>\n<li style=\"font-weight: 400;\" aria-level=\"1\"><span style=\"font-weight: 400;\">Wenn Sie ein Ticket f\u00fcr den ganzen Monat (Deutschlandticket oder HVV-Monatskarte) kaufen m\u00f6chten, bekommen Sie einen zus\u00e4tzlichen <\/span><b>Rabatt <\/b><b>(Sozialrabatt)<\/b><span style=\"font-weight: 400;\">. Bei dem Amt, von dem sie Leistungen erhalten <\/span><span style=\"font-weight: 400;\">(Grundsicherungsamt (Fachamt f\u00fcr Grundsicherung und Soziales<\/span><span style=\"font-weight: 400;\">), <\/span><span style=\"font-weight: 400;\">Jobcenter (Jobcenter team.arbeit.hamburg)) <span class=\"TextRun Highlight SCXW90032942 BCX4\" lang=\"DE-DE\" xml:lang=\"DE-DE\" data-contrast=\"none\"><span class=\"NormalTextRun SCXW90032942 BCX4\">oder hier <\/span><\/span><span class=\"TextRun Highlight SCXW90032942 BCX4\" lang=\"DE-DE\" xml:lang=\"DE-DE\" data-contrast=\"none\"><span class=\"NormalTextRun SCXW90032942 BCX4\">(<\/span><a href=\"https:\/\/www.hvv.de\/resource\/blob\/62712\/2b0577b75c38c46aadf24cc06c193daa\/hvv_sozialrabatt_bestellformular.pdf\"><span class=\"NormalTextRun SCXW90032942 BCX4\">https:\/\/www.hvv.de\/resource\/blob\/62712\/2b0577b75c38c46a adf24cc06c193daa\/hvv_sozialrabatt_bestellformular.pdf<\/span><\/a><span class=\"NormalTextRun SCXW90032942 BCX4\">)<\/span><\/span><\/span><span style=\"font-weight: 400;\">\u00a0erhalten Sie ein Formular. Derzeit m\u00fcssen Sie meist dort anrufen oder eine Mail schreiben, Ihre Kundennummer oder Bedarfsgemeinschaftsnummer <\/span><span style=\"font-weight: 400;\">sowie die Anzahl der Personen, die den Sozialrabatt ben\u00f6tigen, angeben und bekommen das Formular dann zugesendet. Mit diesem bekommen Sie in den HVV-Servicestellen einen Rabatt<\/span><span style=\"font-weight: 400;\">\u00a0auf Monatskarten des HVV. Weitere Informationen zum Sozialrabatt<\/span><span style=\"font-weight: 400;\">\u00a0erhalten Sie hier:<\/span> <a href=\"https:\/\/www.hamburg.de\/sozialkarte\/14947422\/sozialrabatt-hvv\/\"><span style=\"font-weight: 400;\">https:\/\/www.hamburg.de\/sozialkarte\/14947422\/sozialrabatt-hvv\/<\/span><\/a><span style=\"font-weight: 400;\">\u00a0<\/span><\/li>\n<\/ul>\n<p><span style=\"font-weight: 400;\">Sie m\u00fcssen Ihre Fahrkarte nicht entwerten. In den Bus sollten Sie vorne einsteigen und die Fahrkarte dem Busfahrer oder der Busfahrerin zeigen. In Bussen und den U- und S-Bahnen k\u00f6nnen Fahrkarten w\u00e4hrend der Fahrt kontrolliert werden. Kontrollen k\u00f6nnen auch an den U- und S-Bahnsteigen geschehen. Bewahren Sie die Fahrkarte deshalb bis nach Verlassen des Bahnhofs auf!<\/span><\/p>\n<\/div>\n<\/div>\n<\/div>\n<\/div>\n<\/div>\n<\/div>\n<\/div>\n<\/div>\n<\/div>\n<\/div>\n<\/div>\n<\/div>\n<div class=\"fusion-clearfix\"><\/div><\/div><\/div><div class=\"fusion-one-half fusion-layout-column fusion-column-last fusion-spacing-yes\" style=\"margin-top:0px;margin-bottom:0px;\"><div class=\"fusion-column-wrapper\"><p><strong>Es gibt verschiedene Fahrkarten: <\/strong><\/p>\n<ul>\n<li><span style=\"color: #02a4d5;\">Einzelkarten<\/span> gelten f\u00fcr eine Fahrt. Sie eignen sich f\u00fcr diejenigen, die die Busse und Bahnen nur selten nutzen. Wenn Sie die Einzelkarte beim Busfahrer oder der Busfahrerin kaufen, sagen Sie, an welcher Haltestelle Sie aussteigen wollen. Er oder sie verkauft Ihnen dann die passende Karte. Am Automaten geben Sie oben links die Zielhaltestelle ein.<\/li>\n<li><span style=\"color: #02a4d5;\">Wochen- und Monatskarten<\/span> k\u00f6nnen Sie bei den HVV-Servicestellen, online (<a href=\"https:\/\/www.hvv.de\/de\/tickets\/weekly-monthly-tickets\/24-7-season-tickets-site\">https:\/\/www.hvv.de\/de\/tickets\/weekly-monthly-tickets\/24-7-season-tickets-site<\/a>) oder in der HVV-App kaufen. Dazu ist ein Passbild erforderlich.<\/li>\n<li><span style=\"color: #02a4d5;\">Teilzeit-Karten<\/span> sind besonders preisg\u00fcnstige Fahrkarten. Die Teilzeit-Karten gelten NICHT von Montag bis Freitag zwischen 6 bis 9 Uhr und zwischen 16 bis 18 Uhr. Eine Teilzeit-Karte gilt f\u00fcr eine:n Erwachsene:n und bis zu drei Kinder (6 bis 14 Jahre). Die Teilzeit-Karten k\u00f6nnen Sie bei den HVV-Servicestellen oder online (<a href=\"https:\/\/www.hvv.de\/en\/onlineshop\">https:\/\/www.hvv.de\/en\/onlineshop<\/a>) kaufen.<\/li>\n<\/ul>\n<p><strong>Kinder unter 6 Jahren brauchen keine Fahrkarte.<\/strong><\/p>\n<div class=\"fusion-clearfix\"><\/div><\/div><\/div><div class=\"fusion-clearfix\"><\/div><\/div><\/div><div class=\"fusion-fullwidth fullwidth-box fusion-fullwidth-6  fusion-parallax-none nonhundred-percent-fullwidth\" style=\"border-color:#eae9e9;border-bottom-width: 0px;border-top-width: 0px;border-bottom-style: solid;border-top-style: solid;padding-bottom:20px;padding-top:20px;padding-left:;padding-right:;\"><style type=\"text\/css\" scoped=\"scoped\">.fusion-fullwidth-6 {\r\n                            padding-left: px !important;\r\n                            padding-right: px !important;\r\n                        }<\/style><div class=\"fusion-row\"><p style=\"text-align: right;\"><span style=\"color: #7f7f7f;\">Zuletzt aktualisiert: 01.08.2024<\/span><\/p>\n<\/div><\/div>\n","protected":false},"excerpt":{"rendered":"","protected":false},"author":1,"featured_media":0,"parent":0,"menu_order":0,"comment_status":"closed","ping_status":"closed","template":"100-width.php","meta":{"footnotes":""},"class_list":["post-124","page","type-page","status-publish","hentry"],"_links":{"self":[{"href":"https:\/\/we-inform.de\/portal\/wp-json\/wp\/v2\/pages\/124"}],"collection":[{"href":"https:\/\/we-inform.de\/portal\/wp-json\/wp\/v2\/pages"}],"about":[{"href":"https:\/\/we-inform.de\/portal\/wp-json\/wp\/v2\/types\/page"}],"author":[{"embeddable":true,"href":"https:\/\/we-inform.de\/portal\/wp-json\/wp\/v2\/users\/1"}],"replies":[{"embeddable":true,"href":"https:\/\/we-inform.de\/portal\/wp-json\/wp\/v2\/comments?post=124"}],"version-history":[{"count":32,"href":"https:\/\/we-inform.de\/portal\/wp-json\/wp\/v2\/pages\/124\/revisions"}],"predecessor-version":[{"id":11315,"href":"https:\/\/we-inform.de\/portal\/wp-json\/wp\/v2\/pages\/124\/revisions\/11315"}],"wp:attachment":[{"href":"https:\/\/we-inform.de\/portal\/wp-json\/wp\/v2\/media?parent=124"}],"curies":[{"name":"wp","href":"https:\/\/api.w.org\/{rel}","templated":true}]}}