{"id":1055,"date":"2016-05-04T10:52:14","date_gmt":"2016-05-04T08:52:14","guid":{"rendered":"http:\/\/we-inform.de\/portal\/?page_id=1055"},"modified":"2025-09-26T20:09:58","modified_gmt":"2025-09-26T18:09:58","slug":"welcome-to-hamburg","status":"publish","type":"page","link":"https:\/\/we-inform.de\/portal\/en\/welcome-to-hamburg\/","title":{"rendered":"Welcome to Hamburg &#8211; Wilkommen in Hamburg"},"content":{"rendered":"<div class=\"fusion-fullwidth fullwidth-box fusion-fullwidth-1  fusion-parallax-none hundred-percent-fullwidth\" style=\"border-color:#eae9e9;border-bottom-width: 0px;border-top-width: 0px;border-bottom-style: solid;border-top-style: solid;padding-bottom:200px;padding-top:200px;padding-left:;padding-right:;background-color:#02a4d5;background-position:center center;background-repeat:no-repeat;-webkit-background-size:cover;-moz-background-size:cover;-o-background-size:cover;background-size:cover;-ms-filter: &quot;progid:DXImageTransform.Microsoft.AlphaImageLoader(src=&#039;https:\/\/we-inform.de\/portal\/wp-content\/uploads\/2016\/01\/HH-1.jpg&#039;, sizingMethod=&#039;scale&#039;)&quot;;background-image: url(https:\/\/we-inform.de\/portal\/wp-content\/uploads\/2016\/01\/HH-1.jpg);\"><style type=\"text\/css\" scoped=\"scoped\">.fusion-fullwidth-1 {\r\n                            padding-left: px !important;\r\n                            padding-right: px !important;\r\n                        }<\/style><div class=\"fusion-row\"><\/div><\/div><div class=\"fusion-section-separator section-separator\" style=\"border-bottom:20px solid #02a4d5;\"><div class=\"divider-candy-arrow bottom\" style=\"top:20px;border-top-color: #02a4d5;\"><\/div><div class=\"divider-candy bottom\" style=\"bottom:-40px;border-bottom:1px solid #02a4d5;border-left:1px solid #02a4d5;\"><\/div><\/div><div class=\"fusion-fullwidth fullwidth-box fusion-fullwidth-2  fusion-parallax-none nonhundred-percent-fullwidth\" style=\"border-color:#eae9e9;border-bottom-width: 0px;border-top-width: 0px;border-bottom-style: solid;border-top-style: solid;padding-bottom:0px;padding-top:20px;padding-left:80px;padding-right:80px;\"><style type=\"text\/css\" scoped=\"scoped\">.fusion-fullwidth-2 {\r\n                            padding-left: 80px !important;\r\n                            padding-right: 80px !important;\r\n                        }<\/style><div class=\"fusion-row\"><div class=\"fusion-sep-clear\"><\/div><div class=\"fusion-separator fusion-full-width-sep sep-none\" style=\"border-color:#e0dede;margin-left: auto;margin-right: auto;margin-top:35px;\"><\/div><div class=\"fusion-one-half fusion-layout-column fusion-spacing-yes\" style=\"margin-top:0px;margin-bottom:0px;\"><div class=\"fusion-column-wrapper\"><div class=\"page\" title=\"Page 1\">\n<div class=\"section\">\n<div class=\"layoutArea\">\n<div class=\"column\">\n<h3><span style=\"color: #000000;\"><strong>With over 1.8\u00a0million inhabitants, Hamburg is the second largest city in Germany after Berlin. The city is also one of Germany\u2019s 16 federal states.<\/strong>\u00a0<\/span><\/h3>\n<\/div>\n<\/div>\n<\/div>\n<\/div>\n<div class=\"fusion-clearfix\"><\/div><\/div><\/div><div class=\"fusion-one-half fusion-layout-column fusion-column-last fusion-spacing-yes\" style=\"margin-top:0px;margin-bottom:0px;\"><div class=\"fusion-column-wrapper\"><div class=\"page\" title=\"Page 1\">\n<div class=\"section\">\n<div class=\"layoutArea\">\n<div class=\"column\">\n<h3><span style=\"color: #000000;\"><strong>Here you can find information about some of the top sights in Hamburg and about using the public transport system.<\/strong><\/span><\/h3>\n<\/div>\n<\/div>\n<\/div>\n<\/div>\n<div class=\"fusion-clearfix\"><\/div><\/div><\/div><div class=\"fusion-clearfix\"><\/div><\/div><\/div><div class=\"fusion-fullwidth fullwidth-box fusion-fullwidth-3  fusion-parallax-none nonhundred-percent-fullwidth\" style=\"border-color:#eae9e9;border-bottom-width: 0px;border-top-width: 0px;border-bottom-style: solid;border-top-style: solid;padding-bottom:20px;padding-top:20px;padding-left:80px;padding-right:80px;\"><style type=\"text\/css\" scoped=\"scoped\">.fusion-fullwidth-3 {\r\n                            padding-left: 80px !important;\r\n                            padding-right: 80px !important;\r\n                        }<\/style><div class=\"fusion-row\"><div class=\"fusion-one-full fusion-layout-column fusion-column-last fusion-spacing-yes\" style=\"margin-top:0px;margin-bottom:0px;\"><div class=\"fusion-column-wrapper\" style=\"background-color:#c6c6c6;padding:18px;\"><div class=\"fusion-column-table\"><div class=\"fusion-column-tablecell\"><div class=\"page\" title=\"Page 1\">\n<div class=\"section\">\n<div class=\"layoutArea\">\n<div class=\"column\">\n<h6><span style=\"color: #000000;\">What kind of attractions are there in Hamburg?<\/span><\/h6>\n<\/div>\n<\/div>\n<\/div>\n<\/div>\n<div class=\"fusion-clearfix\"><\/div><\/div><\/div><\/div><\/div><div class=\"fusion-clearfix\"><\/div><div class=\"fusion-sep-clear\"><\/div><div class=\"fusion-separator fusion-full-width-sep sep-none\" style=\"border-color:#e0dede;margin-left: auto;margin-right: auto;margin-top:;margin-bottom:15px;\"><\/div><div class=\"fusion-one-half fusion-layout-column fusion-spacing-yes\" style=\"margin-top:0px;margin-bottom:0px;\"><div class=\"fusion-column-wrapper\"><div class=\"page\" title=\"Page 1\">\n<div class=\"section\">\n<div class=\"layoutArea\">\n<div class=\"column\">\n<div class=\"page\" title=\"Page 1\">\n<div class=\"section\">\n<div class=\"layoutArea\">\n<div class=\"column\">\n<div class=\"page\" title=\"Page 1\">\n<div class=\"section\">\n<div class=\"layoutArea\">\n<div class=\"column\">\n<div class=\"page\" title=\"Page 1\">\n<div class=\"section\">\n<div class=\"layoutArea\">\n<div class=\"column\">\n<p>The\u00a0<span style=\"color: #02a4d5;\">Alster<\/span>\u00a0is a river in the centre of Hamburg. You can get a beautiful view of the city centre from the Lombard Bridge. There is a 7 km path running along the\u00a0Alster\u00a0for walking and cycling. In the summer, you can barbecue at marked spots along the\u00a0Alster.<\/p>\n<p>The\u00a0Jungfernstieg\u00a0(U\/S Bahn station\u00a0Jungfernstieg) is located right beside the Inner\u00a0Alster. The\u00a0<span style=\"color: #02a4d5;\">Jungfernstieg<\/span>\u00a0is an attractive and very popular shopping street. The\u00a0<span style=\"color: #02a4d5;\">Rathausmarkt<\/span> and the Hamburg Town Hall are located a short distance from the\u00a0Jungfernstieg. The Town Hall is the seat of Hamburg\u2019s government and parliament. You can visit parts of the Town Hall free of charge during the day.<\/p>\n<p>The\u00a0<span style=\"color: #02a4d5;\">Hamburger\u00a0Hafen<\/span>\u00a0(<em>Hamburg Port<\/em>) is situated at the River <span style=\"color: #02a4d5;\">Elbe<\/span> and is Germany\u2019s biggest\u00a0sea port. You can get good views of the river and the port by getting out at the U\/S Bahn station\u00a0Landungsbr\u00fccken. The HADAG port ferries depart from the\u00a0Landungsbr\u00fccke\u00a0station, you can travel on these with\u00a0a\u00a0HVV ticket.<\/p>\n<\/div>\n<\/div>\n<\/div>\n<\/div>\n<\/div>\n<\/div>\n<\/div>\n<\/div>\n<\/div>\n<\/div>\n<\/div>\n<\/div>\n<\/div>\n<\/div>\n<\/div>\n<\/div>\n<div class=\"fusion-clearfix\"><\/div><\/div><\/div><div class=\"fusion-one-half fusion-layout-column fusion-column-last fusion-spacing-yes\" style=\"margin-top:0px;margin-bottom:0px;\"><div class=\"fusion-column-wrapper\"><p>The two districts\u00a0Speicherstadt\u00a0and HafenCity are situated east of the\u00a0Landungsbr\u00fccken\u00a0(U1\u00a0Me\u00dfberg, U3\u00a0Baumwall, U4\u00a0\u00dcberseequartier).\u00a0<span style=\"color: #02a4d5;\">Speicherstadt<\/span>\u00a0is a historical warehouse district and UNESCO World Heritage Site, which is famous for its red brick architecture and its waterways between the buildings.\u00a0<span style=\"color: #02a4d5;\">HafenCity<strong>\u00a0<\/strong><\/span>is a\u00a0newly-created\u00a0district which is characterised by its modern architecture. One outstanding building is the\u00a0<span style=\"color: #02a4d5;\">Elbphilharmonie<\/span>\u00a0concert house.<\/p>\n<p>The\u00a0<span style=\"color: #02a4d5;\">Elbstrand<\/span>\u00a0is a small beach beside the port. You can get there with the number 112 bus or the 62 ferry (\u00d6velg\u00f6nne\u00a0station).<\/p>\n<p>The\u00a0U3 stops at many places to see in Hamburg (Sankt Pauli, Landungsbr\u00fccken, HafenCity, Stadtpark) and offers a small tour around the city.<\/p>\n<div class=\"fusion-clearfix\"><\/div><\/div><\/div><div class=\"fusion-clearfix\"><\/div><\/div><\/div><div class=\"fusion-fullwidth fullwidth-box fusion-fullwidth-4  fusion-parallax-none nonhundred-percent-fullwidth\" style=\"border-color:#eae9e9;border-bottom-width: 0px;border-top-width: 0px;border-bottom-style: solid;border-top-style: solid;padding-bottom:20px;padding-top:20px;padding-left:80px;padding-right:80px;\"><style type=\"text\/css\" scoped=\"scoped\">.fusion-fullwidth-4 {\r\n                            padding-left: 80px !important;\r\n                            padding-right: 80px !important;\r\n                        }<\/style><div class=\"fusion-row\"><div class=\"fusion-one-full fusion-layout-column fusion-column-last fusion-spacing-yes\" style=\"margin-top:0px;margin-bottom:0px;\"><div class=\"fusion-column-wrapper\" style=\"background-color:#c6c6c6;padding:18px;\"><div class=\"fusion-column-table\"><div class=\"fusion-column-tablecell\"><div class=\"page\" title=\"Page 1\">\n<div class=\"section\">\n<div class=\"layoutArea\">\n<div class=\"column\">\n<h6><span style=\"color: #000000;\">What is the <strong>Hamburger Verkehrsverbund (HVV)?<\/strong><\/span><\/h6>\n<\/div>\n<\/div>\n<\/div>\n<\/div>\n<div class=\"fusion-clearfix\"><\/div><\/div><\/div><\/div><\/div><div class=\"fusion-clearfix\"><\/div><div class=\"fusion-sep-clear\"><\/div><div class=\"fusion-separator fusion-full-width-sep sep-none\" style=\"border-color:#e0dede;margin-left: auto;margin-right: auto;margin-top:;margin-bottom:15px;\"><\/div><div class=\"fusion-one-half fusion-layout-column fusion-spacing-yes\" style=\"margin-top:0px;margin-bottom:0px;\"><div class=\"fusion-column-wrapper\"><div class=\"page\" title=\"Page 1\">\n<div class=\"section\">\n<div class=\"layoutArea\">\n<div class=\"column\">\n<div class=\"page\" title=\"Page 1\">\n<div class=\"section\">\n<div class=\"layoutArea\">\n<div class=\"column\">\n<div class=\"page\" title=\"Page 1\">\n<div class=\"section\">\n<div class=\"layoutArea\">\n<div class=\"column\">\n<div class=\"page\" title=\"Page 1\">\n<div class=\"section\">\n<div class=\"layoutArea\">\n<div class=\"column\">\n<p>You can get to most places in Hamburg by train or by bus. The U and S Bahn metro services run every 5-10 minutes during the week until 11 pm. On Friday and Saturday nights, the trains run throughout the night at\u00a020 minute\u00a0intervals.<\/p>\n<p>You can find more information about tickets or timetables at the\u00a0<span style=\"color: #02a4d5;\">HVV service points\u00a0<\/span>located at the following stations:<\/p>\n<ul>\n<li>Hauptbahnhof<\/li>\n<li>Jungfernstieg<\/li>\n<li>Dammtor<\/li>\n<li>Berliner Tor<\/li>\n<li>Steinstra\u00dfe<\/li>\n<li>You can find a full list of the service points here: <a href=\"https:\/\/www.hvv.de\/en\/service\/service-centres-sales-points\">https:\/\/www.hvv.de\/en\/service\/service-centres-sales-points<\/a><\/li>\n<\/ul>\n<p>You can also find more information on\u00a0<a href=\"https:\/\/www.hvv.de\/en\">www.hvv.de\/en<\/a>\u00a0or by using the free HVV app.<\/p>\n<p>Please bear in mind that the HVV network extends beyond the Hamburg metropolitan area, however you are required by law to remain within the city boundaries for as long as you\u00a0have\u00a0to live in an initial reception centre (Erstaufnahmeeinrichtung).<\/p>\n<\/div>\n<\/div>\n<\/div>\n<\/div>\n<\/div>\n<\/div>\n<\/div>\n<\/div>\n<\/div>\n<\/div>\n<\/div>\n<\/div>\n<\/div>\n<\/div>\n<\/div>\n<\/div>\n<div class=\"fusion-clearfix\"><\/div><\/div><\/div><div class=\"fusion-one-half fusion-layout-column fusion-column-last fusion-spacing-yes\" style=\"margin-top:0px;margin-bottom:0px;\"><div class=\"fusion-column-wrapper\"><p><strong>Mobility for all<\/strong><\/p>\n<p>Here you can find a map with symbols showing which of the U- and S-Bahn stations in Hamburg are fully accessible for people with a disability so that they can travel on their own and mostly without needing help from others (barrierefrei). The symbols are explained in German on the left side: <a href=\"https:\/\/www.hvv.de\/resource\/blob\/2446\/b98693006b688e14d5b64bd3eff842ce\/hvv_mfa_usar-plan_einstiegshilfen.pdf\">https:\/\/www.hvv.de\/resource\/blob\/2446\/b98693006b688e14d5b64bd3eff842ce\/hvv_mfa_usar-plan_einstiegshilfen.pdf<\/a><\/p>\n<p>Furthermore, there is live information on the functionality of the lifts at the stations: <a href=\"https:\/\/www.hvv.de\/de\/aufzuege\">https:\/\/www.hvv.de\/de\/aufzuege<\/a><\/p>\n<p>You can find further information by the HVV here (in German):\u00a0<a href=\"https:\/\/www.hvv.de\/en\/tickets\/refugees\">https:\/\/www.hvv.de\/en\/tickets\/refugees<\/a><\/p>\n<div class=\"fusion-clearfix\"><\/div><\/div><\/div><div class=\"fusion-clearfix\"><\/div><\/div><\/div><div class=\"fusion-fullwidth fullwidth-box fusion-fullwidth-5  fusion-parallax-none nonhundred-percent-fullwidth\" style=\"border-color:#eae9e9;border-bottom-width: 0px;border-top-width: 0px;border-bottom-style: solid;border-top-style: solid;padding-bottom:20px;padding-top:20px;padding-left:80px;padding-right:80px;\"><style type=\"text\/css\" scoped=\"scoped\">.fusion-fullwidth-5 {\r\n                            padding-left: 80px !important;\r\n                            padding-right: 80px !important;\r\n                        }<\/style><div class=\"fusion-row\"><div class=\"fusion-one-full fusion-layout-column fusion-column-last fusion-spacing-yes\" style=\"margin-top:0px;margin-bottom:0px;\"><div class=\"fusion-column-wrapper\" style=\"background-color:#c6c6c6;padding:18px;\"><div class=\"fusion-column-table\"><div class=\"fusion-column-tablecell\"><h6><span style=\"color: #000000;\">How do I get a ticket?<\/span><\/h6>\n<div class=\"fusion-clearfix\"><\/div><\/div><\/div><\/div><\/div><div class=\"fusion-clearfix\"><\/div><div class=\"fusion-sep-clear\"><\/div><div class=\"fusion-separator fusion-full-width-sep sep-none\" style=\"border-color:#e0dede;margin-left: auto;margin-right: auto;margin-top:;margin-bottom:15px;\"><\/div><div class=\"fusion-one-half fusion-layout-column fusion-spacing-yes\" style=\"margin-top:0px;margin-bottom:0px;\"><div class=\"fusion-column-wrapper\"><div class=\"page\" title=\"Page 1\">\n<div class=\"section\">\n<div class=\"layoutArea\">\n<div class=\"column\">\n<div class=\"page\" title=\"Page 1\">\n<div class=\"section\">\n<div class=\"layoutArea\">\n<div class=\"column\">\n<div class=\"page\" title=\"Page 1\">\n<div class=\"section\">\n<div class=\"layoutArea\">\n<div class=\"column\">\n<p>As a resident at an initial reception centre (Erstaufnahmeeinrichtung), you will also be given an\u00a0<span style=\"color: #02a4d5;\">HVV Mobility Ticket\u00a0(Mobilit\u00e4tskarte)<\/span> for all public transport in Hamburg (areas A and B). You will receive the ticket in the Ankunftszentrum (arrival centre). You can renew it at the Ausl\u00e4nderbeh\u00f6rde (foreign nationals authority) at Hammer Stra\u00dfe 30-34. The ticket costs \u20ac19 per month for adults and \u20ac9.50 per month for children aged between 6 and 17.<\/p>\n<p>The ticket must be returned as soon as you move to secondary housing (Folgeunterkunft) or receive a residence permit (Aufenthaltserlaubnis).<\/p>\n<p>You then have to buy a ticket at the HVV or a Germany Ticket (Deutschlandticket):<\/p>\n<ul>\n<li>There are various tickets available from the HVV (e.g. day or monthly tickets). You can buy tickets from a ticket machine, in the HVV app or at one of the HVV service points. All HVV tickets are only valid for journeys within Hamburg.<\/li>\n<li>The Deutschlandticket is valid nationwide for 2nd class on local and regional transport &#8211; around the clock (no IC, EC, ICE). It costs \u20ac58 per month for a subscription and is available as a digital ticket in the HVV app or at a ticket machine or HVV service centre.<\/li>\n<li>You are entitled to an additional discount (Sozialrabatt) when you buy a monthly ticket (Deutschlandticket or HHV monthly ticket). At the office where you receive your benefits (Grundsicherungsamt (Fachamt f\u00fcr Grundsicherung und Soziales, Office for needs-based pension supplement in old age and in the event of reduced earning capacity and for social affairs), Jobcenter (Jobcenter team.arbeit.hamburg, job centre)) or here (https:\/\/www.hvv.de\/resource\/blob\/62712\/2b0577b75c38c46aadf24cc06c193daa\/hvv_sozialrabatt_bestellformular.pdf) you can get a form. At the moment, it is likely that you have to call the office or send them an email stating your reference number (Kundennummer or Bedarfgemeinschaftsnummer) and the number of persons that need the discount. Then the form will be sent to you. With this form you get the discount (Sozialrabatt) when you buy a monthly ticket at a HVV service point. Further information on the discount (Sozialrabatt): \u00a0<a href=\"https:\/\/www.hamburg.de\/sozialkarte\/14947422\/sozialrabatt-hvv\/\">https:\/\/www.hamburg.de\/sozialkarte\/14947422\/sozialrabatt-hvv\/<\/a><\/li>\n<\/ul>\n<p>You do not need to validate your ticket. When travelling by bus you should enter at the front of the bus and show the bus driver your ticket. Ticket inspectors may check your ticket on\u00a0the bus\u00a0and U or S Bahn.\u00a0They may also check it on U- and S-Bahn platforms. For this reason, you should always keep your ticket until after you have left the station!<\/p>\n<\/div>\n<\/div>\n<\/div>\n<\/div>\n<\/div>\n<\/div>\n<\/div>\n<\/div>\n<\/div>\n<\/div>\n<\/div>\n<\/div>\n<div class=\"fusion-clearfix\"><\/div><\/div><\/div><div class=\"fusion-one-half fusion-layout-column fusion-column-last fusion-spacing-yes\" style=\"margin-top:0px;margin-bottom:0px;\"><div class=\"fusion-column-wrapper\"><p><strong>There are different types of ticket:\u00a0<\/strong><\/p>\n<ul>\n<li><span style=\"color: #02a4d5;\">Single tickets (Einzelkarten)<\/span> are valid for one journey and are suitable for people who do not use the buses very often. If you buy your single ticket from the bus driver, you should tell them which stop you are travelling to. The bus driver will then sell you the right ticket. If you use a machine, you can click on the upper left section to enter your destination stop.<\/li>\n<li>You can buy <span style=\"color: #02a4d5;\">weekly and monthly tickets (Wochenkarten and Monatskarten)<\/span> at HVV service points, online\u00a0(<a href=\"https:\/\/www.hvv.de\/en\/tickets\/weekly-monthly-tickets\/24-7-season-tickets-site\">https:\/\/www.hvv.de\/en\/tickets\/weekly-monthly-tickets\/24-7-season-tickets-site<\/a>)\u00a0or\u00a0via the HVV-App. A passport photo is required.<\/li>\n<li><span style=\"color: #02a4d5;\">Off-peak season tickets (Teilzeit-Karten)<\/span> are tickets at special rates. The off-peak season tickets (Teilzeit-Karten) are NOT valid for travel Mondays to Fridays from 6am \u2013 9am and 4pm \u2013 6pm. An off-peak season ticket\u00a0(Teilzeit-Karte)\u00a0may be used by one adult and up to three children (aged 6 to 14). You can buy off-peak season tickets\u00a0(Teilzeit-Karten)\u00a0at HVV service points\u00a0or online\u00a0(<a href=\"https:\/\/www.hvv.de\/en\/tickets\/weekly-monthly-tickets\/off-peak-season-ticket\">https:\/\/www.hvv.de\/en\/tickets\/weekly-monthly-tickets\/off-peak-season-ticket<\/a>).<\/li>\n<\/ul>\n<p><strong>Children under the age of 6 do not need a ticket to use public transport.\u00a0<\/strong><\/p>\n<p><span style=\"font-size: revert; color: initial;\"><\/p>\n<div class=\"fusion-clearfix\"><\/div><\/div><\/div><div class=\"fusion-clearfix\"><\/div><\/div><\/div><div class=\"fusion-fullwidth fullwidth-box fusion-fullwidth-6  fusion-parallax-none nonhundred-percent-fullwidth\" style=\"border-color:#eae9e9;border-bottom-width: 0px;border-top-width: 0px;border-bottom-style: solid;border-top-style: solid;padding-bottom:20px;padding-top:20px;padding-left:;padding-right:;\"><style type=\"text\/css\" scoped=\"scoped\">.fusion-fullwidth-6 {\r\n                            padding-left: px !important;\r\n                            padding-right: px !important;\r\n                        }<\/style><div class=\"fusion-row\"><p><\/span><\/p>\n<p style=\"text-align: right;\"><span style=\"color: #7f7f7f;\">Last Updated: 12\/01\/2022<\/span><\/p>\n<\/div><\/div>\n","protected":false},"excerpt":{"rendered":"","protected":false},"author":3,"featured_media":0,"parent":0,"menu_order":0,"comment_status":"closed","ping_status":"closed","template":"100-width.php","meta":{"footnotes":""},"class_list":["post-1055","page","type-page","status-publish","hentry"],"_links":{"self":[{"href":"https:\/\/we-inform.de\/portal\/wp-json\/wp\/v2\/pages\/1055"}],"collection":[{"href":"https:\/\/we-inform.de\/portal\/wp-json\/wp\/v2\/pages"}],"about":[{"href":"https:\/\/we-inform.de\/portal\/wp-json\/wp\/v2\/types\/page"}],"author":[{"embeddable":true,"href":"https:\/\/we-inform.de\/portal\/wp-json\/wp\/v2\/users\/3"}],"replies":[{"embeddable":true,"href":"https:\/\/we-inform.de\/portal\/wp-json\/wp\/v2\/comments?post=1055"}],"version-history":[{"count":40,"href":"https:\/\/we-inform.de\/portal\/wp-json\/wp\/v2\/pages\/1055\/revisions"}],"predecessor-version":[{"id":11314,"href":"https:\/\/we-inform.de\/portal\/wp-json\/wp\/v2\/pages\/1055\/revisions\/11314"}],"wp:attachment":[{"href":"https:\/\/we-inform.de\/portal\/wp-json\/wp\/v2\/media?parent=1055"}],"curies":[{"name":"wp","href":"https:\/\/api.w.org\/{rel}","templated":true}]}}